{"id":16,"date":"2021-04-09T09:15:57","date_gmt":"2021-04-09T09:15:57","guid":{"rendered":"https:\/\/vqserveis.esuite.cat\/?page_id=16"},"modified":"2022-02-25T11:07:35","modified_gmt":"2022-02-25T11:07:35","slug":"vq-serveis","status":"publish","type":"page","link":"https:\/\/vqserveis.com\/ca\/vq-serveis\/","title":{"rendered":"VQ Serveis"},"content":{"rendered":"\t\t<div data-elementor-type=\"wp-page\" data-elementor-id=\"16\" class=\"elementor elementor-16\">\n\t\t\t\t\t\t\t\t\t<section class=\"elementor-section elementor-top-section elementor-element elementor-element-5f921b1 elementor-section-boxed elementor-section-height-default elementor-section-height-default\" data-id=\"5f921b1\" data-element_type=\"section\" data-settings=\"{&quot;background_background&quot;:&quot;classic&quot;}\">\n\t\t\t\t\t\t\t<div class=\"elementor-background-overlay\"><\/div>\n\t\t\t\t\t\t\t<div class=\"elementor-container elementor-column-gap-default\">\n\t\t\t\t\t<div class=\"elementor-column elementor-col-100 elementor-top-column elementor-element elementor-element-7d9f4b46\" data-id=\"7d9f4b46\" data-element_type=\"column\">\n\t\t\t<div class=\"elementor-widget-wrap elementor-element-populated\">\n\t\t\t\t\t\t\t\t<div class=\"elementor-element elementor-element-2393ff3 elementor-widget elementor-widget-heading\" data-id=\"2393ff3\" data-element_type=\"widget\" data-widget_type=\"heading.default\">\n\t\t\t\t<div class=\"elementor-widget-container\">\n\t\t\t<h1 class=\"elementor-heading-title elementor-size-default\">Som VQ Serveis, <br><b>experts en solucions<\/b><\/h1>\t\t<\/div>\n\t\t\t\t<\/div>\n\t\t\t\t\t<\/div>\n\t\t<\/div>\n\t\t\t\t\t\t\t<\/div>\n\t\t<\/section>\n\t\t\t\t<section class=\"elementor-section elementor-top-section elementor-element elementor-element-16b077a elementor-section-boxed elementor-section-height-default elementor-section-height-default\" data-id=\"16b077a\" data-element_type=\"section\">\n\t\t\t\t\t\t<div class=\"elementor-container elementor-column-gap-default\">\n\t\t\t\t\t<div class=\"elementor-column elementor-col-100 elementor-top-column elementor-element elementor-element-1a16120f\" data-id=\"1a16120f\" data-element_type=\"column\">\n\t\t\t<div class=\"elementor-widget-wrap elementor-element-populated\">\n\t\t\t\t\t\t\t\t<div class=\"elementor-element elementor-element-7dc09ad2 elementor-widget elementor-widget-heading\" data-id=\"7dc09ad2\" data-element_type=\"widget\" data-widget_type=\"heading.default\">\n\t\t\t\t<div class=\"elementor-widget-container\">\n\t\t\t<h2 class=\"elementor-heading-title elementor-size-default\">TREBALLEM PER SEGUIR OFERINT ALS NOSTRES CLIENTS UN CAT\u00c0LEG DE SERVEIS SEMPRE CAPA\u00c7 DE SATISFER LES NOVES NECESSITATS<\/h2>\t\t<\/div>\n\t\t\t\t<\/div>\n\t\t\t\t<div class=\"elementor-element elementor-element-c56a6f elementor-widget elementor-widget-text-editor\" data-id=\"c56a6f\" data-element_type=\"widget\" data-widget_type=\"text-editor.default\">\n\t\t\t\t<div class=\"elementor-widget-container\">\n\t\t\t\t\t\t\t<p><strong>VQ Serveis<\/strong> (Vintage Quality S.L.) \u00e9s una empresa de serveis especialitzada en <strong>neteja, jardineria, obra menor, pintura, manteniment industrial i outsorcing<\/strong>.<\/p><p>A finals del 2016, el Joan Sol\u00e9 i Pareta i el Pere-Oleguer Ros i Farr\u00e9 van fundar <strong>VQ Serveis<\/strong>, un projecte dotat d\u2019una forta vocaci\u00f3 de millora i d\u2019evoluci\u00f3 constant i amb l\u2019objectiu de treballar per tenir sempre la capacitat d\u2019adaptar-se a les noves demandes i necessitats dels clients.<\/p><p>Actualment, comptem amb un <strong>equip hum\u00e0 de m\u00e9s de 150 persones<\/strong> i amb un volum superior a les <strong>15000 hores mensuals de serveis<\/strong> als nostres clients d\u2019arreu de Catalunya i tamb\u00e9 de l\u2019Arag\u00f3, tant del sector p\u00fablic com del sector privat.<\/p><p><strong>EQUIP HUM\u00c0<\/strong><\/p><p>Experts netejadors, vidriers, jardiners&#8230;<\/p><p><strong>Les persones que formen part de l\u2019equip de VQ Serveis s\u00f3n el nostre millor actiu;<\/strong> comptem amb treballadors <strong>especialitzats, motivats, en constant formaci\u00f3 <\/strong>i amb la capacitat d\u2019executar amb solv\u00e8ncia les tasques encomanades, fet que <strong>ens permet garantir la qualitat dels nostres serveis i la satisfacci\u00f3 del client<\/strong>.<\/p><p><strong>EQUIP DIRECTIU I ADMINISTRACI\u00d3<\/strong><\/p><p><strong>Din\u00e0mic i proactiu<\/strong>, amb vocaci\u00f3 de servei i amb la ferma convicci\u00f3 que la clau de l\u2019\u00e8xit \u00e9s el <strong>tracte hum\u00e0 i proper<\/strong> tant amb els clients com amb tota la plantilla.<\/p><p><strong>SOLUCIONS INNOVADORES<\/strong><\/p><p>Treballem per seguir modernitzant els processos, per millorar els nostres protocols i per con\u00e8ixer i seleccionar nous productes i maquin\u00e0ria d\u2019\u00faltima generaci\u00f3.<\/p><p><br \/>Aquesta filosofia ens fa cada dia m\u00e9s eficients i productius i, alhora, ens capacita per realitzar tasques complexes o de precisi\u00f3 com el <strong>manteniment industrial de b\u00e9ns d\u2019equip d\u2019\u00faltima tecnologia, la desinfecci\u00f3 de resid\u00e8ncies de la tercera edat, la neteja de talles policromades<\/strong>, etc. i, alhora, per dur a terme actuacions de gran abast com la <strong>poda d\u2019arbrats p\u00fablics, la neteja de grans superf\u00edcies (poliesportius, naus industrials, etc.), l\u2019aplicaci\u00f3 de pintura epoxi en terres industrials i tallers<\/strong>, etc.<\/p><p><br \/>Aquests coneixements tamb\u00e9 ens permeten treballar en sectors amb protocols <strong>molt estrictes<\/strong>: laboratoris de salut animal, cl\u00edniques, llars d\u2019infants, equipaments esportius, plantes de tractament d\u2019aigua i de residus, ind\u00fastria agroaliment\u00e0ria, patrimoni monumental, etc.<\/p><p><br \/>A VQ Serveis som resolutius, per aix\u00f2 ens comprometem a lliurar-li un pressupost adaptat a les seves necessitats, gratu\u00eft i sense comprom\u00eds, en<strong> menys de 48 hores<\/strong>. <\/p>\t\t\t\t\t\t<\/div>\n\t\t\t\t<\/div>\n\t\t\t\t<section class=\"elementor-section elementor-inner-section elementor-element elementor-element-3bd4b81 elementor-section-boxed elementor-section-height-default elementor-section-height-default\" data-id=\"3bd4b81\" data-element_type=\"section\">\n\t\t\t\t\t\t<div class=\"elementor-container elementor-column-gap-default\">\n\t\t\t\t\t<div class=\"elementor-column elementor-col-100 elementor-inner-column elementor-element elementor-element-82978cc\" data-id=\"82978cc\" data-element_type=\"column\">\n\t\t\t<div class=\"elementor-widget-wrap elementor-element-populated\">\n\t\t\t\t\t\t\t\t<div class=\"elementor-element elementor-element-5fbaa2d elementor-widget elementor-widget-heading\" data-id=\"5fbaa2d\" data-element_type=\"widget\" data-widget_type=\"heading.default\">\n\t\t\t\t<div class=\"elementor-widget-container\">\n\t\t\t<h2 class=\"elementor-heading-title elementor-size-default\"><b>VQ Control<\/b>, App per visualitzar les tasques de neteja realitzades i el control horari<\/h2>\t\t<\/div>\n\t\t\t\t<\/div>\n\t\t\t\t\t<\/div>\n\t\t<\/div>\n\t\t\t\t\t\t\t<\/div>\n\t\t<\/section>\n\t\t\t\t<section class=\"elementor-section elementor-inner-section elementor-element elementor-element-a274d04 elementor-section-boxed elementor-section-height-default elementor-section-height-default\" data-id=\"a274d04\" data-element_type=\"section\">\n\t\t\t\t\t\t<div class=\"elementor-container elementor-column-gap-default\">\n\t\t\t\t\t<div class=\"elementor-column elementor-col-50 elementor-inner-column elementor-element elementor-element-d1b7bb4\" data-id=\"d1b7bb4\" data-element_type=\"column\">\n\t\t\t<div class=\"elementor-widget-wrap elementor-element-populated\">\n\t\t\t\t\t\t\t\t<div class=\"elementor-element elementor-element-1bd3645 elementor-widget elementor-widget-text-editor\" data-id=\"1bd3645\" data-element_type=\"widget\" data-widget_type=\"text-editor.default\">\n\t\t\t\t<div class=\"elementor-widget-container\">\n\t\t\t\t\t\t\t<p>Mitjan\u00e7ant la nostra pr\u00f2pia aplicaci\u00f3 inform\u00e0tica, <strong><span class=\"hiddenSpellError\">VQ<\/span> CONTROL<\/strong> \u00a9, registrem els <strong>fitxatges horaris geolocalitzats<\/strong> de tota la plantilla.<\/p><p>Els registres horaris, els <span class=\"hiddenSpellError\">checklists<\/span>, les fitxes de seguretat, les incid\u00e8ncies i les enquestes de qualitat estan a <strong>disposici\u00f3 del client<\/strong> a trav\u00e9s de l&#8217;\u00e0rea privada de la nostra web.<br \/><br \/>Des de l&#8217;\u00e0rea d&#8217;usuari, el responsable pot comprovar al moment les <strong>tasques <span class=\"hiddenGreenError\">realitzades<\/span> di\u00e0riament<\/strong> per les persones adscrites, l&#8217;hist\u00f2ric dels fitxatges i tamb\u00e9 la programaci\u00f3 i execuci\u00f3 de les tasques dels nostres equips d&#8217;especialistes.<\/p>\t\t\t\t\t\t<\/div>\n\t\t\t\t<\/div>\n\t\t\t\t\t<\/div>\n\t\t<\/div>\n\t\t\t\t<div class=\"elementor-column elementor-col-50 elementor-inner-column elementor-element elementor-element-cdecb05\" data-id=\"cdecb05\" data-element_type=\"column\">\n\t\t\t<div class=\"elementor-widget-wrap elementor-element-populated\">\n\t\t\t\t\t\t\t\t<div class=\"elementor-element elementor-element-eea9fde elementor-widget elementor-widget-image\" data-id=\"eea9fde\" data-element_type=\"widget\" data-widget_type=\"image.default\">\n\t\t\t\t<div class=\"elementor-widget-container\">\n\t\t\t\t\t\t\t\t\t\t\t\t\t\t\t<img loading=\"lazy\" decoding=\"async\" width=\"782\" height=\"1024\" src=\"https:\/\/vqserveis.com\/wp-content\/uploads\/2021\/06\/app-vqcontrol-1-782x1024.jpg\" class=\"attachment-large size-large wp-image-1446\" alt=\"\" srcset=\"https:\/\/vqserveis.com\/wp-content\/uploads\/2021\/06\/app-vqcontrol-1-782x1024.jpg 782w, https:\/\/vqserveis.com\/wp-content\/uploads\/2021\/06\/app-vqcontrol-1-229x300.jpg 229w, https:\/\/vqserveis.com\/wp-content\/uploads\/2021\/06\/app-vqcontrol-1-768x1006.jpg 768w, https:\/\/vqserveis.com\/wp-content\/uploads\/2021\/06\/app-vqcontrol-1.jpg 800w\" sizes=\"auto, (max-width: 782px) 100vw, 782px\" \/>\t\t\t\t\t\t\t\t\t\t\t\t\t\t\t<\/div>\n\t\t\t\t<\/div>\n\t\t\t\t\t<\/div>\n\t\t<\/div>\n\t\t\t\t\t\t\t<\/div>\n\t\t<\/section>\n\t\t\t\t\t<\/div>\n\t\t<\/div>\n\t\t\t\t\t\t\t<\/div>\n\t\t<\/section>\n\t\t\t\t<section class=\"elementor-section elementor-top-section elementor-element elementor-element-76f38eca elementor-section-full_width elementor-section-height-min-height elementor-section-items-stretch elementor-section-height-default\" data-id=\"76f38eca\" data-element_type=\"section\">\n\t\t\t\t\t\t<div class=\"elementor-container elementor-column-gap-default\">\n\t\t\t\t\t<div class=\"elementor-column elementor-col-100 elementor-top-column elementor-element elementor-element-2b5ccfcc\" data-id=\"2b5ccfcc\" data-element_type=\"column\" data-settings=\"{&quot;background_background&quot;:&quot;classic&quot;}\">\n\t\t\t<div class=\"elementor-widget-wrap elementor-element-populated\">\n\t\t\t\t\t\t\t\t<section class=\"elementor-section elementor-inner-section elementor-element elementor-element-6672c276 elementor-section-full_width elementor-reverse-tablet elementor-reverse-mobile elementor-section-height-default elementor-section-height-default\" data-id=\"6672c276\" data-element_type=\"section\">\n\t\t\t\t\t\t<div class=\"elementor-container elementor-column-gap-default\">\n\t\t\t\t\t<div class=\"elementor-column elementor-col-50 elementor-inner-column elementor-element elementor-element-31be14c6\" data-id=\"31be14c6\" data-element_type=\"column\">\n\t\t\t<div class=\"elementor-widget-wrap elementor-element-populated\">\n\t\t\t\t\t\t\t\t<div class=\"elementor-element elementor-element-5d0af722 elementor-widget elementor-widget-image\" data-id=\"5d0af722\" data-element_type=\"widget\" data-widget_type=\"image.default\">\n\t\t\t\t<div class=\"elementor-widget-container\">\n\t\t\t\t\t\t\t\t\t\t\t\t\t\t\t<img loading=\"lazy\" decoding=\"async\" width=\"1200\" height=\"1676\" src=\"https:\/\/vqserveis.com\/wp-content\/uploads\/2021\/06\/limpieza-cristales-2.png\" class=\"attachment-full size-full wp-image-1157\" alt=\"\" srcset=\"https:\/\/vqserveis.com\/wp-content\/uploads\/2021\/06\/limpieza-cristales-2.png 1200w, https:\/\/vqserveis.com\/wp-content\/uploads\/2021\/06\/limpieza-cristales-2-215x300.png 215w, https:\/\/vqserveis.com\/wp-content\/uploads\/2021\/06\/limpieza-cristales-2-733x1024.png 733w, https:\/\/vqserveis.com\/wp-content\/uploads\/2021\/06\/limpieza-cristales-2-768x1073.png 768w, https:\/\/vqserveis.com\/wp-content\/uploads\/2021\/06\/limpieza-cristales-2-1100x1536.png 1100w\" sizes=\"auto, (max-width: 1200px) 100vw, 1200px\" \/>\t\t\t\t\t\t\t\t\t\t\t\t\t\t\t<\/div>\n\t\t\t\t<\/div>\n\t\t\t\t\t<\/div>\n\t\t<\/div>\n\t\t\t\t<div class=\"elementor-column elementor-col-50 elementor-inner-column elementor-element elementor-element-707a5315\" data-id=\"707a5315\" data-element_type=\"column\">\n\t\t\t<div class=\"elementor-widget-wrap elementor-element-populated\">\n\t\t\t\t\t\t\t\t<div class=\"elementor-element elementor-element-7927d3f5 elementor-widget elementor-widget-heading\" data-id=\"7927d3f5\" data-element_type=\"widget\" data-widget_type=\"heading.default\">\n\t\t\t\t<div class=\"elementor-widget-container\">\n\t\t\t<h2 class=\"elementor-heading-title elementor-size-default\">la nostra missi\u00f3 \u00e9s <b> mantenir-ho tot net i a punt per a la teva felicitat.<\/b><\/h2>\t\t<\/div>\n\t\t\t\t<\/div>\n\t\t\t\t\t<\/div>\n\t\t<\/div>\n\t\t\t\t\t\t\t<\/div>\n\t\t<\/section>\n\t\t\t\t\t<\/div>\n\t\t<\/div>\n\t\t\t\t\t\t\t<\/div>\n\t\t<\/section>\n\t\t\t\t\t\t\t<\/div>\n\t\t","protected":false},"excerpt":{"rendered":"<p>Som VQ Serveis, experts en solucions TREBALLEM PER SEGUIR OFERINT ALS NOSTRES CLIENTS UN CAT\u00c0LEG DE SERVEIS SEMPRE CAPA\u00c7 DE SATISFER LES NOVES NECESSITATS VQ Serveis (Vintage Quality S.L.) \u00e9s una empresa de serveis especialitzada en neteja, jardineria, obra menor, pintura, manteniment industrial i outsorcing. A finals del 2016, el Joan Sol\u00e9 i Pareta i [&hellip;]<\/p>\n","protected":false},"author":1,"featured_media":0,"parent":0,"menu_order":0,"comment_status":"closed","ping_status":"closed","template":"elementor_header_footer","meta":{"footnotes":""},"class_list":["post-16","page","type-page","status-publish","hentry"],"yoast_head":"<!-- This site is optimized with the Yoast SEO plugin v21.1 - https:\/\/yoast.com\/wordpress\/plugins\/seo\/ -->\n<title>VQ Serveis - Experts en neteja<\/title>\n<meta name=\"description\" content=\"VQ Serveis amb m\u00e9s de 20 anys de traject\u00f2ria, ens hem reinventat per poder oferir els millors serveis i cobrir les teves necessitats.\" \/>\n<meta name=\"robots\" content=\"index, follow, max-snippet:-1, max-image-preview:large, max-video-preview:-1\" \/>\n<link rel=\"canonical\" href=\"https:\/\/vqserveis.com\/ca\/vq-serveis\/\" \/>\n<meta property=\"og:locale\" content=\"ca_ES\" \/>\n<meta property=\"og:type\" content=\"article\" \/>\n<meta property=\"og:title\" content=\"VQ Serveis - Experts en neteja\" \/>\n<meta property=\"og:description\" content=\"VQ Serveis amb m\u00e9s de 20 anys de traject\u00f2ria, ens hem reinventat per poder oferir els millors serveis i cobrir les teves necessitats.\" \/>\n<meta property=\"og:url\" content=\"https:\/\/vqserveis.com\/ca\/vq-serveis\/\" \/>\n<meta property=\"og:site_name\" content=\"VQ Serveis\" \/>\n<meta property=\"article:modified_time\" content=\"2022-02-25T11:07:35+00:00\" \/>\n<meta property=\"og:image\" content=\"https:\/\/vqserveis.com\/wp-content\/uploads\/2021\/06\/app-vqcontrol-1-782x1024.jpg\" \/>\n<meta name=\"twitter:card\" content=\"summary_large_image\" \/>\n<meta name=\"twitter:label1\" content=\"Temps estimat de lectura\" \/>\n\t<meta name=\"twitter:data1\" content=\"4 minuts\" \/>\n<script type=\"application\/ld+json\" class=\"yoast-schema-graph\">{\"@context\":\"https:\/\/schema.org\",\"@graph\":[{\"@type\":\"WebPage\",\"@id\":\"https:\/\/vqserveis.com\/ca\/vq-serveis\/\",\"url\":\"https:\/\/vqserveis.com\/ca\/vq-serveis\/\",\"name\":\"VQ Serveis - Experts en neteja\",\"isPartOf\":{\"@id\":\"https:\/\/vqserveis.com\/ca\/#website\"},\"datePublished\":\"2021-04-09T09:15:57+00:00\",\"dateModified\":\"2022-02-25T11:07:35+00:00\",\"description\":\"VQ Serveis amb m\u00e9s de 20 anys de traject\u00f2ria, ens hem reinventat per poder oferir els millors serveis i cobrir les teves necessitats.\",\"breadcrumb\":{\"@id\":\"https:\/\/vqserveis.com\/ca\/vq-serveis\/#breadcrumb\"},\"inLanguage\":\"ca\",\"potentialAction\":[{\"@type\":\"ReadAction\",\"target\":[\"https:\/\/vqserveis.com\/ca\/vq-serveis\/\"]}]},{\"@type\":\"BreadcrumbList\",\"@id\":\"https:\/\/vqserveis.com\/ca\/vq-serveis\/#breadcrumb\",\"itemListElement\":[{\"@type\":\"ListItem\",\"position\":1,\"name\":\"Inici\",\"item\":\"https:\/\/vqserveis.com\/ca\/\"},{\"@type\":\"ListItem\",\"position\":2,\"name\":\"VQ Serveis\"}]},{\"@type\":\"WebSite\",\"@id\":\"https:\/\/vqserveis.com\/ca\/#website\",\"url\":\"https:\/\/vqserveis.com\/ca\/\",\"name\":\"VQ Serveis\",\"description\":\"\",\"publisher\":{\"@id\":\"https:\/\/vqserveis.com\/ca\/#organization\"},\"potentialAction\":[{\"@type\":\"SearchAction\",\"target\":{\"@type\":\"EntryPoint\",\"urlTemplate\":\"https:\/\/vqserveis.com\/ca\/?s={search_term_string}\"},\"query-input\":\"required name=search_term_string\"}],\"inLanguage\":\"ca\"},{\"@type\":\"Organization\",\"@id\":\"https:\/\/vqserveis.com\/ca\/#organization\",\"name\":\"VQ Serveis\",\"url\":\"https:\/\/vqserveis.com\/ca\/\",\"logo\":{\"@type\":\"ImageObject\",\"inLanguage\":\"ca\",\"@id\":\"https:\/\/vqserveis.com\/ca\/#\/schema\/logo\/image\/\",\"url\":\"https:\/\/vqserveis.com\/wp-content\/uploads\/2021\/06\/cropped-vq_brillo.gif\",\"contentUrl\":\"https:\/\/vqserveis.com\/wp-content\/uploads\/2021\/06\/cropped-vq_brillo.gif\",\"width\":780,\"height\":360,\"caption\":\"VQ Serveis\"},\"image\":{\"@id\":\"https:\/\/vqserveis.com\/ca\/#\/schema\/logo\/image\/\"}}]}<\/script>\n<!-- \/ Yoast SEO plugin. -->","yoast_head_json":{"title":"VQ Serveis - Experts en neteja","description":"VQ Serveis amb m\u00e9s de 20 anys de traject\u00f2ria, ens hem reinventat per poder oferir els millors serveis i cobrir les teves necessitats.","robots":{"index":"index","follow":"follow","max-snippet":"max-snippet:-1","max-image-preview":"max-image-preview:large","max-video-preview":"max-video-preview:-1"},"canonical":"https:\/\/vqserveis.com\/ca\/vq-serveis\/","og_locale":"ca_ES","og_type":"article","og_title":"VQ Serveis - Experts en neteja","og_description":"VQ Serveis amb m\u00e9s de 20 anys de traject\u00f2ria, ens hem reinventat per poder oferir els millors serveis i cobrir les teves necessitats.","og_url":"https:\/\/vqserveis.com\/ca\/vq-serveis\/","og_site_name":"VQ Serveis","article_modified_time":"2022-02-25T11:07:35+00:00","og_image":[{"url":"https:\/\/vqserveis.com\/wp-content\/uploads\/2021\/06\/app-vqcontrol-1-782x1024.jpg"}],"twitter_card":"summary_large_image","twitter_misc":{"Temps estimat de lectura":"4 minuts"},"schema":{"@context":"https:\/\/schema.org","@graph":[{"@type":"WebPage","@id":"https:\/\/vqserveis.com\/ca\/vq-serveis\/","url":"https:\/\/vqserveis.com\/ca\/vq-serveis\/","name":"VQ Serveis - Experts en neteja","isPartOf":{"@id":"https:\/\/vqserveis.com\/ca\/#website"},"datePublished":"2021-04-09T09:15:57+00:00","dateModified":"2022-02-25T11:07:35+00:00","description":"VQ Serveis amb m\u00e9s de 20 anys de traject\u00f2ria, ens hem reinventat per poder oferir els millors serveis i cobrir les teves necessitats.","breadcrumb":{"@id":"https:\/\/vqserveis.com\/ca\/vq-serveis\/#breadcrumb"},"inLanguage":"ca","potentialAction":[{"@type":"ReadAction","target":["https:\/\/vqserveis.com\/ca\/vq-serveis\/"]}]},{"@type":"BreadcrumbList","@id":"https:\/\/vqserveis.com\/ca\/vq-serveis\/#breadcrumb","itemListElement":[{"@type":"ListItem","position":1,"name":"Inici","item":"https:\/\/vqserveis.com\/ca\/"},{"@type":"ListItem","position":2,"name":"VQ Serveis"}]},{"@type":"WebSite","@id":"https:\/\/vqserveis.com\/ca\/#website","url":"https:\/\/vqserveis.com\/ca\/","name":"VQ Serveis","description":"","publisher":{"@id":"https:\/\/vqserveis.com\/ca\/#organization"},"potentialAction":[{"@type":"SearchAction","target":{"@type":"EntryPoint","urlTemplate":"https:\/\/vqserveis.com\/ca\/?s={search_term_string}"},"query-input":"required name=search_term_string"}],"inLanguage":"ca"},{"@type":"Organization","@id":"https:\/\/vqserveis.com\/ca\/#organization","name":"VQ Serveis","url":"https:\/\/vqserveis.com\/ca\/","logo":{"@type":"ImageObject","inLanguage":"ca","@id":"https:\/\/vqserveis.com\/ca\/#\/schema\/logo\/image\/","url":"https:\/\/vqserveis.com\/wp-content\/uploads\/2021\/06\/cropped-vq_brillo.gif","contentUrl":"https:\/\/vqserveis.com\/wp-content\/uploads\/2021\/06\/cropped-vq_brillo.gif","width":780,"height":360,"caption":"VQ Serveis"},"image":{"@id":"https:\/\/vqserveis.com\/ca\/#\/schema\/logo\/image\/"}}]}},"_links":{"self":[{"href":"https:\/\/vqserveis.com\/ca\/wp-json\/wp\/v2\/pages\/16","targetHints":{"allow":["GET"]}}],"collection":[{"href":"https:\/\/vqserveis.com\/ca\/wp-json\/wp\/v2\/pages"}],"about":[{"href":"https:\/\/vqserveis.com\/ca\/wp-json\/wp\/v2\/types\/page"}],"author":[{"embeddable":true,"href":"https:\/\/vqserveis.com\/ca\/wp-json\/wp\/v2\/users\/1"}],"replies":[{"embeddable":true,"href":"https:\/\/vqserveis.com\/ca\/wp-json\/wp\/v2\/comments?post=16"}],"version-history":[{"count":115,"href":"https:\/\/vqserveis.com\/ca\/wp-json\/wp\/v2\/pages\/16\/revisions"}],"predecessor-version":[{"id":2194,"href":"https:\/\/vqserveis.com\/ca\/wp-json\/wp\/v2\/pages\/16\/revisions\/2194"}],"wp:attachment":[{"href":"https:\/\/vqserveis.com\/ca\/wp-json\/wp\/v2\/media?parent=16"}],"curies":[{"name":"wp","href":"https:\/\/api.w.org\/{rel}","templated":true}]}}