{"id":3,"date":"2021-04-08T15:00:13","date_gmt":"2021-04-08T15:00:13","guid":{"rendered":"https:\/\/vqserveis.esuite.cat\/?page_id=3"},"modified":"2021-06-28T13:01:55","modified_gmt":"2021-06-28T13:01:55","slug":"politica-privacidad","status":"publish","type":"page","link":"https:\/\/vqserveis.com\/ca\/politica-privacidad\/","title":{"rendered":"Pol\u00edtica de privacidad"},"content":{"rendered":"\t\t<div data-elementor-type=\"wp-page\" data-elementor-id=\"3\" class=\"elementor elementor-3\">\n\t\t\t\t\t\t\t\t\t<section class=\"elementor-section elementor-top-section elementor-element elementor-element-7172b570 elementor-section-full_width elementor-section-height-default elementor-section-height-default\" data-id=\"7172b570\" data-element_type=\"section\" data-settings=\"{&quot;background_background&quot;:&quot;classic&quot;}\">\n\t\t\t\t\t\t\t<div class=\"elementor-background-overlay\"><\/div>\n\t\t\t\t\t\t\t<div class=\"elementor-container elementor-column-gap-default\">\n\t\t\t\t\t<div class=\"elementor-column elementor-col-100 elementor-top-column elementor-element elementor-element-7eb68e1e\" data-id=\"7eb68e1e\" data-element_type=\"column\">\n\t\t\t<div class=\"elementor-widget-wrap elementor-element-populated\">\n\t\t\t\t\t\t\t\t<div class=\"elementor-element elementor-element-77f5a591 elementor-widget elementor-widget-heading\" data-id=\"77f5a591\" data-element_type=\"widget\" data-widget_type=\"heading.default\">\n\t\t\t\t<div class=\"elementor-widget-container\">\n\t\t\t<h1 class=\"elementor-heading-title elementor-size-default\">Pol\u00edtica de privacidad\n<\/h1>\t\t<\/div>\n\t\t\t\t<\/div>\n\t\t\t\t\t<\/div>\n\t\t<\/div>\n\t\t\t\t\t\t\t<\/div>\n\t\t<\/section>\n\t\t\t\t<section class=\"elementor-section elementor-top-section elementor-element elementor-element-5fe9ba4d elementor-section-boxed elementor-section-height-default elementor-section-height-default\" data-id=\"5fe9ba4d\" data-element_type=\"section\">\n\t\t\t\t\t\t<div class=\"elementor-container elementor-column-gap-default\">\n\t\t\t\t\t<div class=\"elementor-column elementor-col-100 elementor-top-column elementor-element elementor-element-261aba29\" data-id=\"261aba29\" data-element_type=\"column\">\n\t\t\t<div class=\"elementor-widget-wrap elementor-element-populated\">\n\t\t\t\t\t\t\t\t<div class=\"elementor-element elementor-element-12eb9ce0 elementor-widget elementor-widget-text-editor\" data-id=\"12eb9ce0\" data-element_type=\"widget\" data-widget_type=\"text-editor.default\">\n\t\t\t\t<div class=\"elementor-widget-container\">\n\t\t\t\t\t\t\t<p>VQ\u00a0Serveis\u00a0es compromet a protegir la privacitat dels usuaris que accedeixin a aquesta web i\/o qualsevol dels seus serveis. La utilitzaci\u00f3 de la web i\/o de qualsevol dels serveis oferts per\u00a0VQ\u00a0Serveis\u00a0implica l&#8217;acceptaci\u00f3 per l&#8217;usuari de les disposicions contingudes en la present Pol\u00edtica de Privacitat i que les seves dades personals siguin tractats segons s&#8217;estipula en ella. Si us plau, tingui en compte que a pesar que pugui haver-hi enlla\u00e7os de la nostra web a altres webs o xarxes socials, aquesta Pol\u00edtica de Privacitat no s&#8217;aplica a les webs d&#8217;altres companyies o organitzacions a les quals la web estigui redirigida.\u00a0VQ\u00a0Serveis\u00a0no controla el contingut de les webs de tercers, ni accepta qualsevol responsabilitat pel contingut o les pol\u00edtiques de privacitat d&#8217;aquestes webs.<br \/><br \/><br \/><strong>Informaci\u00f3 b\u00e0sica sobre el tractament de dades (Reglament (UE) 2016\/679 i HO 3\/2018)<\/strong><br \/><br \/><strong>Finalitat del tractament<\/strong><br \/><br \/>Oferir i gestionar els nostres serveis inform\u00e0tics.<br \/><br \/><br \/><strong>Legitimaci\u00f3<\/strong><br \/><br \/>De manera general la legitimaci\u00f3 per al tractament de les dades es trobar\u00e0 en el consentiment obtingut de l&#8217;interessat o en l&#8217;execuci\u00f3 del contracte de serveis.<br \/><br \/><strong>Destinataris<\/strong><br \/><br \/>Les dades no seran comunicats a tercers, tret que ho exigeixi una Llei o sigui necessari per a complir amb la finalitat del tractament.<br \/><br \/><strong>Drets de les persones<\/strong><br \/><br \/>Els interessats tenen dret a exercir els drets d&#8217;acc\u00e9s, rectificaci\u00f3, limitaci\u00f3 de tractament, supressi\u00f3, portabilitat i oposici\u00f3, enviant la seva sol\u00b7licitud a la nostra adre\u00e7a.<br \/><br \/><strong>Termini de conservaci\u00f3 de les dades<\/strong><br \/><br \/>Mentre es mantingui la relaci\u00f3 comercial o durant els anys necessaris per a complir amb les obligacions legals.<br \/><br \/><br \/><strong>Reclamaci\u00f3<\/strong><br \/><br \/>Els interessats poden dirigir-se a l&#8217;AEPD per a presentar la reclamaci\u00f3 que consideri oportuna.<br \/><br \/><strong>Informaci\u00f3 addicional<\/strong><br \/><br \/>Pot consultar la informaci\u00f3 addicional i detallada a continuaci\u00f3 en les &#8220;Preguntes sobre privacitat&#8221;.<\/p>\n<p><br \/><strong>Preguntes sobre privacitat<\/strong><br \/><br \/>En compliment del Reglament (UE) 2016\/679 del Parlament Europeu i del Consell, de 27 d&#8217;abril de 2016, (RGPD), i la Llei org\u00e0nica 3\/2018, de 5 de desembre, de Protecci\u00f3 de Dades Personals i garantia dels drets digitals (LOPDGDD li oferim la seg\u00fcent informaci\u00f3 sobre el tractament de les seves dades personals:<\/p>\n<p><strong>Qui \u00e9s el responsable del tractament de les seves dades?<\/strong><br \/><br \/>Identitat:\u00a0VQ\u00a0Serveis<br \/>NIF: B87698460<br \/>Adre\u00e7a:\u00a0Carrer\u00a0d\u2019Alonso Mart\u00ednez, 33\u00a025300\u00a0T\u00e0rrega Lleida<br \/>Tel.: 973 311 269<br \/>Email: info@vqserveis.com<\/p>\n<p>Amb quina finalitat tractem les seves dades personals?<br \/><br \/>Tractem la informaci\u00f3 que se&#8217;ns facilita per a gestionar els nostres serveis inform\u00e0tics.<br \/><br \/>En el cas que es posi en contacte amb nosaltres a trav\u00e9s del formulari de contacte de la nostra p\u00e0gina web, els tractarem per a gestionar la seva consulta.<br \/><br \/>Si ens d\u00f3na el seu consentiment tamb\u00e9 podrem tractar les seves dades per a enviar-li informaci\u00f3 sobre les nostres activitats, productes o serveis.<br \/><br \/>En signar en el registre de visites de les nostres instal\u00b7lacions tractarem les seves dades per a preservar la seguretat de les nostres depend\u00e8ncies.<br \/><br \/>En accedir a les nostres instal\u00b7lacions la seva imatge pot ser registrada mitjan\u00e7ant c\u00e0meres de videovigil\u00e0ncia amb finalitats de control de seguretat.<br \/><br \/>Si ens envia un curr\u00edculum, tractarem les dades amb la finalitat de gestionar la base de CV &#8216;s per a la selecci\u00f3 de personal.<br \/><br \/><strong>Quant temps conservarem les seves dades?<\/strong><br \/><br \/>Les dades personals proporcionades es conservaran mentre sigui usuari dels nostres serveis o vulgui rebre informaci\u00f3, at\u00e8s que pot oposar-se al tractament de les seves dades amb finalitats promocionals en qualsevol moment, i despr\u00e9s, durant els terminis establerts per a complir amb les nostres obligacions legals, que en el cas documentaci\u00f3 comptable i fiscal a efectes mercantils seran 6 anys, de conformitat amb l&#8217;Art. 30 del Codi Comer\u00e7, i a efectes fiscals seran 4 anys, d&#8217;acord amb els articles 66 a 70 de la Llei General Tribut\u00e0ria.<br \/><br \/>Les dades obtingudes mitjan\u00e7ant el registre de visitants es conservaran durant un mes.<br \/><br \/>Les imatges captades pel sistema de videovigil\u00e0ncia es conservaran durant un mes.<br \/><br \/>En el cas dels curr\u00edculums les dades es conservaran durant un any.<br \/><br \/><strong>Quina \u00e9s la legitimaci\u00f3 per al tractament de les seves dades?<\/strong><br \/><br \/>La legitimaci\u00f3 per a tractar-los es troba en l&#8217;execuci\u00f3 del contracte de serveis i en els consentiments que ens d\u00f3na. Respecte a aquella informaci\u00f3 que sigui remesa per menors de 16 anys, ser\u00e0 requisit imprescindible que es faci amb el consentiment patern, del tutor o del legal representant del menor perqu\u00e8 les dades personals puguin ser objecte de tractament. Si no \u00e9s aix\u00ed, el representant legal del menor ens el comunicar\u00e0 tan aviat com tingui coneixement. Quant a la recollida de dades en el registre de visitants i a la captaci\u00f3 d&#8217;imatges pel sistema de videovigil\u00e0ncia, la legitimaci\u00f3 ve donada per l&#8217;inter\u00e8s leg\u00edtim de preservar la seguretat de les persones i b\u00e9ns.<br \/><br \/><strong>A quins destinataris es comunicaran les seves dades?<\/strong><br \/><br \/>Les dades no seran comunicats a tercers, tret que ho exigeixi una Llei o sigui necessari per a complir amb la finalitat del tractament.<br \/><br \/><strong>Quins s\u00f3n els seus drets quan ens facilita les seves dades?<\/strong><br \/><br \/>Qualsevol persona t\u00e9 dret a obtenir confirmaci\u00f3 sobre si estem tractant o no les seves dades personals.<br \/><br \/>Els interessats tenen dret a accedir a les seves dades personals, aix\u00ed com a sol\u00b7licitar la rectificaci\u00f3 de les dades inexactes o, en el seu cas, sol\u00b7licitar la seva supressi\u00f3 quan, entre altres motius, les dades ja no siguin necessaris per a les finalitats per a les quals es van recollir.<br \/><br \/>En determinades circumst\u00e0ncies els interessats podran sol\u00b7licitar la limitaci\u00f3 del tractament de les seves dades, en aquest cas \u00fanicament els conservarem per a l&#8217;exercici o la defensa de reclamacions.<br \/><br \/>Tamb\u00e9, en determinades circumst\u00e0ncies i per motius relacionats amb la seva situaci\u00f3 particular, els interessats poden oposar-se al tractament de les seves dades. En aquest cas deixarem de tractar les dades, excepte per motius leg\u00edtims imperiosos o per a l&#8217;exercici o la defensa de possibles reclamacions.<br \/><br \/>Els interessats tamb\u00e9 tenen dret a la portabilitat de les seves dades.<br \/><br \/>Tot interessat tindr\u00e0 dret a no ser objecte d&#8217;una decisi\u00f3 basada \u00fanicament en el tractament automatitzat, inclosa l&#8217;elaboraci\u00f3 de perfils, que produeixi efectes jur\u00eddics en ell o l&#8217;afecti significativament de manera similar.<br \/><br \/>Finalment, els interessats tenen dret a presentar una reclamaci\u00f3 davant l&#8217;Autoritat de Control competent.<br \/><br \/><strong>Com pot exercir els seus drets?<\/strong><br \/><br \/>Enviant un escrit adjuntant una c\u00f2pia d&#8217;un document que l&#8217;identifiqui, a la nostra adre\u00e7a f\u00edsica o l&#8217;electr\u00f2nica.<br \/><br \/><strong>Com hem obtingut les seves dades?<\/strong><br \/><br \/>Les dades personals que tractem procedeixen del propi interessat. L&#8217;interessat garanteix que les dades personals facilitades s\u00f3n certs i es fa responsable de comunicar qualsevol modificaci\u00f3 d&#8217;aquests. Les dades que estiguin marcats amb un asterisc seran obligatoris per a poder donar-li el servei sol\u00b7licitat.<br \/><br \/><strong>Quines dades tractem?<\/strong><br \/><br \/>Les categories de dades que podem tractar en la prestaci\u00f3 dels nostres serveis s\u00f3n:<br \/><br \/>Dades de car\u00e0cter identificatiu<br \/><br \/>Adreces postals o electr\u00f2niques<br \/><br \/>En el cas del sistema de videovigil\u00e0ncia:<br \/><br \/>Imatge<br \/><br \/>En el cas dels curr\u00edculums, tamb\u00e9:<br \/><br \/>Caracter\u00edstiques personals<br \/><br \/>Acad\u00e8mics i professionals<br \/><br \/><br \/>Les dades s\u00f3n limitades, at\u00e8s que \u00fanicament tractem les dades necess\u00e0ries per a la prestaci\u00f3 dels nostres serveis i la gesti\u00f3 de la nostra activitat.<br \/><br \/><strong>Usem cookies?<\/strong><br \/><br \/>Utilitzem cookies durant la navegaci\u00f3 en la nostra web amb el consentiment de l&#8217;usuari. L&#8217;usuari pot configurar el seu navegador per a ser avisat de la utilitzaci\u00f3 de cookies i per a evitar el seu \u00fas. Si us plau, visiti la nostra pol\u00edtica de cookies.<br \/><br \/><strong>Quines mesures de seguretat apliquem?<\/strong><br \/><br \/>Apliquem les mesures de seguretat establertes en l&#8217;article 32 del\u00a0RGPD, per tant, hem adoptat les mesures de seguretat necess\u00e0ries per a garantir un nivell de seguretat adequat al risc del tractament de dades que realitzem, amb mecanismes que ens permeten garantir la confidencialitat, integritat, disponibilitat i resili\u00e8ncia permanent dels sistemes i serveis de tractament.<br \/><br \/>Algunes d&#8217;aquestes mesures s\u00f3n:<br \/><br \/>Informaci\u00f3 de les pol\u00edtiques de tractament de dades al personal.<br \/><br \/>Realitzaci\u00f3 de c\u00f2pies de seguretat peri\u00f2diques.<br \/><br \/>Control d&#8217;acc\u00e9s a les dades.<br \/><br \/>Processos de verificaci\u00f3, avaluaci\u00f3 i valoraci\u00f3 regulars.<br \/><br \/><strong>Com tractem les dades per compte de tercers?<\/strong><br \/><br \/>Quan en la prestaci\u00f3 dels nostres serveis tractem dades de car\u00e0cter personal dels quals els nostres clients s\u00f3n els responsables, ho fem en qualitat d&#8217;encarregats del tractament, de conformitat amb el que s&#8217;estableix en l&#8217;article 28\u00a0RGPD\u00a0i, per tant, en aquests tractaments de les dades personals:<br \/><br \/>a) Tractarem les dades personals \u00fanicament seguint instruccions documentades del responsable, fins i tot en relaci\u00f3 amb les transfer\u00e8ncies de dades personals a un tercer pa\u00eds o a una organitzaci\u00f3 internacional, tret que estiguem obligats en virtut del dret de la Uni\u00f3 o dels Estats membres al qual estiguem subjectes. En aquest cas, informarem el responsable d&#8217;aquesta exig\u00e8ncia legal pr\u00e8via al tractament, tret que aquest dret el prohibeixi per raons importants d&#8217;inter\u00e8s p\u00fablic.<br \/><br \/>b) Garantim que les persones autoritzades per a tractar dades personals s&#8217;han comprom\u00e8s a respectar la seva confidencialitat.<br \/><br \/>c) Hem adoptat totes les mesures de seguretat necess\u00e0ries, de conformitat amb l&#8217;article 32 del\u00a0RGPD, havent implantat mecanismes per a: Garantir la confidencialitat, integritat, disponibilitat i resili\u00e8ncia permanent dels sistemes i serveis de tractament.<br \/><br \/>Restaurar la disponibilitat i l&#8217;acc\u00e9s a les dades personals de manera r\u00e0pida, en cas d&#8217;incident f\u00edsic o t\u00e8cnic.<br \/><br \/>Verificar, avaluar i valorar, de manera regular, l&#8217;efic\u00e0cia de les mesures t\u00e8cniques i organitzatives implantades per a garantir la seguretat del tractament.<br \/><br \/>Seudonimizar\u00a0i xifrar les dades personals, en el seu cas.<br \/><br \/>d) Respectarem les condicions indicades en els apartats 2 i 4 de l&#8217;article 28 del RGPD per a rec\u00f3rrer a un altre encarregat del tractament.<br \/><br \/>e) Assistirem al responsable, sempre que sigui possible, d&#8217;acord amb la naturalesa del tractament i mitjan\u00e7ant les mesures t\u00e8cniques i organitzatives adequades, perqu\u00e8 pugui complir amb l&#8217;obligaci\u00f3 de respondre les sol\u00b7licituds que tinguin per objecte l&#8217;exercici dels drets dels interessats establerts en el cap\u00edtol III del\u00a0RGPD.<br \/><br \/>f) Ajudarem el responsable a garantir el compliment de les obligacions que sobre seguretat de les dades queden establertes en els articles 32 a 36 del\u00a0RGPD, tenint en compte la naturalesa del tractament i la informaci\u00f3 posada a la nostra disposici\u00f3.<br \/><br \/>g) A elecci\u00f3 del responsable, suprimirem o retornarem totes les dades personals una vegada finalitzi la prestaci\u00f3 dels serveis de tractament i suprimirem les c\u00f2pies existents tret que es requereixi la conservaci\u00f3 de les dades personals en virtut del Dret de la Uni\u00f3 o dels Estats membres.<br \/><br \/>h) Posarem a la disposici\u00f3 del responsable tota la informaci\u00f3 necess\u00e0ria per a demostrar el compliment de les obligacions establertes en l&#8217;art. 28 del RGPD, aix\u00ed com per a permetre i contribuir a la realitzaci\u00f3 d&#8217;auditories, incloses inspeccions, per part del responsable o d&#8217;un altre auditor autoritzat per aquest responsable.<br \/><br \/>Les dades que podem tractar com a encarregats de tractament comprenen informaci\u00f3 b\u00e0sica d&#8217;identificaci\u00f3 de clients, prove\u00efdors o treballadors dels nostres clients, com pot ser el nom, domicili, correu electr\u00f2nic, aix\u00ed com qualsevol altra dada que el client tracti en els equipaments inform\u00e0tics objecte del servei que li proporcionem; i els tractament que podrem realitzar, seran els necessaris per a la prestaci\u00f3 del servei, entre els quals es troben, amb car\u00e0cter enunciatiu no limitatiu, els seg\u00fcents: visualitzaci\u00f3, monitoratge, estructuraci\u00f3, organitzaci\u00f3 o sincronitzaci\u00f3.<\/p>\t\t\t\t\t\t<\/div>\n\t\t\t\t<\/div>\n\t\t\t\t\t<\/div>\n\t\t<\/div>\n\t\t\t\t\t\t\t<\/div>\n\t\t<\/section>\n\t\t\t\t\t\t\t<\/div>\n\t\t","protected":false},"excerpt":{"rendered":"<p>Pol\u00edtica de privacidad VQ\u00a0Serveis\u00a0es compromet a protegir la privacitat dels usuaris que accedeixin a aquesta web i\/o qualsevol dels seus serveis. La utilitzaci\u00f3 de la web i\/o de qualsevol dels serveis oferts per\u00a0VQ\u00a0Serveis\u00a0implica l&#8217;acceptaci\u00f3 per l&#8217;usuari de les disposicions contingudes en la present Pol\u00edtica de Privacitat i que les seves dades personals siguin tractats segons [&hellip;]<\/p>\n","protected":false},"author":1,"featured_media":0,"parent":0,"menu_order":0,"comment_status":"closed","ping_status":"open","template":"elementor_header_footer","meta":{"footnotes":""},"class_list":["post-3","page","type-page","status-publish","hentry"],"yoast_head":"<!-- This site is optimized with the Yoast SEO plugin v21.1 - https:\/\/yoast.com\/wordpress\/plugins\/seo\/ -->\n<title>Pol\u00edtica de privacidad - VQ Serveis<\/title>\n<meta name=\"robots\" content=\"index, follow, max-snippet:-1, max-image-preview:large, max-video-preview:-1\" \/>\n<link rel=\"canonical\" href=\"https:\/\/vqserveis.com\/ca\/politica-privacidad\/\" \/>\n<meta property=\"og:locale\" content=\"ca_ES\" \/>\n<meta property=\"og:type\" content=\"article\" \/>\n<meta property=\"og:title\" content=\"Pol\u00edtica de privacidad - VQ Serveis\" \/>\n<meta property=\"og:description\" content=\"Pol\u00edtica de privacidad VQ\u00a0Serveis\u00a0es compromet a protegir la privacitat dels usuaris que accedeixin a aquesta web i\/o qualsevol dels seus serveis. La utilitzaci\u00f3 de la web i\/o de qualsevol dels serveis oferts per\u00a0VQ\u00a0Serveis\u00a0implica l&#8217;acceptaci\u00f3 per l&#8217;usuari de les disposicions contingudes en la present Pol\u00edtica de Privacitat i que les seves dades personals siguin tractats segons [&hellip;]\" \/>\n<meta property=\"og:url\" content=\"https:\/\/vqserveis.com\/ca\/politica-privacidad\/\" \/>\n<meta property=\"og:site_name\" content=\"VQ Serveis\" \/>\n<meta property=\"article:modified_time\" content=\"2021-06-28T13:01:55+00:00\" \/>\n<meta name=\"twitter:card\" content=\"summary_large_image\" \/>\n<meta name=\"twitter:label1\" content=\"Temps estimat de lectura\" \/>\n\t<meta name=\"twitter:data1\" content=\"8 minuts\" \/>\n<script type=\"application\/ld+json\" class=\"yoast-schema-graph\">{\"@context\":\"https:\/\/schema.org\",\"@graph\":[{\"@type\":\"WebPage\",\"@id\":\"https:\/\/vqserveis.com\/ca\/politica-privacidad\/\",\"url\":\"https:\/\/vqserveis.com\/ca\/politica-privacidad\/\",\"name\":\"Pol\u00edtica de privacidad - VQ Serveis\",\"isPartOf\":{\"@id\":\"https:\/\/vqserveis.com\/ca\/#website\"},\"datePublished\":\"2021-04-08T15:00:13+00:00\",\"dateModified\":\"2021-06-28T13:01:55+00:00\",\"breadcrumb\":{\"@id\":\"https:\/\/vqserveis.com\/ca\/politica-privacidad\/#breadcrumb\"},\"inLanguage\":\"ca\",\"potentialAction\":[{\"@type\":\"ReadAction\",\"target\":[\"https:\/\/vqserveis.com\/ca\/politica-privacidad\/\"]}]},{\"@type\":\"BreadcrumbList\",\"@id\":\"https:\/\/vqserveis.com\/ca\/politica-privacidad\/#breadcrumb\",\"itemListElement\":[{\"@type\":\"ListItem\",\"position\":1,\"name\":\"Inici\",\"item\":\"https:\/\/vqserveis.com\/ca\/\"},{\"@type\":\"ListItem\",\"position\":2,\"name\":\"Pol\u00edtica de privacidad\"}]},{\"@type\":\"WebSite\",\"@id\":\"https:\/\/vqserveis.com\/ca\/#website\",\"url\":\"https:\/\/vqserveis.com\/ca\/\",\"name\":\"VQ Serveis\",\"description\":\"\",\"publisher\":{\"@id\":\"https:\/\/vqserveis.com\/ca\/#organization\"},\"potentialAction\":[{\"@type\":\"SearchAction\",\"target\":{\"@type\":\"EntryPoint\",\"urlTemplate\":\"https:\/\/vqserveis.com\/ca\/?s={search_term_string}\"},\"query-input\":\"required name=search_term_string\"}],\"inLanguage\":\"ca\"},{\"@type\":\"Organization\",\"@id\":\"https:\/\/vqserveis.com\/ca\/#organization\",\"name\":\"VQ Serveis\",\"url\":\"https:\/\/vqserveis.com\/ca\/\",\"logo\":{\"@type\":\"ImageObject\",\"inLanguage\":\"ca\",\"@id\":\"https:\/\/vqserveis.com\/ca\/#\/schema\/logo\/image\/\",\"url\":\"https:\/\/vqserveis.com\/wp-content\/uploads\/2021\/06\/cropped-vq_brillo.gif\",\"contentUrl\":\"https:\/\/vqserveis.com\/wp-content\/uploads\/2021\/06\/cropped-vq_brillo.gif\",\"width\":780,\"height\":360,\"caption\":\"VQ Serveis\"},\"image\":{\"@id\":\"https:\/\/vqserveis.com\/ca\/#\/schema\/logo\/image\/\"}}]}<\/script>\n<!-- \/ Yoast SEO plugin. -->","yoast_head_json":{"title":"Pol\u00edtica de privacidad - VQ Serveis","robots":{"index":"index","follow":"follow","max-snippet":"max-snippet:-1","max-image-preview":"max-image-preview:large","max-video-preview":"max-video-preview:-1"},"canonical":"https:\/\/vqserveis.com\/ca\/politica-privacidad\/","og_locale":"ca_ES","og_type":"article","og_title":"Pol\u00edtica de privacidad - VQ Serveis","og_description":"Pol\u00edtica de privacidad VQ\u00a0Serveis\u00a0es compromet a protegir la privacitat dels usuaris que accedeixin a aquesta web i\/o qualsevol dels seus serveis. La utilitzaci\u00f3 de la web i\/o de qualsevol dels serveis oferts per\u00a0VQ\u00a0Serveis\u00a0implica l&#8217;acceptaci\u00f3 per l&#8217;usuari de les disposicions contingudes en la present Pol\u00edtica de Privacitat i que les seves dades personals siguin tractats segons [&hellip;]","og_url":"https:\/\/vqserveis.com\/ca\/politica-privacidad\/","og_site_name":"VQ Serveis","article_modified_time":"2021-06-28T13:01:55+00:00","twitter_card":"summary_large_image","twitter_misc":{"Temps estimat de lectura":"8 minuts"},"schema":{"@context":"https:\/\/schema.org","@graph":[{"@type":"WebPage","@id":"https:\/\/vqserveis.com\/ca\/politica-privacidad\/","url":"https:\/\/vqserveis.com\/ca\/politica-privacidad\/","name":"Pol\u00edtica de privacidad - VQ Serveis","isPartOf":{"@id":"https:\/\/vqserveis.com\/ca\/#website"},"datePublished":"2021-04-08T15:00:13+00:00","dateModified":"2021-06-28T13:01:55+00:00","breadcrumb":{"@id":"https:\/\/vqserveis.com\/ca\/politica-privacidad\/#breadcrumb"},"inLanguage":"ca","potentialAction":[{"@type":"ReadAction","target":["https:\/\/vqserveis.com\/ca\/politica-privacidad\/"]}]},{"@type":"BreadcrumbList","@id":"https:\/\/vqserveis.com\/ca\/politica-privacidad\/#breadcrumb","itemListElement":[{"@type":"ListItem","position":1,"name":"Inici","item":"https:\/\/vqserveis.com\/ca\/"},{"@type":"ListItem","position":2,"name":"Pol\u00edtica de privacidad"}]},{"@type":"WebSite","@id":"https:\/\/vqserveis.com\/ca\/#website","url":"https:\/\/vqserveis.com\/ca\/","name":"VQ Serveis","description":"","publisher":{"@id":"https:\/\/vqserveis.com\/ca\/#organization"},"potentialAction":[{"@type":"SearchAction","target":{"@type":"EntryPoint","urlTemplate":"https:\/\/vqserveis.com\/ca\/?s={search_term_string}"},"query-input":"required name=search_term_string"}],"inLanguage":"ca"},{"@type":"Organization","@id":"https:\/\/vqserveis.com\/ca\/#organization","name":"VQ Serveis","url":"https:\/\/vqserveis.com\/ca\/","logo":{"@type":"ImageObject","inLanguage":"ca","@id":"https:\/\/vqserveis.com\/ca\/#\/schema\/logo\/image\/","url":"https:\/\/vqserveis.com\/wp-content\/uploads\/2021\/06\/cropped-vq_brillo.gif","contentUrl":"https:\/\/vqserveis.com\/wp-content\/uploads\/2021\/06\/cropped-vq_brillo.gif","width":780,"height":360,"caption":"VQ Serveis"},"image":{"@id":"https:\/\/vqserveis.com\/ca\/#\/schema\/logo\/image\/"}}]}},"_links":{"self":[{"href":"https:\/\/vqserveis.com\/ca\/wp-json\/wp\/v2\/pages\/3","targetHints":{"allow":["GET"]}}],"collection":[{"href":"https:\/\/vqserveis.com\/ca\/wp-json\/wp\/v2\/pages"}],"about":[{"href":"https:\/\/vqserveis.com\/ca\/wp-json\/wp\/v2\/types\/page"}],"author":[{"embeddable":true,"href":"https:\/\/vqserveis.com\/ca\/wp-json\/wp\/v2\/users\/1"}],"replies":[{"embeddable":true,"href":"https:\/\/vqserveis.com\/ca\/wp-json\/wp\/v2\/comments?post=3"}],"version-history":[{"count":7,"href":"https:\/\/vqserveis.com\/ca\/wp-json\/wp\/v2\/pages\/3\/revisions"}],"predecessor-version":[{"id":1658,"href":"https:\/\/vqserveis.com\/ca\/wp-json\/wp\/v2\/pages\/3\/revisions\/1658"}],"wp:attachment":[{"href":"https:\/\/vqserveis.com\/ca\/wp-json\/wp\/v2\/media?parent=3"}],"curies":[{"name":"wp","href":"https:\/\/api.w.org\/{rel}","templated":true}]}}