{"id":560,"date":"2021-04-13T15:17:50","date_gmt":"2021-04-13T15:17:50","guid":{"rendered":"https:\/\/vqserveis.esuite.cat\/?page_id=560"},"modified":"2025-03-27T09:40:43","modified_gmt":"2025-03-27T09:40:43","slug":"contacte","status":"publish","type":"page","link":"https:\/\/vqserveis.com\/ca\/contacte\/","title":{"rendered":"Contacte"},"content":{"rendered":"\t\t<div data-elementor-type=\"wp-page\" data-elementor-id=\"560\" class=\"elementor elementor-560\">\n\t\t\t\t\t\t\t\t\t<section class=\"elementor-section elementor-top-section elementor-element elementor-element-64e77437 elementor-section-full_width elementor-section-items-stretch elementor-section-height-min-height elementor-section-height-default\" data-id=\"64e77437\" data-element_type=\"section\" data-settings=\"{&quot;background_background&quot;:&quot;classic&quot;}\">\n\t\t\t\t\t\t\t<div class=\"elementor-background-overlay\"><\/div>\n\t\t\t\t\t\t\t<div class=\"elementor-container elementor-column-gap-default\">\n\t\t\t\t\t<div class=\"elementor-column elementor-col-50 elementor-top-column elementor-element elementor-element-74eb5e93\" data-id=\"74eb5e93\" data-element_type=\"column\" data-settings=\"{&quot;background_background&quot;:&quot;classic&quot;}\">\n\t\t\t<div class=\"elementor-widget-wrap elementor-element-populated\">\n\t\t\t\t\t\t\t\t<div class=\"elementor-element elementor-element-4014414a elementor-widget elementor-widget-google_maps\" data-id=\"4014414a\" data-element_type=\"widget\" data-widget_type=\"google_maps.default\">\n\t\t\t\t<div class=\"elementor-widget-container\">\n\t\t\t\t\t<div class=\"elementor-custom-embed\">\n\t\t\t<iframe loading=\"lazy\"\n\t\t\t\t\tsrc=\"https:\/\/maps.google.com\/maps?q=DISFARRE&#038;t=m&#038;z=8&#038;output=embed&#038;iwloc=near\"\n\t\t\t\t\ttitle=\"DISFARRE\"\n\t\t\t\t\taria-label=\"DISFARRE\"\n\t\t\t><\/iframe>\n\t\t<\/div>\n\t\t\t\t<\/div>\n\t\t\t\t<\/div>\n\t\t\t\t\t<\/div>\n\t\t<\/div>\n\t\t\t\t<div class=\"elementor-column elementor-col-50 elementor-top-column elementor-element elementor-element-5053a246\" data-id=\"5053a246\" data-element_type=\"column\">\n\t\t\t<div class=\"elementor-widget-wrap elementor-element-populated\">\n\t\t\t\t\t\t\t\t<div class=\"elementor-element elementor-element-3d1feeb1 elementor-widget elementor-widget-heading\" data-id=\"3d1feeb1\" data-element_type=\"widget\" data-widget_type=\"heading.default\">\n\t\t\t\t<div class=\"elementor-widget-container\">\n\t\t\t<h4 class=\"elementor-heading-title elementor-size-default\">CONTACTE<\/h4>\t\t<\/div>\n\t\t\t\t<\/div>\n\t\t\t\t<div class=\"elementor-element elementor-element-381277a elementor-widget elementor-widget-text-editor\" data-id=\"381277a\" data-element_type=\"widget\" data-widget_type=\"text-editor.default\">\n\t\t\t\t<div class=\"elementor-widget-container\">\n\t\t\t\t\t\t\t<p>Oferim els nostres serveis <strong>a tot el territori catal\u00e0<\/strong>. Si vol obtenir m\u00e9s informaci\u00f3 en relaci\u00f3 als nostres serveis o vol que li fem un pressupost en menys de 48 hores pot adre\u00e7ar-se a nosaltres per qualsevol d\u2019aquestes vies:<\/p>\t\t\t\t\t\t<\/div>\n\t\t\t\t<\/div>\n\t\t\t\t<section class=\"elementor-section elementor-inner-section elementor-element elementor-element-763201c0 elementor-section-content-middle elementor-section-full_width elementor-section-height-default elementor-section-height-default\" data-id=\"763201c0\" data-element_type=\"section\">\n\t\t\t\t\t\t<div class=\"elementor-container elementor-column-gap-no\">\n\t\t\t\t\t<div class=\"elementor-column elementor-col-100 elementor-inner-column elementor-element elementor-element-74f28255\" data-id=\"74f28255\" data-element_type=\"column\">\n\t\t\t<div class=\"elementor-widget-wrap elementor-element-populated\">\n\t\t\t\t\t\t\t\t<div class=\"elementor-element elementor-element-47d112dc elementor-widget elementor-widget-heading\" data-id=\"47d112dc\" data-element_type=\"widget\" data-widget_type=\"heading.default\">\n\t\t\t\t<div class=\"elementor-widget-container\">\n\t\t\t<h6 class=\"elementor-heading-title elementor-size-default\"><a href=\"tel:+34%20973%20311%20269\">Tel\u00e8fon: 973 311 269<\/a><\/h6>\t\t<\/div>\n\t\t\t\t<\/div>\n\t\t\t\t<div class=\"elementor-element elementor-element-48efd05f elementor-widget elementor-widget-heading\" data-id=\"48efd05f\" data-element_type=\"widget\" data-widget_type=\"heading.default\">\n\t\t\t\t<div class=\"elementor-widget-container\">\n\t\t\t<h6 class=\"elementor-heading-title elementor-size-default\"><a href=\"mailto:info@vqserveis.com\">Correu: info@vqserveis.com<\/a><\/h6>\t\t<\/div>\n\t\t\t\t<\/div>\n\t\t\t\t<div class=\"elementor-element elementor-element-555f33d elementor-widget elementor-widget-heading\" data-id=\"555f33d\" data-element_type=\"widget\" data-widget_type=\"heading.default\">\n\t\t\t\t<div class=\"elementor-widget-container\">\n\t\t\t<h6 class=\"elementor-heading-title elementor-size-default\"><a href=\"https:\/\/vqserveis.trusty.report\/\">Canal Den\u00fancia - Whistleblowing Channel \u200b<\/a><\/h6>\t\t<\/div>\n\t\t\t\t<\/div>\n\t\t\t\t<div class=\"elementor-element elementor-element-9517afb elementor-widget elementor-widget-heading\" data-id=\"9517afb\" data-element_type=\"widget\" data-widget_type=\"heading.default\">\n\t\t\t\t<div class=\"elementor-widget-container\">\n\t\t\t<h6 class=\"elementor-heading-title elementor-size-default\">Adre\u00e7a:<\/h6>\t\t<\/div>\n\t\t\t\t<\/div>\n\t\t\t\t<div class=\"elementor-element elementor-element-56ba181b elementor-widget elementor-widget-heading\" data-id=\"56ba181b\" data-element_type=\"widget\" data-widget_type=\"heading.default\">\n\t\t\t\t<div class=\"elementor-widget-container\">\n\t\t\t<h6 class=\"elementor-heading-title elementor-size-default\">C\/ del Trabuc, 13 P.I. La Serra\n25320 Anglesola (Lleida)<\/h6>\t\t<\/div>\n\t\t\t\t<\/div>\n\t\t\t\t<div class=\"elementor-element elementor-element-52f72d62 elementor-shape-rounded elementor-grid-0 e-grid-align-center elementor-widget elementor-widget-social-icons\" data-id=\"52f72d62\" data-element_type=\"widget\" data-widget_type=\"social-icons.default\">\n\t\t\t\t<div class=\"elementor-widget-container\">\n\t\t\t\t\t<div class=\"elementor-social-icons-wrapper elementor-grid\">\n\t\t\t\t\t\t\t<span class=\"elementor-grid-item\">\n\t\t\t\t\t<a class=\"elementor-icon elementor-social-icon elementor-social-icon-facebook-f elementor-animation-float elementor-repeater-item-2d0da0c\" target=\"_blank\">\n\t\t\t\t\t\t<span class=\"elementor-screen-only\">Facebook-f<\/span>\n\t\t\t\t\t\t<i class=\"fab fa-facebook-f\"><\/i>\t\t\t\t\t<\/a>\n\t\t\t\t<\/span>\n\t\t\t\t\t<\/div>\n\t\t\t\t<\/div>\n\t\t\t\t<\/div>\n\t\t\t\t\t<\/div>\n\t\t<\/div>\n\t\t\t\t\t\t\t<\/div>\n\t\t<\/section>\n\t\t\t\t\t<\/div>\n\t\t<\/div>\n\t\t\t\t\t\t\t<\/div>\n\t\t<\/section>\n\t\t\t\t<section class=\"elementor-section elementor-top-section elementor-element elementor-element-63ceae7e elementor-section-content-middle elementor-section-height-min-height elementor-section-boxed elementor-section-height-default elementor-section-items-middle\" data-id=\"63ceae7e\" data-element_type=\"section\">\n\t\t\t\t\t\t<div class=\"elementor-container elementor-column-gap-no\">\n\t\t\t\t\t<div class=\"elementor-column elementor-col-100 elementor-top-column elementor-element elementor-element-3b2e1ca0\" data-id=\"3b2e1ca0\" data-element_type=\"column\" data-settings=\"{&quot;background_background&quot;:&quot;classic&quot;}\">\n\t\t\t<div class=\"elementor-widget-wrap elementor-element-populated\">\n\t\t\t\t\t\t\t\t<div class=\"elementor-element elementor-element-5ef23d6b elementor-widget elementor-widget-heading\" data-id=\"5ef23d6b\" data-element_type=\"widget\" data-widget_type=\"heading.default\">\n\t\t\t\t<div class=\"elementor-widget-container\">\n\t\t\t<h1 class=\"elementor-heading-title elementor-size-default\">Necessites <b>ajuda?<\/b><\/h1>\t\t<\/div>\n\t\t\t\t<\/div>\n\t\t\t\t<div class=\"elementor-element elementor-element-39876a46 elementor-widget elementor-widget-text-editor\" data-id=\"39876a46\" data-element_type=\"widget\" data-widget_type=\"text-editor.default\">\n\t\t\t\t<div class=\"elementor-widget-container\">\n\t\t\t\t\t\t\t<h5 class=\"vc_custom_heading\">No ho dubtis, <span class=\"hiddenGrammarError\">contacta&#8217;ns<\/span> i en menys de 48 hores ens adre\u00e7arem a tu i et donarem una resposta sense comprom\u00eds.<\/h5>\t\t\t\t\t\t<\/div>\n\t\t\t\t<\/div>\n\t\t\t\t<div class=\"elementor-element elementor-element-fab42dc elementor-button-align-center elementor-widget elementor-widget-form\" data-id=\"fab42dc\" data-element_type=\"widget\" data-settings=\"{&quot;step_next_label&quot;:&quot;Next&quot;,&quot;step_previous_label&quot;:&quot;Previous&quot;,&quot;button_width&quot;:&quot;100&quot;,&quot;step_type&quot;:&quot;number_text&quot;,&quot;step_icon_shape&quot;:&quot;circle&quot;}\" data-widget_type=\"form.default\">\n\t\t\t\t<div class=\"elementor-widget-container\">\n\t\t\t\t\t<form class=\"elementor-form\" method=\"post\" name=\"contactFrom\">\n\t\t\t<input type=\"hidden\" name=\"post_id\" value=\"560\"\/>\n\t\t\t<input type=\"hidden\" name=\"form_id\" value=\"fab42dc\"\/>\n\t\t\t<input type=\"hidden\" name=\"referer_title\" value=\"VQ Serveis\" \/>\n\n\t\t\t\n\t\t\t<div class=\"elementor-form-fields-wrapper elementor-labels-above\">\n\t\t\t\t\t\t\t\t<div class=\"elementor-field-type-text elementor-field-group elementor-column elementor-field-group-name elementor-col-50 elementor-field-required elementor-mark-required\">\n\t\t\t\t\t\t\t\t\t\t\t\t<label for=\"form-field-name\" class=\"elementor-field-label\">\n\t\t\t\t\t\t\t\tNom i cognom\t\t\t\t\t\t\t<\/label>\n\t\t\t\t\t\t\t\t\t\t\t\t\t\t<input size=\"1\" type=\"text\" name=\"form_fields[name]\" id=\"form-field-name\" class=\"elementor-field elementor-size-sm  elementor-field-textual\" required=\"required\" aria-required=\"true\">\n\t\t\t\t\t\t\t\t\t\t\t<\/div>\n\t\t\t\t\t\t\t\t<div class=\"elementor-field-type-email elementor-field-group elementor-column elementor-field-group-field_e3c349c elementor-col-50 elementor-field-required elementor-mark-required\">\n\t\t\t\t\t\t\t\t\t\t\t\t<label for=\"form-field-field_e3c349c\" class=\"elementor-field-label\">\n\t\t\t\t\t\t\t\tCorreu electr\u00f2nic\t\t\t\t\t\t\t<\/label>\n\t\t\t\t\t\t\t\t\t\t\t\t\t\t<input size=\"1\" type=\"email\" name=\"form_fields[field_e3c349c]\" id=\"form-field-field_e3c349c\" class=\"elementor-field elementor-size-sm  elementor-field-textual\" required=\"required\" aria-required=\"true\">\n\t\t\t\t\t\t\t\t\t\t\t<\/div>\n\t\t\t\t\t\t\t\t<div class=\"elementor-field-type-tel elementor-field-group elementor-column elementor-field-group-field_d8496b0 elementor-col-50 elementor-field-required elementor-mark-required\">\n\t\t\t\t\t\t\t\t\t\t\t\t<label for=\"form-field-field_d8496b0\" class=\"elementor-field-label\">\n\t\t\t\t\t\t\t\tTel\u00e8fon\t\t\t\t\t\t\t<\/label>\n\t\t\t\t\t\t\t\t<input size=\"1\" type=\"tel\" name=\"form_fields[field_d8496b0]\" id=\"form-field-field_d8496b0\" class=\"elementor-field elementor-size-sm  elementor-field-textual\" required=\"required\" aria-required=\"true\" pattern=\"[0-9()#&amp;+*-=.]+\" title=\"Only numbers and phone characters (#, -, *, etc) are accepted.\">\n\n\t\t\t\t\t\t<\/div>\n\t\t\t\t\t\t\t\t<div class=\"elementor-field-type-text elementor-field-group elementor-column elementor-field-group-field_a9708be elementor-col-50 elementor-field-required elementor-mark-required\">\n\t\t\t\t\t\t\t\t\t\t\t\t<label for=\"form-field-field_a9708be\" class=\"elementor-field-label\">\n\t\t\t\t\t\t\t\tPoblaci\u00f3\t\t\t\t\t\t\t<\/label>\n\t\t\t\t\t\t\t\t\t\t\t\t\t\t<input size=\"1\" type=\"text\" name=\"form_fields[field_a9708be]\" id=\"form-field-field_a9708be\" class=\"elementor-field elementor-size-sm  elementor-field-textual\" required=\"required\" aria-required=\"true\">\n\t\t\t\t\t\t\t\t\t\t\t<\/div>\n\t\t\t\t\t\t\t\t<div class=\"elementor-field-type-textarea elementor-field-group elementor-column elementor-field-group-message elementor-col-100 elementor-field-required elementor-mark-required\">\n\t\t\t\t\t\t\t\t\t\t\t\t<label for=\"form-field-message\" class=\"elementor-field-label\">\n\t\t\t\t\t\t\t\tConsulta\t\t\t\t\t\t\t<\/label>\n\t\t\t\t\t\t<textarea class=\"elementor-field-textual elementor-field  elementor-size-sm\" name=\"form_fields[message]\" id=\"form-field-message\" rows=\"3\" required=\"required\" aria-required=\"true\"><\/textarea>\t\t\t\t<\/div>\n\t\t\t\t\t\t\t\t<div class=\"elementor-field-type-acceptance elementor-field-group elementor-column elementor-field-group-field_1c1e1ea elementor-col-100 elementor-field-required elementor-mark-required\">\n\t\t\t\t\t\t\t<div class=\"elementor-field-subgroup\">\n\t\t\t<span class=\"elementor-field-option\">\n\t\t\t\t<input type=\"checkbox\" name=\"form_fields[field_1c1e1ea]\" id=\"form-field-field_1c1e1ea\" class=\"elementor-field elementor-size-sm  elementor-acceptance-field\" required=\"required\" aria-required=\"true\">\n\t\t\t\t<label for=\"form-field-field_1c1e1ea\">He llegit i accepto la <a href=\"https:\/\/vqserveis.com\/ca\/politica-privacidad\/\"> pol\u00edtica de privacitat <\/a>\n\n<\/label>\t\t\t<\/span>\n\t\t<\/div>\n\t\t\t\t\t\t<\/div>\n\t\t\t\t\t\t\t\t<div class=\"elementor-field-type-recaptcha_v3 elementor-field-group elementor-column elementor-field-group-field_7cb2c9c elementor-col-100 recaptcha_v3-bottomright\">\n\t\t\t\t\t<div class=\"elementor-field\" id=\"form-field-field_7cb2c9c\"><div class=\"elementor-g-recaptcha\" data-sitekey=\"6Lc2CKsdAAAAAJfv0CaJ_b0akWWHVIHimSr3CAVU\" data-type=\"v3\" data-action=\"Form\" data-badge=\"bottomright\" data-size=\"invisible\"><\/div><\/div>\t\t\t\t<\/div>\n\t\t\t\t\t\t\t\t<div class=\"elementor-field-group elementor-column elementor-field-type-submit elementor-col-100 e-form__buttons\">\n\t\t\t\t\t<button type=\"submit\" class=\"elementor-button elementor-size-sm elementor-animation-float\">\n\t\t\t\t\t\t<span >\n\t\t\t\t\t\t\t\t\t\t\t\t\t\t\t<span class=\"elementor-align-icon-right elementor-button-icon\">\n\t\t\t\t\t\t\t\t\t<i aria-hidden=\"true\" class=\"fas fa-arrow-right\"><\/i>\t\t\t\t\t\t\t\t\t\t\t\t\t\t\t\t\t<\/span>\n\t\t\t\t\t\t\t\t\t\t\t\t\t\t\t\t\t\t\t\t\t\t<span class=\"elementor-button-text\">Enviar<\/span>\n\t\t\t\t\t\t\t\t\t\t\t\t\t<\/span>\n\t\t\t\t\t<\/button>\n\t\t\t\t<\/div>\n\t\t\t<\/div>\n\t\t<\/form>\n\t\t\t\t<\/div>\n\t\t\t\t<\/div>\n\t\t\t\t\t<\/div>\n\t\t<\/div>\n\t\t\t\t\t\t\t<\/div>\n\t\t<\/section>\n\t\t\t\t\t\t\t<\/div>\n\t\t","protected":false},"excerpt":{"rendered":"<p>CONTACTE Oferim els nostres serveis a tot el territori catal\u00e0. Si vol obtenir m\u00e9s informaci\u00f3 en relaci\u00f3 als nostres serveis o vol que li fem un pressupost en menys de 48 hores pot adre\u00e7ar-se a nosaltres per qualsevol d\u2019aquestes vies: Tel\u00e8fon: 973 311 269 Correu: info@vqserveis.com Canal Den\u00fancia &#8211; Whistleblowing Channel \u200b Adre\u00e7a: C\/ del [&hellip;]<\/p>\n","protected":false},"author":1,"featured_media":982,"parent":0,"menu_order":0,"comment_status":"closed","ping_status":"closed","template":"elementor_header_footer","meta":{"footnotes":""},"class_list":["post-560","page","type-page","status-publish","has-post-thumbnail","hentry"],"yoast_head":"<!-- This site is optimized with the Yoast SEO plugin v21.1 - https:\/\/yoast.com\/wordpress\/plugins\/seo\/ -->\n<title>Contacte - VQ Serveis<\/title>\n<meta name=\"description\" content=\"Si vol obtenir m\u00e9s informaci\u00f3 en relaci\u00f3 als nostres serveis o vol que li fem un pressupost en menys de 48 hores.\" \/>\n<meta name=\"robots\" content=\"index, follow, max-snippet:-1, max-image-preview:large, max-video-preview:-1\" \/>\n<link rel=\"canonical\" href=\"https:\/\/vqserveis.com\/ca\/contacte\/\" \/>\n<meta property=\"og:locale\" content=\"ca_ES\" \/>\n<meta property=\"og:type\" content=\"article\" \/>\n<meta property=\"og:title\" content=\"Contacte - VQ Serveis\" \/>\n<meta property=\"og:description\" content=\"Si vol obtenir m\u00e9s informaci\u00f3 en relaci\u00f3 als nostres serveis o vol que li fem un pressupost en menys de 48 hores.\" \/>\n<meta property=\"og:url\" content=\"https:\/\/vqserveis.com\/ca\/contacte\/\" \/>\n<meta property=\"og:site_name\" content=\"VQ Serveis\" \/>\n<meta property=\"article:modified_time\" content=\"2025-03-27T09:40:43+00:00\" \/>\n<meta name=\"twitter:card\" content=\"summary_large_image\" \/>\n<meta name=\"twitter:image\" content=\"https:\/\/vqserveis.com\/wp-content\/uploads\/2021\/06\/vq-favicon.ico\" \/>\n<meta name=\"twitter:label1\" content=\"Temps estimat de lectura\" \/>\n\t<meta name=\"twitter:data1\" content=\"1 minut\" \/>\n<script type=\"application\/ld+json\" class=\"yoast-schema-graph\">{\"@context\":\"https:\/\/schema.org\",\"@graph\":[{\"@type\":\"WebPage\",\"@id\":\"https:\/\/vqserveis.com\/ca\/contacte\/\",\"url\":\"https:\/\/vqserveis.com\/ca\/contacte\/\",\"name\":\"Contacte - VQ Serveis\",\"isPartOf\":{\"@id\":\"https:\/\/vqserveis.com\/ca\/#website\"},\"datePublished\":\"2021-04-13T15:17:50+00:00\",\"dateModified\":\"2025-03-27T09:40:43+00:00\",\"description\":\"Si vol obtenir m\u00e9s informaci\u00f3 en relaci\u00f3 als nostres serveis o vol que li fem un pressupost en menys de 48 hores.\",\"breadcrumb\":{\"@id\":\"https:\/\/vqserveis.com\/ca\/contacte\/#breadcrumb\"},\"inLanguage\":\"ca\",\"potentialAction\":[{\"@type\":\"ReadAction\",\"target\":[\"https:\/\/vqserveis.com\/ca\/contacte\/\"]}]},{\"@type\":\"BreadcrumbList\",\"@id\":\"https:\/\/vqserveis.com\/ca\/contacte\/#breadcrumb\",\"itemListElement\":[{\"@type\":\"ListItem\",\"position\":1,\"name\":\"Inici\",\"item\":\"https:\/\/vqserveis.com\/ca\/\"},{\"@type\":\"ListItem\",\"position\":2,\"name\":\"Contacte\"}]},{\"@type\":\"WebSite\",\"@id\":\"https:\/\/vqserveis.com\/ca\/#website\",\"url\":\"https:\/\/vqserveis.com\/ca\/\",\"name\":\"VQ Serveis\",\"description\":\"\",\"publisher\":{\"@id\":\"https:\/\/vqserveis.com\/ca\/#organization\"},\"potentialAction\":[{\"@type\":\"SearchAction\",\"target\":{\"@type\":\"EntryPoint\",\"urlTemplate\":\"https:\/\/vqserveis.com\/ca\/?s={search_term_string}\"},\"query-input\":\"required name=search_term_string\"}],\"inLanguage\":\"ca\"},{\"@type\":\"Organization\",\"@id\":\"https:\/\/vqserveis.com\/ca\/#organization\",\"name\":\"VQ Serveis\",\"url\":\"https:\/\/vqserveis.com\/ca\/\",\"logo\":{\"@type\":\"ImageObject\",\"inLanguage\":\"ca\",\"@id\":\"https:\/\/vqserveis.com\/ca\/#\/schema\/logo\/image\/\",\"url\":\"https:\/\/vqserveis.com\/wp-content\/uploads\/2021\/06\/cropped-vq_brillo.gif\",\"contentUrl\":\"https:\/\/vqserveis.com\/wp-content\/uploads\/2021\/06\/cropped-vq_brillo.gif\",\"width\":780,\"height\":360,\"caption\":\"VQ Serveis\"},\"image\":{\"@id\":\"https:\/\/vqserveis.com\/ca\/#\/schema\/logo\/image\/\"}}]}<\/script>\n<!-- \/ Yoast SEO plugin. -->","yoast_head_json":{"title":"Contacte - VQ Serveis","description":"Si vol obtenir m\u00e9s informaci\u00f3 en relaci\u00f3 als nostres serveis o vol que li fem un pressupost en menys de 48 hores.","robots":{"index":"index","follow":"follow","max-snippet":"max-snippet:-1","max-image-preview":"max-image-preview:large","max-video-preview":"max-video-preview:-1"},"canonical":"https:\/\/vqserveis.com\/ca\/contacte\/","og_locale":"ca_ES","og_type":"article","og_title":"Contacte - VQ Serveis","og_description":"Si vol obtenir m\u00e9s informaci\u00f3 en relaci\u00f3 als nostres serveis o vol que li fem un pressupost en menys de 48 hores.","og_url":"https:\/\/vqserveis.com\/ca\/contacte\/","og_site_name":"VQ Serveis","article_modified_time":"2025-03-27T09:40:43+00:00","twitter_card":"summary_large_image","twitter_image":"https:\/\/vqserveis.com\/wp-content\/uploads\/2021\/06\/vq-favicon.ico","twitter_misc":{"Temps estimat de lectura":"1 minut"},"schema":{"@context":"https:\/\/schema.org","@graph":[{"@type":"WebPage","@id":"https:\/\/vqserveis.com\/ca\/contacte\/","url":"https:\/\/vqserveis.com\/ca\/contacte\/","name":"Contacte - VQ Serveis","isPartOf":{"@id":"https:\/\/vqserveis.com\/ca\/#website"},"datePublished":"2021-04-13T15:17:50+00:00","dateModified":"2025-03-27T09:40:43+00:00","description":"Si vol obtenir m\u00e9s informaci\u00f3 en relaci\u00f3 als nostres serveis o vol que li fem un pressupost en menys de 48 hores.","breadcrumb":{"@id":"https:\/\/vqserveis.com\/ca\/contacte\/#breadcrumb"},"inLanguage":"ca","potentialAction":[{"@type":"ReadAction","target":["https:\/\/vqserveis.com\/ca\/contacte\/"]}]},{"@type":"BreadcrumbList","@id":"https:\/\/vqserveis.com\/ca\/contacte\/#breadcrumb","itemListElement":[{"@type":"ListItem","position":1,"name":"Inici","item":"https:\/\/vqserveis.com\/ca\/"},{"@type":"ListItem","position":2,"name":"Contacte"}]},{"@type":"WebSite","@id":"https:\/\/vqserveis.com\/ca\/#website","url":"https:\/\/vqserveis.com\/ca\/","name":"VQ Serveis","description":"","publisher":{"@id":"https:\/\/vqserveis.com\/ca\/#organization"},"potentialAction":[{"@type":"SearchAction","target":{"@type":"EntryPoint","urlTemplate":"https:\/\/vqserveis.com\/ca\/?s={search_term_string}"},"query-input":"required name=search_term_string"}],"inLanguage":"ca"},{"@type":"Organization","@id":"https:\/\/vqserveis.com\/ca\/#organization","name":"VQ Serveis","url":"https:\/\/vqserveis.com\/ca\/","logo":{"@type":"ImageObject","inLanguage":"ca","@id":"https:\/\/vqserveis.com\/ca\/#\/schema\/logo\/image\/","url":"https:\/\/vqserveis.com\/wp-content\/uploads\/2021\/06\/cropped-vq_brillo.gif","contentUrl":"https:\/\/vqserveis.com\/wp-content\/uploads\/2021\/06\/cropped-vq_brillo.gif","width":780,"height":360,"caption":"VQ Serveis"},"image":{"@id":"https:\/\/vqserveis.com\/ca\/#\/schema\/logo\/image\/"}}]}},"_links":{"self":[{"href":"https:\/\/vqserveis.com\/ca\/wp-json\/wp\/v2\/pages\/560","targetHints":{"allow":["GET"]}}],"collection":[{"href":"https:\/\/vqserveis.com\/ca\/wp-json\/wp\/v2\/pages"}],"about":[{"href":"https:\/\/vqserveis.com\/ca\/wp-json\/wp\/v2\/types\/page"}],"author":[{"embeddable":true,"href":"https:\/\/vqserveis.com\/ca\/wp-json\/wp\/v2\/users\/1"}],"replies":[{"embeddable":true,"href":"https:\/\/vqserveis.com\/ca\/wp-json\/wp\/v2\/comments?post=560"}],"version-history":[{"count":203,"href":"https:\/\/vqserveis.com\/ca\/wp-json\/wp\/v2\/pages\/560\/revisions"}],"predecessor-version":[{"id":2325,"href":"https:\/\/vqserveis.com\/ca\/wp-json\/wp\/v2\/pages\/560\/revisions\/2325"}],"wp:featuredmedia":[{"embeddable":true,"href":"https:\/\/vqserveis.com\/ca\/wp-json\/wp\/v2\/media\/982"}],"wp:attachment":[{"href":"https:\/\/vqserveis.com\/ca\/wp-json\/wp\/v2\/media?parent=560"}],"curies":[{"name":"wp","href":"https:\/\/api.w.org\/{rel}","templated":true}]}}