{"id":1458,"date":"2021-06-25T15:43:33","date_gmt":"2021-06-25T15:43:33","guid":{"rendered":"https:\/\/vqserveis.esuite.cat\/contacto\/"},"modified":"2025-03-27T09:41:15","modified_gmt":"2025-03-27T09:41:15","slug":"contacto","status":"publish","type":"page","link":"https:\/\/vqserveis.com\/es\/contacto\/","title":{"rendered":"Contacto"},"content":{"rendered":"\t\t<div data-elementor-type=\"wp-page\" data-elementor-id=\"1458\" class=\"elementor elementor-1458 elementor-560\">\n\t\t\t\t\t\t\t\t\t<section class=\"elementor-section elementor-top-section elementor-element elementor-element-64e77437 elementor-section-full_width elementor-section-items-stretch elementor-section-height-min-height elementor-section-height-default\" data-id=\"64e77437\" data-element_type=\"section\" data-settings=\"{&quot;background_background&quot;:&quot;classic&quot;}\">\n\t\t\t\t\t\t\t<div class=\"elementor-background-overlay\"><\/div>\n\t\t\t\t\t\t\t<div class=\"elementor-container elementor-column-gap-default\">\n\t\t\t\t\t<div class=\"elementor-column elementor-col-50 elementor-top-column elementor-element elementor-element-74eb5e93\" data-id=\"74eb5e93\" data-element_type=\"column\" data-settings=\"{&quot;background_background&quot;:&quot;classic&quot;}\">\n\t\t\t<div class=\"elementor-widget-wrap elementor-element-populated\">\n\t\t\t\t\t\t\t\t<div class=\"elementor-element elementor-element-4014414a elementor-widget elementor-widget-google_maps\" data-id=\"4014414a\" data-element_type=\"widget\" data-widget_type=\"google_maps.default\">\n\t\t\t\t<div class=\"elementor-widget-container\">\n\t\t\t\t\t<div class=\"elementor-custom-embed\">\n\t\t\t<iframe loading=\"lazy\"\n\t\t\t\t\tsrc=\"https:\/\/maps.google.com\/maps?q=DISFARRE&#038;t=m&#038;z=8&#038;output=embed&#038;iwloc=near\"\n\t\t\t\t\ttitle=\"DISFARRE\"\n\t\t\t\t\taria-label=\"DISFARRE\"\n\t\t\t><\/iframe>\n\t\t<\/div>\n\t\t\t\t<\/div>\n\t\t\t\t<\/div>\n\t\t\t\t\t<\/div>\n\t\t<\/div>\n\t\t\t\t<div class=\"elementor-column elementor-col-50 elementor-top-column elementor-element elementor-element-5053a246\" data-id=\"5053a246\" data-element_type=\"column\">\n\t\t\t<div class=\"elementor-widget-wrap elementor-element-populated\">\n\t\t\t\t\t\t\t\t<div class=\"elementor-element elementor-element-3d1feeb1 elementor-widget elementor-widget-heading\" data-id=\"3d1feeb1\" data-element_type=\"widget\" data-widget_type=\"heading.default\">\n\t\t\t\t<div class=\"elementor-widget-container\">\n\t\t\t<h4 class=\"elementor-heading-title elementor-size-default\">CONTACTO<\/h4>\t\t<\/div>\n\t\t\t\t<\/div>\n\t\t\t\t<div class=\"elementor-element elementor-element-381277a elementor-widget elementor-widget-text-editor\" data-id=\"381277a\" data-element_type=\"widget\" data-widget_type=\"text-editor.default\">\n\t\t\t\t<div class=\"elementor-widget-container\">\n\t\t\t\t\t\t\tOfrecemos nuestros servicios <strong>en todo el territorio catal\u00e1n<\/strong>. Si quiere obtener m\u00e1s informaci\u00f3n en relaci\u00f3n a nuestros servicios o quieres que le hagamos un presupuesto<strong> en menos de 48 horas\u00a0<\/strong>puede dirigirse a nosotros por cualquiera de estos m\u00e9todos:\t\t\t\t\t\t<\/div>\n\t\t\t\t<\/div>\n\t\t\t\t<section class=\"elementor-section elementor-inner-section elementor-element elementor-element-763201c0 elementor-section-content-middle elementor-section-full_width elementor-section-height-default elementor-section-height-default\" data-id=\"763201c0\" data-element_type=\"section\">\n\t\t\t\t\t\t<div class=\"elementor-container elementor-column-gap-no\">\n\t\t\t\t\t<div class=\"elementor-column elementor-col-100 elementor-inner-column elementor-element elementor-element-74f28255\" data-id=\"74f28255\" data-element_type=\"column\">\n\t\t\t<div class=\"elementor-widget-wrap elementor-element-populated\">\n\t\t\t\t\t\t\t\t<div class=\"elementor-element elementor-element-47d112dc elementor-widget elementor-widget-heading\" data-id=\"47d112dc\" data-element_type=\"widget\" data-widget_type=\"heading.default\">\n\t\t\t\t<div class=\"elementor-widget-container\">\n\t\t\t<h6 class=\"elementor-heading-title elementor-size-default\"><a href=\"tel:+34%20973%20311%20269\">Tel\u00e9fono: +34 973 311 269<\/a><\/h6>\t\t<\/div>\n\t\t\t\t<\/div>\n\t\t\t\t<div class=\"elementor-element elementor-element-48efd05f elementor-widget elementor-widget-heading\" data-id=\"48efd05f\" data-element_type=\"widget\" data-widget_type=\"heading.default\">\n\t\t\t\t<div class=\"elementor-widget-container\">\n\t\t\t<h6 class=\"elementor-heading-title elementor-size-default\"><a href=\"mailto:info@vqserveis.com\">Correo: info@vqserveis.com<\/a><\/h6>\t\t<\/div>\n\t\t\t\t<\/div>\n\t\t\t\t<div class=\"elementor-element elementor-element-41964e7 elementor-widget elementor-widget-heading\" data-id=\"41964e7\" data-element_type=\"widget\" data-widget_type=\"heading.default\">\n\t\t\t\t<div class=\"elementor-widget-container\">\n\t\t\t<h6 class=\"elementor-heading-title elementor-size-default\"><a href=\"https:\/\/vqserveis.trusty.report\/\">Canal de Denuncias - Whistleblowing Channel \u200b<\/a><\/h6>\t\t<\/div>\n\t\t\t\t<\/div>\n\t\t\t\t<div class=\"elementor-element elementor-element-9517afb elementor-widget elementor-widget-heading\" data-id=\"9517afb\" data-element_type=\"widget\" data-widget_type=\"heading.default\">\n\t\t\t\t<div class=\"elementor-widget-container\">\n\t\t\t<h6 class=\"elementor-heading-title elementor-size-default\">Direcci\u00f3n:<\/h6>\t\t<\/div>\n\t\t\t\t<\/div>\n\t\t\t\t<div class=\"elementor-element elementor-element-56ba181b elementor-widget elementor-widget-heading\" data-id=\"56ba181b\" data-element_type=\"widget\" data-widget_type=\"heading.default\">\n\t\t\t\t<div class=\"elementor-widget-container\">\n\t\t\t<h6 class=\"elementor-heading-title elementor-size-default\">C\/ del Trabuc, 13 P.I. La Serra<br>25320 Anglesola (Lleida)<\/h6>\t\t<\/div>\n\t\t\t\t<\/div>\n\t\t\t\t<div class=\"elementor-element elementor-element-52f72d62 elementor-shape-rounded elementor-grid-0 e-grid-align-center elementor-widget elementor-widget-social-icons\" data-id=\"52f72d62\" data-element_type=\"widget\" data-widget_type=\"social-icons.default\">\n\t\t\t\t<div class=\"elementor-widget-container\">\n\t\t\t\t\t<div class=\"elementor-social-icons-wrapper elementor-grid\">\n\t\t\t\t\t\t\t<span class=\"elementor-grid-item\">\n\t\t\t\t\t<a class=\"elementor-icon elementor-social-icon elementor-social-icon-facebook-f elementor-animation-float elementor-repeater-item-2d0da0c\" target=\"_blank\">\n\t\t\t\t\t\t<span class=\"elementor-screen-only\">Facebook-f<\/span>\n\t\t\t\t\t\t<i class=\"fab fa-facebook-f\"><\/i>\t\t\t\t\t<\/a>\n\t\t\t\t<\/span>\n\t\t\t\t\t<\/div>\n\t\t\t\t<\/div>\n\t\t\t\t<\/div>\n\t\t\t\t\t<\/div>\n\t\t<\/div>\n\t\t\t\t\t\t\t<\/div>\n\t\t<\/section>\n\t\t\t\t\t<\/div>\n\t\t<\/div>\n\t\t\t\t\t\t\t<\/div>\n\t\t<\/section>\n\t\t\t\t<section class=\"elementor-section elementor-top-section elementor-element elementor-element-63ceae7e elementor-section-content-middle elementor-section-height-min-height elementor-section-boxed elementor-section-height-default elementor-section-items-middle\" data-id=\"63ceae7e\" data-element_type=\"section\">\n\t\t\t\t\t\t<div class=\"elementor-container elementor-column-gap-no\">\n\t\t\t\t\t<div class=\"elementor-column elementor-col-100 elementor-top-column elementor-element elementor-element-3b2e1ca0\" data-id=\"3b2e1ca0\" data-element_type=\"column\" data-settings=\"{&quot;background_background&quot;:&quot;classic&quot;}\">\n\t\t\t<div class=\"elementor-widget-wrap elementor-element-populated\">\n\t\t\t\t\t\t\t\t<div class=\"elementor-element elementor-element-5ef23d6b elementor-widget elementor-widget-heading\" data-id=\"5ef23d6b\" data-element_type=\"widget\" data-widget_type=\"heading.default\">\n\t\t\t\t<div class=\"elementor-widget-container\">\n\t\t\t<h1 class=\"elementor-heading-title elementor-size-default\">\u00bfNecesitas <b>ayuda?<\/b><\/h1>\t\t<\/div>\n\t\t\t\t<\/div>\n\t\t\t\t<div class=\"elementor-element elementor-element-39876a46 elementor-widget elementor-widget-text-editor\" data-id=\"39876a46\" data-element_type=\"widget\" data-widget_type=\"text-editor.default\">\n\t\t\t\t<div class=\"elementor-widget-container\">\n\t\t\t\t\t\t\tNo lo dudes, cont\u00e1ctanos y en menos de 48 horas nos dirigiremos a ti y te daremos una respuesta sin compromiso.\t\t\t\t\t\t<\/div>\n\t\t\t\t<\/div>\n\t\t\t\t<div class=\"elementor-element elementor-element-fab42dc elementor-button-align-center elementor-widget elementor-widget-form\" data-id=\"fab42dc\" data-element_type=\"widget\" data-settings=\"{&quot;step_next_label&quot;:&quot;Next&quot;,&quot;step_previous_label&quot;:&quot;Previous&quot;,&quot;button_width&quot;:&quot;100&quot;,&quot;step_type&quot;:&quot;number_text&quot;,&quot;step_icon_shape&quot;:&quot;circle&quot;}\" data-widget_type=\"form.default\">\n\t\t\t\t<div class=\"elementor-widget-container\">\n\t\t\t\t\t<form class=\"elementor-form\" method=\"post\" name=\"contactFrom\">\n\t\t\t<input type=\"hidden\" name=\"post_id\" value=\"1458\"\/>\n\t\t\t<input type=\"hidden\" name=\"form_id\" value=\"fab42dc\"\/>\n\t\t\t<input type=\"hidden\" name=\"referer_title\" value=\"VQ Serveis\" \/>\n\n\t\t\t\n\t\t\t<div class=\"elementor-form-fields-wrapper elementor-labels-above\">\n\t\t\t\t\t\t\t\t<div class=\"elementor-field-type-text elementor-field-group elementor-column elementor-field-group-name elementor-col-50 elementor-field-required elementor-mark-required\">\n\t\t\t\t\t\t\t\t\t\t\t\t<label for=\"form-field-name\" class=\"elementor-field-label\">\n\t\t\t\t\t\t\t\tNombre y Apellido\t\t\t\t\t\t\t<\/label>\n\t\t\t\t\t\t\t\t\t\t\t\t\t\t<input size=\"1\" type=\"text\" name=\"form_fields[name]\" id=\"form-field-name\" class=\"elementor-field elementor-size-sm  elementor-field-textual\" required=\"required\" aria-required=\"true\">\n\t\t\t\t\t\t\t\t\t\t\t<\/div>\n\t\t\t\t\t\t\t\t<div class=\"elementor-field-type-email elementor-field-group elementor-column elementor-field-group-field_e3c349c elementor-col-50 elementor-field-required elementor-mark-required\">\n\t\t\t\t\t\t\t\t\t\t\t\t<label for=\"form-field-field_e3c349c\" class=\"elementor-field-label\">\n\t\t\t\t\t\t\t\tCorreo electr\u00f3nico\t\t\t\t\t\t\t<\/label>\n\t\t\t\t\t\t\t\t\t\t\t\t\t\t<input size=\"1\" type=\"email\" name=\"form_fields[field_e3c349c]\" id=\"form-field-field_e3c349c\" class=\"elementor-field elementor-size-sm  elementor-field-textual\" required=\"required\" aria-required=\"true\">\n\t\t\t\t\t\t\t\t\t\t\t<\/div>\n\t\t\t\t\t\t\t\t<div class=\"elementor-field-type-tel elementor-field-group elementor-column elementor-field-group-field_d8496b0 elementor-col-50 elementor-field-required elementor-mark-required\">\n\t\t\t\t\t\t\t\t\t\t\t\t<label for=\"form-field-field_d8496b0\" class=\"elementor-field-label\">\n\t\t\t\t\t\t\t\tTel\u00e9fono\t\t\t\t\t\t\t<\/label>\n\t\t\t\t\t\t\t\t<input size=\"1\" type=\"tel\" name=\"form_fields[field_d8496b0]\" id=\"form-field-field_d8496b0\" class=\"elementor-field elementor-size-sm  elementor-field-textual\" required=\"required\" aria-required=\"true\" pattern=\"[0-9()#&amp;+*-=.]+\" title=\"Solo se aceptan n\u00fameros y caracteres de tel\u00e9fono (#,-,*,etc).\">\n\n\t\t\t\t\t\t<\/div>\n\t\t\t\t\t\t\t\t<div class=\"elementor-field-type-text elementor-field-group elementor-column elementor-field-group-field_a9708be elementor-col-50 elementor-field-required elementor-mark-required\">\n\t\t\t\t\t\t\t\t\t\t\t\t<label for=\"form-field-field_a9708be\" class=\"elementor-field-label\">\n\t\t\t\t\t\t\t\tPoblaci\u00f3n\t\t\t\t\t\t\t<\/label>\n\t\t\t\t\t\t\t\t\t\t\t\t\t\t<input size=\"1\" type=\"text\" name=\"form_fields[field_a9708be]\" id=\"form-field-field_a9708be\" class=\"elementor-field elementor-size-sm  elementor-field-textual\" required=\"required\" aria-required=\"true\">\n\t\t\t\t\t\t\t\t\t\t\t<\/div>\n\t\t\t\t\t\t\t\t<div class=\"elementor-field-type-textarea elementor-field-group elementor-column elementor-field-group-message elementor-col-100 elementor-field-required elementor-mark-required\">\n\t\t\t\t\t\t\t\t\t\t\t\t<label for=\"form-field-message\" class=\"elementor-field-label\">\n\t\t\t\t\t\t\t\tConsulta\t\t\t\t\t\t\t<\/label>\n\t\t\t\t\t\t<textarea class=\"elementor-field-textual elementor-field  elementor-size-sm\" name=\"form_fields[message]\" id=\"form-field-message\" rows=\"3\" required=\"required\" aria-required=\"true\"><\/textarea>\t\t\t\t<\/div>\n\t\t\t\t\t\t\t\t<div class=\"elementor-field-type-acceptance elementor-field-group elementor-column elementor-field-group-field_1c1e1ea elementor-col-100 elementor-field-required elementor-mark-required\">\n\t\t\t\t\t\t\t<div class=\"elementor-field-subgroup\">\n\t\t\t<span class=\"elementor-field-option\">\n\t\t\t\t<input type=\"checkbox\" name=\"form_fields[field_1c1e1ea]\" id=\"form-field-field_1c1e1ea\" class=\"elementor-field elementor-size-sm  elementor-acceptance-field\" required=\"required\" aria-required=\"true\">\n\t\t\t\t<label for=\"form-field-field_1c1e1ea\">He le\u00eddo y acepto la <a href=\"https:\/\/vqserveis.esuite.cat\/es\/politica-de-privacidad\/\"> pol\u00edtica de privacidad <\/a><\/label>\t\t\t<\/span>\n\t\t<\/div>\n\t\t\t\t\t\t<\/div>\n\t\t\t\t\t\t\t\t<div class=\"elementor-field-type-recaptcha_v3 elementor-field-group elementor-column elementor-field-group-field_7cb2c9c elementor-col-100 recaptcha_v3-bottomright\">\n\t\t\t\t\t<div class=\"elementor-field\" id=\"form-field-field_7cb2c9c\"><div class=\"elementor-g-recaptcha\" data-sitekey=\"6Lc2CKsdAAAAAJfv0CaJ_b0akWWHVIHimSr3CAVU\" data-type=\"v3\" data-action=\"Form\" data-badge=\"bottomright\" data-size=\"invisible\"><\/div><\/div>\t\t\t\t<\/div>\n\t\t\t\t\t\t\t\t<div class=\"elementor-field-group elementor-column elementor-field-type-submit elementor-col-100 e-form__buttons\">\n\t\t\t\t\t<button type=\"submit\" class=\"elementor-button elementor-size-sm elementor-animation-float\">\n\t\t\t\t\t\t<span >\n\t\t\t\t\t\t\t\t\t\t\t\t\t\t\t<span class=\"elementor-align-icon-right elementor-button-icon\">\n\t\t\t\t\t\t\t\t\t<i aria-hidden=\"true\" class=\"fas fa-arrow-right\"><\/i>\t\t\t\t\t\t\t\t\t\t\t\t\t\t\t\t\t<\/span>\n\t\t\t\t\t\t\t\t\t\t\t\t\t\t\t\t\t\t\t\t\t\t<span class=\"elementor-button-text\">Enviar<\/span>\n\t\t\t\t\t\t\t\t\t\t\t\t\t<\/span>\n\t\t\t\t\t<\/button>\n\t\t\t\t<\/div>\n\t\t\t<\/div>\n\t\t<\/form>\n\t\t\t\t<\/div>\n\t\t\t\t<\/div>\n\t\t\t\t\t<\/div>\n\t\t<\/div>\n\t\t\t\t\t\t\t<\/div>\n\t\t<\/section>\n\t\t\t\t\t\t\t<\/div>\n\t\t","protected":false},"excerpt":{"rendered":"<p>CONTACTO Ofrecemos nuestros servicios en todo el territorio catal\u00e1n. Si quiere obtener m\u00e1s informaci\u00f3n en relaci\u00f3n a nuestros servicios o quieres que le hagamos un presupuesto en menos de 48 horas\u00a0puede dirigirse a nosotros por cualquiera de estos m\u00e9todos: Tel\u00e9fono: +34 973 311 269 Correo: info@vqserveis.com Canal de Denuncias &#8211; Whistleblowing Channel \u200b Direcci\u00f3n: C\/ [&hellip;]<\/p>\n","protected":false},"author":1,"featured_media":983,"parent":0,"menu_order":0,"comment_status":"closed","ping_status":"closed","template":"elementor_header_footer","meta":{"footnotes":""},"class_list":["post-1458","page","type-page","status-publish","has-post-thumbnail","hentry"],"yoast_head":"<!-- This site is optimized with the Yoast SEO plugin v21.1 - https:\/\/yoast.com\/wordpress\/plugins\/seo\/ -->\n<title>Contacto - VQ Serveis<\/title>\n<meta name=\"description\" content=\"Si quiere obtener m\u00e1s informaci\u00f3n en relaci\u00f3n a nuestros servicios o quiere que le hagamos un presupuesto en menos de 48 horas.\" \/>\n<meta name=\"robots\" content=\"index, follow, max-snippet:-1, max-image-preview:large, max-video-preview:-1\" \/>\n<link rel=\"canonical\" href=\"https:\/\/vqserveis.com\/ca\/contacte\/\" \/>\n<meta property=\"og:locale\" content=\"es_ES\" \/>\n<meta property=\"og:type\" content=\"article\" \/>\n<meta property=\"og:title\" content=\"Contacto - VQ Serveis\" \/>\n<meta property=\"og:description\" content=\"Si quiere obtener m\u00e1s informaci\u00f3n en relaci\u00f3n a nuestros servicios o quiere que le hagamos un presupuesto en menos de 48 horas.\" \/>\n<meta property=\"og:url\" content=\"https:\/\/vqserveis.com\/ca\/contacte\/\" \/>\n<meta property=\"og:site_name\" content=\"VQ Serveis\" \/>\n<meta property=\"article:modified_time\" content=\"2025-03-27T09:41:15+00:00\" \/>\n<meta name=\"twitter:card\" content=\"summary_large_image\" \/>\n<meta name=\"twitter:image\" content=\"https:\/\/vqserveis.com\/wp-content\/uploads\/2021\/06\/vq-favicon.ico\" \/>\n<meta name=\"twitter:label1\" content=\"Tiempo de lectura\" \/>\n\t<meta name=\"twitter:data1\" content=\"1 minuto\" \/>\n<script type=\"application\/ld+json\" class=\"yoast-schema-graph\">{\"@context\":\"https:\/\/schema.org\",\"@graph\":[{\"@type\":\"WebPage\",\"@id\":\"https:\/\/vqserveis.com\/ca\/contacte\/\",\"url\":\"https:\/\/vqserveis.com\/ca\/contacte\/\",\"name\":\"Contacto - VQ Serveis\",\"isPartOf\":{\"@id\":\"https:\/\/vqserveis.com\/ca\/#website\"},\"datePublished\":\"2021-06-25T15:43:33+00:00\",\"dateModified\":\"2025-03-27T09:41:15+00:00\",\"description\":\"Si quiere obtener m\u00e1s informaci\u00f3n en relaci\u00f3n a nuestros servicios o quiere que le hagamos un presupuesto en menos de 48 horas.\",\"breadcrumb\":{\"@id\":\"https:\/\/vqserveis.com\/ca\/contacte\/#breadcrumb\"},\"inLanguage\":\"es\",\"potentialAction\":[{\"@type\":\"ReadAction\",\"target\":[\"https:\/\/vqserveis.com\/ca\/contacte\/\"]}]},{\"@type\":\"BreadcrumbList\",\"@id\":\"https:\/\/vqserveis.com\/ca\/contacte\/#breadcrumb\",\"itemListElement\":[{\"@type\":\"ListItem\",\"position\":1,\"name\":\"Portada\",\"item\":\"https:\/\/vqserveis.com\/es\/\"},{\"@type\":\"ListItem\",\"position\":2,\"name\":\"Contacto\"}]},{\"@type\":\"WebSite\",\"@id\":\"https:\/\/vqserveis.com\/ca\/#website\",\"url\":\"https:\/\/vqserveis.com\/ca\/\",\"name\":\"VQ Serveis\",\"description\":\"\",\"publisher\":{\"@id\":\"https:\/\/vqserveis.com\/ca\/#organization\"},\"potentialAction\":[{\"@type\":\"SearchAction\",\"target\":{\"@type\":\"EntryPoint\",\"urlTemplate\":\"https:\/\/vqserveis.com\/ca\/?s={search_term_string}\"},\"query-input\":\"required name=search_term_string\"}],\"inLanguage\":\"es\"},{\"@type\":\"Organization\",\"@id\":\"https:\/\/vqserveis.com\/ca\/#organization\",\"name\":\"VQ Serveis\",\"url\":\"https:\/\/vqserveis.com\/ca\/\",\"logo\":{\"@type\":\"ImageObject\",\"inLanguage\":\"es\",\"@id\":\"https:\/\/vqserveis.com\/ca\/#\/schema\/logo\/image\/\",\"url\":\"https:\/\/vqserveis.com\/wp-content\/uploads\/2021\/06\/cropped-vq_brillo.gif\",\"contentUrl\":\"https:\/\/vqserveis.com\/wp-content\/uploads\/2021\/06\/cropped-vq_brillo.gif\",\"width\":780,\"height\":360,\"caption\":\"VQ Serveis\"},\"image\":{\"@id\":\"https:\/\/vqserveis.com\/ca\/#\/schema\/logo\/image\/\"}}]}<\/script>\n<!-- \/ Yoast SEO plugin. -->","yoast_head_json":{"title":"Contacto - VQ Serveis","description":"Si quiere obtener m\u00e1s informaci\u00f3n en relaci\u00f3n a nuestros servicios o quiere que le hagamos un presupuesto en menos de 48 horas.","robots":{"index":"index","follow":"follow","max-snippet":"max-snippet:-1","max-image-preview":"max-image-preview:large","max-video-preview":"max-video-preview:-1"},"canonical":"https:\/\/vqserveis.com\/ca\/contacte\/","og_locale":"es_ES","og_type":"article","og_title":"Contacto - VQ Serveis","og_description":"Si quiere obtener m\u00e1s informaci\u00f3n en relaci\u00f3n a nuestros servicios o quiere que le hagamos un presupuesto en menos de 48 horas.","og_url":"https:\/\/vqserveis.com\/ca\/contacte\/","og_site_name":"VQ Serveis","article_modified_time":"2025-03-27T09:41:15+00:00","twitter_card":"summary_large_image","twitter_image":"https:\/\/vqserveis.com\/wp-content\/uploads\/2021\/06\/vq-favicon.ico","twitter_misc":{"Tiempo de lectura":"1 minuto"},"schema":{"@context":"https:\/\/schema.org","@graph":[{"@type":"WebPage","@id":"https:\/\/vqserveis.com\/ca\/contacte\/","url":"https:\/\/vqserveis.com\/ca\/contacte\/","name":"Contacto - VQ Serveis","isPartOf":{"@id":"https:\/\/vqserveis.com\/ca\/#website"},"datePublished":"2021-06-25T15:43:33+00:00","dateModified":"2025-03-27T09:41:15+00:00","description":"Si quiere obtener m\u00e1s informaci\u00f3n en relaci\u00f3n a nuestros servicios o quiere que le hagamos un presupuesto en menos de 48 horas.","breadcrumb":{"@id":"https:\/\/vqserveis.com\/ca\/contacte\/#breadcrumb"},"inLanguage":"es","potentialAction":[{"@type":"ReadAction","target":["https:\/\/vqserveis.com\/ca\/contacte\/"]}]},{"@type":"BreadcrumbList","@id":"https:\/\/vqserveis.com\/ca\/contacte\/#breadcrumb","itemListElement":[{"@type":"ListItem","position":1,"name":"Portada","item":"https:\/\/vqserveis.com\/es\/"},{"@type":"ListItem","position":2,"name":"Contacto"}]},{"@type":"WebSite","@id":"https:\/\/vqserveis.com\/ca\/#website","url":"https:\/\/vqserveis.com\/ca\/","name":"VQ Serveis","description":"","publisher":{"@id":"https:\/\/vqserveis.com\/ca\/#organization"},"potentialAction":[{"@type":"SearchAction","target":{"@type":"EntryPoint","urlTemplate":"https:\/\/vqserveis.com\/ca\/?s={search_term_string}"},"query-input":"required name=search_term_string"}],"inLanguage":"es"},{"@type":"Organization","@id":"https:\/\/vqserveis.com\/ca\/#organization","name":"VQ Serveis","url":"https:\/\/vqserveis.com\/ca\/","logo":{"@type":"ImageObject","inLanguage":"es","@id":"https:\/\/vqserveis.com\/ca\/#\/schema\/logo\/image\/","url":"https:\/\/vqserveis.com\/wp-content\/uploads\/2021\/06\/cropped-vq_brillo.gif","contentUrl":"https:\/\/vqserveis.com\/wp-content\/uploads\/2021\/06\/cropped-vq_brillo.gif","width":780,"height":360,"caption":"VQ Serveis"},"image":{"@id":"https:\/\/vqserveis.com\/ca\/#\/schema\/logo\/image\/"}}]}},"_links":{"self":[{"href":"https:\/\/vqserveis.com\/es\/wp-json\/wp\/v2\/pages\/1458","targetHints":{"allow":["GET"]}}],"collection":[{"href":"https:\/\/vqserveis.com\/es\/wp-json\/wp\/v2\/pages"}],"about":[{"href":"https:\/\/vqserveis.com\/es\/wp-json\/wp\/v2\/types\/page"}],"author":[{"embeddable":true,"href":"https:\/\/vqserveis.com\/es\/wp-json\/wp\/v2\/users\/1"}],"replies":[{"embeddable":true,"href":"https:\/\/vqserveis.com\/es\/wp-json\/wp\/v2\/comments?post=1458"}],"version-history":[{"count":16,"href":"https:\/\/vqserveis.com\/es\/wp-json\/wp\/v2\/pages\/1458\/revisions"}],"predecessor-version":[{"id":2328,"href":"https:\/\/vqserveis.com\/es\/wp-json\/wp\/v2\/pages\/1458\/revisions\/2328"}],"wp:featuredmedia":[{"embeddable":true,"href":"https:\/\/vqserveis.com\/es\/wp-json\/wp\/v2\/media\/983"}],"wp:attachment":[{"href":"https:\/\/vqserveis.com\/es\/wp-json\/wp\/v2\/media?parent=1458"}],"curies":[{"name":"wp","href":"https:\/\/api.w.org\/{rel}","templated":true}]}}