{"id":1464,"date":"2021-06-25T15:58:02","date_gmt":"2021-06-25T15:58:02","guid":{"rendered":"https:\/\/vqserveis.esuite.cat\/pintura\/"},"modified":"2021-12-16T16:05:12","modified_gmt":"2021-12-16T16:05:12","slug":"pintura","status":"publish","type":"page","link":"https:\/\/vqserveis.com\/es\/pintura\/","title":{"rendered":"Pintura"},"content":{"rendered":"\t\t<div data-elementor-type=\"wp-page\" data-elementor-id=\"1464\" class=\"elementor elementor-1464 elementor-526\">\n\t\t\t\t\t\t\t\t\t<section class=\"elementor-section elementor-top-section elementor-element elementor-element-7bcabb35 elementor-section-height-min-height elementor-section-full_width elementor-section-height-default elementor-section-items-middle\" data-id=\"7bcabb35\" data-element_type=\"section\" data-settings=\"{&quot;background_background&quot;:&quot;classic&quot;}\">\n\t\t\t\t\t\t\t<div class=\"elementor-background-overlay\"><\/div>\n\t\t\t\t\t\t\t<div class=\"elementor-container elementor-column-gap-default\">\n\t\t\t\t\t<div class=\"elementor-column elementor-col-100 elementor-top-column elementor-element elementor-element-27de00e6\" data-id=\"27de00e6\" data-element_type=\"column\">\n\t\t\t<div class=\"elementor-widget-wrap elementor-element-populated\">\n\t\t\t\t\t\t\t\t<div class=\"elementor-element elementor-element-b243740 elementor-widget elementor-widget-heading\" data-id=\"b243740\" data-element_type=\"widget\" data-widget_type=\"heading.default\">\n\t\t\t\t<div class=\"elementor-widget-container\">\n\t\t\t<h1 class=\"elementor-heading-title elementor-size-default\">Servicios de <b>Pintura<\/b><\/h1>\t\t<\/div>\n\t\t\t\t<\/div>\n\t\t\t\t\t<\/div>\n\t\t<\/div>\n\t\t\t\t\t\t\t<\/div>\n\t\t<\/section>\n\t\t\t\t<section class=\"elementor-section elementor-top-section elementor-element elementor-element-22c14487 elementor-section-boxed elementor-section-height-default elementor-section-height-default\" data-id=\"22c14487\" data-element_type=\"section\">\n\t\t\t\t\t\t<div class=\"elementor-container elementor-column-gap-default\">\n\t\t\t\t\t<div class=\"elementor-column elementor-col-100 elementor-top-column elementor-element elementor-element-f4f1c11\" data-id=\"f4f1c11\" data-element_type=\"column\">\n\t\t\t<div class=\"elementor-widget-wrap elementor-element-populated\">\n\t\t\t\t\t\t\t\t<section class=\"elementor-section elementor-inner-section elementor-element elementor-element-4cc96fe3 elementor-section-boxed elementor-section-height-default elementor-section-height-default\" data-id=\"4cc96fe3\" data-element_type=\"section\">\n\t\t\t\t\t\t<div class=\"elementor-container elementor-column-gap-default\">\n\t\t\t\t\t<div class=\"elementor-column elementor-col-50 elementor-inner-column elementor-element elementor-element-247cc6f0\" data-id=\"247cc6f0\" data-element_type=\"column\">\n\t\t\t<div class=\"elementor-widget-wrap elementor-element-populated\">\n\t\t\t\t\t\t\t\t<div class=\"elementor-element elementor-element-14e09800 elementor-widget elementor-widget-text-editor\" data-id=\"14e09800\" data-element_type=\"widget\" data-widget_type=\"text-editor.default\">\n\t\t\t\t<div class=\"elementor-widget-container\">\n\t\t\t\t\t\t\t<p>El color de nuestro entorno define tambi\u00e9n c\u00f3mo es nuestro estado de \u00e1nimo y cu\u00e1les son<strong> nuestras sensaciones<\/strong> y por eso, es com\u00fan necesitar un cambio cuando tambi\u00e9n afrontamos nuevos retos y situaciones en nuestras vidas.<\/p>\n<p>Nuestro cat\u00e1logo de servicios es muy amplio, hecho que nos permite trabajar tanto para<strong> particulares<\/strong> como para la <strong>econom\u00eda productiva<\/strong>. Pintamos <strong>pisos, naves, piscinas, parkings<\/strong>.<\/p>\n<p>Estamos especializados en la aplicaci\u00f3n de <strong>pintura epoxi<\/strong> en suelos industriales y parkings y tambi\u00e9n en la <strong>pintura integral<\/strong> de naves mediante sistemas <strong>airless<\/strong>.<\/p>\n<p>Contamos con pintores profesionales para pintar tu piso o local, de manera \u00e1gil y profesional, con el aval de una gran empresa que opera en el \u00e1mbito de <strong>todo Catalu\u00f1a<\/strong>.<\/p>\n\t\t\t\t\t\t<\/div>\n\t\t\t\t<\/div>\n\t\t\t\t\t<\/div>\n\t\t<\/div>\n\t\t\t\t<div class=\"elementor-column elementor-col-50 elementor-inner-column elementor-element elementor-element-1af17951\" data-id=\"1af17951\" data-element_type=\"column\">\n\t\t\t<div class=\"elementor-widget-wrap elementor-element-populated\">\n\t\t\t\t\t\t\t\t<div class=\"elementor-element elementor-element-205a2c3a elementor-widget elementor-widget-image\" data-id=\"205a2c3a\" data-element_type=\"widget\" data-widget_type=\"image.default\">\n\t\t\t\t<div class=\"elementor-widget-container\">\n\t\t\t\t\t\t\t\t\t\t\t\t\t\t\t<img loading=\"lazy\" decoding=\"async\" width=\"768\" height=\"512\" src=\"https:\/\/vqserveis.com\/wp-content\/uploads\/2021\/06\/servicio-pintura-1-768x512.jpg\" class=\"attachment-medium_large size-medium_large wp-image-1290\" alt=\"\" srcset=\"https:\/\/vqserveis.com\/wp-content\/uploads\/2021\/06\/servicio-pintura-1-768x512.jpg 768w, https:\/\/vqserveis.com\/wp-content\/uploads\/2021\/06\/servicio-pintura-1-300x200.jpg 300w, https:\/\/vqserveis.com\/wp-content\/uploads\/2021\/06\/servicio-pintura-1-1024x683.jpg 1024w, https:\/\/vqserveis.com\/wp-content\/uploads\/2021\/06\/servicio-pintura-1.jpg 1200w\" sizes=\"auto, (max-width: 768px) 100vw, 768px\" \/>\t\t\t\t\t\t\t\t\t\t\t\t\t\t\t<\/div>\n\t\t\t\t<\/div>\n\t\t\t\t\t<\/div>\n\t\t<\/div>\n\t\t\t\t\t\t\t<\/div>\n\t\t<\/section>\n\t\t\t\t\t<\/div>\n\t\t<\/div>\n\t\t\t\t\t\t\t<\/div>\n\t\t<\/section>\n\t\t\t\t<section class=\"elementor-section elementor-top-section elementor-element elementor-element-4ca4922f elementor-section-full_width elementor-section-height-min-height elementor-section-items-stretch elementor-section-height-default\" data-id=\"4ca4922f\" data-element_type=\"section\">\n\t\t\t\t\t\t<div class=\"elementor-container elementor-column-gap-default\">\n\t\t\t\t\t<div class=\"elementor-column elementor-col-100 elementor-top-column elementor-element elementor-element-621606\" data-id=\"621606\" data-element_type=\"column\" data-settings=\"{&quot;background_background&quot;:&quot;classic&quot;}\">\n\t\t\t<div class=\"elementor-widget-wrap elementor-element-populated\">\n\t\t\t\t\t\t\t\t<section class=\"elementor-section elementor-inner-section elementor-element elementor-element-558d3939 elementor-section-full_width elementor-reverse-tablet elementor-reverse-mobile elementor-section-height-default elementor-section-height-default\" data-id=\"558d3939\" data-element_type=\"section\">\n\t\t\t\t\t\t<div class=\"elementor-container elementor-column-gap-default\">\n\t\t\t\t\t<div class=\"elementor-column elementor-col-100 elementor-inner-column elementor-element elementor-element-4cfcaa51\" data-id=\"4cfcaa51\" data-element_type=\"column\">\n\t\t\t<div class=\"elementor-widget-wrap elementor-element-populated\">\n\t\t\t\t\t\t\t\t<div class=\"elementor-element elementor-element-4d1e7ff2 elementor-widget elementor-widget-heading\" data-id=\"4d1e7ff2\" data-element_type=\"widget\" data-widget_type=\"heading.default\">\n\t\t\t\t<div class=\"elementor-widget-container\">\n\t\t\t<h2 class=\"elementor-heading-title elementor-size-default\">CONT\u00c1CTANOS Y TE HACEMOS UN PRESUPUESTO A MEDIDA!<\/h2>\t\t<\/div>\n\t\t\t\t<\/div>\n\t\t\t\t<div class=\"elementor-element elementor-element-1ed58029 elementor-widget elementor-widget-text-editor\" data-id=\"1ed58029\" data-element_type=\"widget\" data-widget_type=\"text-editor.default\">\n\t\t\t\t<div class=\"elementor-widget-container\">\n\t\t\t\t\t\t\t<p>No lo dudes, pide tu presupuesto <strong>sin ning\u00fan compromiso<\/strong>. Le responderemos en <strong>menos de\u00a048h<\/strong> con un presupuesto ajustado a sus necesidades.<\/p>\n\t\t\t\t\t\t<\/div>\n\t\t\t\t<\/div>\n\t\t\t\t<div class=\"elementor-element elementor-element-350936a elementor-button-align-stretch elementor-widget elementor-widget-global elementor-global-2073 elementor-global-1206 elementor-widget-form\" data-id=\"350936a\" data-element_type=\"widget\" data-settings=\"{&quot;step_next_label&quot;:&quot;Next&quot;,&quot;step_previous_label&quot;:&quot;Previous&quot;,&quot;button_width&quot;:&quot;100&quot;,&quot;step_type&quot;:&quot;number_text&quot;,&quot;step_icon_shape&quot;:&quot;circle&quot;}\" data-widget_type=\"form.default\">\n\t\t\t\t<div class=\"elementor-widget-container\">\n\t\t\t\t\t<form class=\"elementor-form\" method=\"post\" name=\"Nuevo formulario\">\n\t\t\t<input type=\"hidden\" name=\"post_id\" value=\"1464\"\/>\n\t\t\t<input type=\"hidden\" name=\"form_id\" value=\"350936a\"\/>\n\t\t\t<input type=\"hidden\" name=\"referer_title\" value=\"VQ Serveis\" \/>\n\n\t\t\t\n\t\t\t<div class=\"elementor-form-fields-wrapper elementor-labels-above\">\n\t\t\t\t\t\t\t\t<div class=\"elementor-field-type-text elementor-field-group elementor-column elementor-field-group-name elementor-col-100 elementor-field-required elementor-mark-required\">\n\t\t\t\t\t\t\t\t\t\t\t\t<label for=\"form-field-name\" class=\"elementor-field-label\">\n\t\t\t\t\t\t\t\tNombre y apellidos\t\t\t\t\t\t\t<\/label>\n\t\t\t\t\t\t\t\t\t\t\t\t\t\t<input size=\"1\" type=\"text\" name=\"form_fields[name]\" id=\"form-field-name\" class=\"elementor-field elementor-size-sm  elementor-field-textual\" placeholder=\"...\" required=\"required\" aria-required=\"true\">\n\t\t\t\t\t\t\t\t\t\t\t<\/div>\n\t\t\t\t\t\t\t\t<div class=\"elementor-field-type-email elementor-field-group elementor-column elementor-field-group-email elementor-col-100 elementor-field-required elementor-mark-required\">\n\t\t\t\t\t\t\t\t\t\t\t\t<label for=\"form-field-email\" class=\"elementor-field-label\">\n\t\t\t\t\t\t\t\tCorreo electr\u00f3nico\t\t\t\t\t\t\t<\/label>\n\t\t\t\t\t\t\t\t\t\t\t\t\t\t<input size=\"1\" type=\"email\" name=\"form_fields[email]\" id=\"form-field-email\" class=\"elementor-field elementor-size-sm  elementor-field-textual\" placeholder=\"...\" required=\"required\" aria-required=\"true\">\n\t\t\t\t\t\t\t\t\t\t\t<\/div>\n\t\t\t\t\t\t\t\t<div class=\"elementor-field-type-tel elementor-field-group elementor-column elementor-field-group-field_ebf336e elementor-col-50 elementor-field-required elementor-mark-required\">\n\t\t\t\t\t\t\t\t\t\t\t\t<label for=\"form-field-field_ebf336e\" class=\"elementor-field-label\">\n\t\t\t\t\t\t\t\tTel\u00e9fono\t\t\t\t\t\t\t<\/label>\n\t\t\t\t\t\t\t\t<input size=\"1\" type=\"tel\" name=\"form_fields[field_ebf336e]\" id=\"form-field-field_ebf336e\" class=\"elementor-field elementor-size-sm  elementor-field-textual\" placeholder=\"...\" required=\"required\" aria-required=\"true\" pattern=\"[0-9()#&amp;+*-=.]+\" title=\"Solo se aceptan n\u00fameros y caracteres de tel\u00e9fono (#,-,*,etc).\">\n\n\t\t\t\t\t\t<\/div>\n\t\t\t\t\t\t\t\t<div class=\"elementor-field-type-text elementor-field-group elementor-column elementor-field-group-field_447203a elementor-col-50 elementor-field-required elementor-mark-required\">\n\t\t\t\t\t\t\t\t\t\t\t\t<label for=\"form-field-field_447203a\" class=\"elementor-field-label\">\n\t\t\t\t\t\t\t\tPoblaci\u00f3n\t\t\t\t\t\t\t<\/label>\n\t\t\t\t\t\t\t\t\t\t\t\t\t\t<input size=\"1\" type=\"text\" name=\"form_fields[field_447203a]\" id=\"form-field-field_447203a\" class=\"elementor-field elementor-size-sm  elementor-field-textual\" placeholder=\"...\" required=\"required\" aria-required=\"true\">\n\t\t\t\t\t\t\t\t\t\t\t<\/div>\n\t\t\t\t\t\t\t\t<div class=\"elementor-field-type-select elementor-field-group elementor-column elementor-field-group-field_f3055e1 elementor-col-100 elementor-field-required elementor-mark-required\">\n\t\t\t\t\t\t\t\t\t\t\t\t<label for=\"form-field-field_f3055e1\" class=\"elementor-field-label\">\n\t\t\t\t\t\t\t\tTipo de Servicio\t\t\t\t\t\t\t<\/label>\n\t\t\t\t\t\t\t\t<div class=\"elementor-field elementor-select-wrapper \">\n\t\t\t<select name=\"form_fields[field_f3055e1]\" id=\"form-field-field_f3055e1\" class=\"elementor-field-textual elementor-size-sm\" required=\"required\" aria-required=\"true\">\n\t\t\t\t\t\t\t\t\t<option value=\"Limpieza\">Limpieza<\/option>\n\t\t\t\t\t\t\t\t\t<option value=\"Jardiner\u00eda\">Jardiner\u00eda<\/option>\n\t\t\t\t\t\t\t\t\t<option value=\"Pintura\">Pintura<\/option>\n\t\t\t\t\t\t\t\t\t<option value=\"Obra Menor\">Obra Menor<\/option>\n\t\t\t\t\t\t\t\t\t<option value=\" INDUSTRIAL I OUTSOURCING\">INDUSTRIAL I OUTSOURCING <\/option>\n\t\t\t\t\t\t\t\t\t<option value=\"Otros\">Otros<\/option>\n\t\t\t\t\t\t\t<\/select>\n\t\t<\/div>\n\t\t\t\t\t\t<\/div>\n\t\t\t\t\t\t\t\t<div class=\"elementor-field-type-textarea elementor-field-group elementor-column elementor-field-group-message elementor-col-100 elementor-field-required elementor-mark-required\">\n\t\t\t\t\t\t\t\t\t\t\t\t<label for=\"form-field-message\" class=\"elementor-field-label\">\n\t\t\t\t\t\t\t\tDetalles del presupuesto\t\t\t\t\t\t\t<\/label>\n\t\t\t\t\t\t<textarea class=\"elementor-field-textual elementor-field  elementor-size-sm\" name=\"form_fields[message]\" id=\"form-field-message\" rows=\"4\" placeholder=\"...\" required=\"required\" aria-required=\"true\"><\/textarea>\t\t\t\t<\/div>\n\t\t\t\t\t\t\t\t<div class=\"elementor-field-type-acceptance elementor-field-group elementor-column elementor-field-group-field_cea9a48 elementor-col-100 elementor-field-required elementor-mark-required\">\n\t\t\t\t\t\t\t<div class=\"elementor-field-subgroup\">\n\t\t\t<span class=\"elementor-field-option\">\n\t\t\t\t<input type=\"checkbox\" name=\"form_fields[field_cea9a48]\" id=\"form-field-field_cea9a48\" class=\"elementor-field elementor-size-sm  elementor-acceptance-field\" required=\"required\" aria-required=\"true\">\n\t\t\t\t<label for=\"form-field-field_cea9a48\">He le\u00eddo y acepto la <a href=\"https:\/\/vqserveis.esuite.cat\/es\/politica-de-privacidad\/\"> pol\u00edtica de privacidad <\/a><\/label>\t\t\t<\/span>\n\t\t<\/div>\n\t\t\t\t\t\t<\/div>\n\t\t\t\t\t\t\t\t<div class=\"elementor-field-type-recaptcha_v3 elementor-field-group elementor-column elementor-field-group-field_0905324 elementor-col-100 recaptcha_v3-bottomright\">\n\t\t\t\t\t<div class=\"elementor-field\" id=\"form-field-field_0905324\"><div class=\"elementor-g-recaptcha\" data-sitekey=\"6Lc2CKsdAAAAAJfv0CaJ_b0akWWHVIHimSr3CAVU\" data-type=\"v3\" data-action=\"Form\" data-badge=\"bottomright\" data-size=\"invisible\"><\/div><\/div>\t\t\t\t<\/div>\n\t\t\t\t\t\t\t\t<div class=\"elementor-field-group elementor-column elementor-field-type-submit elementor-col-100 e-form__buttons\">\n\t\t\t\t\t<button type=\"submit\" class=\"elementor-button elementor-size-md\">\n\t\t\t\t\t\t<span >\n\t\t\t\t\t\t\t\t\t\t\t\t\t\t\t<span class=\"elementor-align-icon-left elementor-button-icon\">\n\t\t\t\t\t\t\t\t\t<i aria-hidden=\"true\" class=\"far fa-envelope-open\"><\/i>\t\t\t\t\t\t\t\t\t\t\t\t\t\t\t\t\t<\/span>\n\t\t\t\t\t\t\t\t\t\t\t\t\t\t\t\t\t\t\t\t\t\t<span class=\"elementor-button-text\">Solicitar presupuesto<\/span>\n\t\t\t\t\t\t\t\t\t\t\t\t\t<\/span>\n\t\t\t\t\t<\/button>\n\t\t\t\t<\/div>\n\t\t\t<\/div>\n\t\t<\/form>\n\t\t\t\t<\/div>\n\t\t\t\t<\/div>\n\t\t\t\t\t<\/div>\n\t\t<\/div>\n\t\t\t\t\t\t\t<\/div>\n\t\t<\/section>\n\t\t\t\t\t<\/div>\n\t\t<\/div>\n\t\t\t\t\t\t\t<\/div>\n\t\t<\/section>\n\t\t\t\t\t\t\t<\/div>\n\t\t","protected":false},"excerpt":{"rendered":"<p>Servicios de Pintura El color de nuestro entorno define tambi\u00e9n c\u00f3mo es nuestro estado de \u00e1nimo y cu\u00e1les son nuestras sensaciones y por eso, es com\u00fan necesitar un cambio cuando tambi\u00e9n afrontamos nuevos retos y situaciones en nuestras vidas. Nuestro cat\u00e1logo de servicios es muy amplio, hecho que nos permite trabajar tanto para particulares como [&hellip;]<\/p>\n","protected":false},"author":1,"featured_media":0,"parent":0,"menu_order":0,"comment_status":"closed","ping_status":"closed","template":"elementor_header_footer","meta":{"footnotes":""},"class_list":["post-1464","page","type-page","status-publish","hentry"],"yoast_head":"<!-- This site is optimized with the Yoast SEO plugin v21.1 - https:\/\/yoast.com\/wordpress\/plugins\/seo\/ -->\n<title>Servicio de Pintura - VQ Serveis<\/title>\n<meta name=\"description\" content=\"Nuestro cat\u00e1logo de servicio de pintura es muy amplio, pintamos pisos, naves, piscinas, parkings para particulares y para la econom\u00eda productiva.\" \/>\n<meta name=\"robots\" content=\"index, follow, max-snippet:-1, max-image-preview:large, max-video-preview:-1\" \/>\n<link rel=\"canonical\" href=\"https:\/\/vqserveis.com\/es\/pintura\/\" \/>\n<meta property=\"og:locale\" content=\"es_ES\" \/>\n<meta property=\"og:type\" content=\"article\" \/>\n<meta property=\"og:title\" content=\"Servicio de Pintura - VQ Serveis\" \/>\n<meta property=\"og:description\" content=\"Nuestro cat\u00e1logo de servicio de pintura es muy amplio, pintamos pisos, naves, piscinas, parkings para particulares y para la econom\u00eda productiva.\" \/>\n<meta property=\"og:url\" content=\"https:\/\/vqserveis.com\/es\/pintura\/\" \/>\n<meta property=\"og:site_name\" content=\"VQ Serveis\" \/>\n<meta property=\"article:modified_time\" content=\"2021-12-16T16:05:12+00:00\" \/>\n<meta property=\"og:image\" content=\"https:\/\/vqserveis.esuite.cat\/wp-content\/uploads\/2021\/06\/servicio-pintura-1-768x512.jpg\" \/>\n<meta name=\"twitter:card\" content=\"summary_large_image\" \/>\n<meta name=\"twitter:label1\" content=\"Tiempo de lectura\" \/>\n\t<meta name=\"twitter:data1\" content=\"1 minuto\" \/>\n<script type=\"application\/ld+json\" class=\"yoast-schema-graph\">{\"@context\":\"https:\/\/schema.org\",\"@graph\":[{\"@type\":\"WebPage\",\"@id\":\"https:\/\/vqserveis.com\/es\/pintura\/\",\"url\":\"https:\/\/vqserveis.com\/es\/pintura\/\",\"name\":\"Servicio de Pintura - VQ Serveis\",\"isPartOf\":{\"@id\":\"https:\/\/vqserveis.com\/ca\/#website\"},\"datePublished\":\"2021-06-25T15:58:02+00:00\",\"dateModified\":\"2021-12-16T16:05:12+00:00\",\"description\":\"Nuestro cat\u00e1logo de servicio de pintura es muy amplio, pintamos pisos, naves, piscinas, parkings para particulares y para la econom\u00eda productiva.\",\"breadcrumb\":{\"@id\":\"https:\/\/vqserveis.com\/es\/pintura\/#breadcrumb\"},\"inLanguage\":\"es\",\"potentialAction\":[{\"@type\":\"ReadAction\",\"target\":[\"https:\/\/vqserveis.com\/es\/pintura\/\"]}]},{\"@type\":\"BreadcrumbList\",\"@id\":\"https:\/\/vqserveis.com\/es\/pintura\/#breadcrumb\",\"itemListElement\":[{\"@type\":\"ListItem\",\"position\":1,\"name\":\"Portada\",\"item\":\"https:\/\/vqserveis.com\/es\/\"},{\"@type\":\"ListItem\",\"position\":2,\"name\":\"Pintura\"}]},{\"@type\":\"WebSite\",\"@id\":\"https:\/\/vqserveis.com\/ca\/#website\",\"url\":\"https:\/\/vqserveis.com\/ca\/\",\"name\":\"VQ Serveis\",\"description\":\"\",\"publisher\":{\"@id\":\"https:\/\/vqserveis.com\/ca\/#organization\"},\"potentialAction\":[{\"@type\":\"SearchAction\",\"target\":{\"@type\":\"EntryPoint\",\"urlTemplate\":\"https:\/\/vqserveis.com\/ca\/?s={search_term_string}\"},\"query-input\":\"required name=search_term_string\"}],\"inLanguage\":\"es\"},{\"@type\":\"Organization\",\"@id\":\"https:\/\/vqserveis.com\/ca\/#organization\",\"name\":\"VQ Serveis\",\"url\":\"https:\/\/vqserveis.com\/ca\/\",\"logo\":{\"@type\":\"ImageObject\",\"inLanguage\":\"es\",\"@id\":\"https:\/\/vqserveis.com\/ca\/#\/schema\/logo\/image\/\",\"url\":\"https:\/\/vqserveis.com\/wp-content\/uploads\/2021\/06\/cropped-vq_brillo.gif\",\"contentUrl\":\"https:\/\/vqserveis.com\/wp-content\/uploads\/2021\/06\/cropped-vq_brillo.gif\",\"width\":780,\"height\":360,\"caption\":\"VQ Serveis\"},\"image\":{\"@id\":\"https:\/\/vqserveis.com\/ca\/#\/schema\/logo\/image\/\"}}]}<\/script>\n<!-- \/ Yoast SEO plugin. -->","yoast_head_json":{"title":"Servicio de Pintura - VQ Serveis","description":"Nuestro cat\u00e1logo de servicio de pintura es muy amplio, pintamos pisos, naves, piscinas, parkings para particulares y para la econom\u00eda productiva.","robots":{"index":"index","follow":"follow","max-snippet":"max-snippet:-1","max-image-preview":"max-image-preview:large","max-video-preview":"max-video-preview:-1"},"canonical":"https:\/\/vqserveis.com\/es\/pintura\/","og_locale":"es_ES","og_type":"article","og_title":"Servicio de Pintura - VQ Serveis","og_description":"Nuestro cat\u00e1logo de servicio de pintura es muy amplio, pintamos pisos, naves, piscinas, parkings para particulares y para la econom\u00eda productiva.","og_url":"https:\/\/vqserveis.com\/es\/pintura\/","og_site_name":"VQ Serveis","article_modified_time":"2021-12-16T16:05:12+00:00","og_image":[{"url":"https:\/\/vqserveis.esuite.cat\/wp-content\/uploads\/2021\/06\/servicio-pintura-1-768x512.jpg"}],"twitter_card":"summary_large_image","twitter_misc":{"Tiempo de lectura":"1 minuto"},"schema":{"@context":"https:\/\/schema.org","@graph":[{"@type":"WebPage","@id":"https:\/\/vqserveis.com\/es\/pintura\/","url":"https:\/\/vqserveis.com\/es\/pintura\/","name":"Servicio de Pintura - VQ Serveis","isPartOf":{"@id":"https:\/\/vqserveis.com\/ca\/#website"},"datePublished":"2021-06-25T15:58:02+00:00","dateModified":"2021-12-16T16:05:12+00:00","description":"Nuestro cat\u00e1logo de servicio de pintura es muy amplio, pintamos pisos, naves, piscinas, parkings para particulares y para la econom\u00eda productiva.","breadcrumb":{"@id":"https:\/\/vqserveis.com\/es\/pintura\/#breadcrumb"},"inLanguage":"es","potentialAction":[{"@type":"ReadAction","target":["https:\/\/vqserveis.com\/es\/pintura\/"]}]},{"@type":"BreadcrumbList","@id":"https:\/\/vqserveis.com\/es\/pintura\/#breadcrumb","itemListElement":[{"@type":"ListItem","position":1,"name":"Portada","item":"https:\/\/vqserveis.com\/es\/"},{"@type":"ListItem","position":2,"name":"Pintura"}]},{"@type":"WebSite","@id":"https:\/\/vqserveis.com\/ca\/#website","url":"https:\/\/vqserveis.com\/ca\/","name":"VQ Serveis","description":"","publisher":{"@id":"https:\/\/vqserveis.com\/ca\/#organization"},"potentialAction":[{"@type":"SearchAction","target":{"@type":"EntryPoint","urlTemplate":"https:\/\/vqserveis.com\/ca\/?s={search_term_string}"},"query-input":"required name=search_term_string"}],"inLanguage":"es"},{"@type":"Organization","@id":"https:\/\/vqserveis.com\/ca\/#organization","name":"VQ Serveis","url":"https:\/\/vqserveis.com\/ca\/","logo":{"@type":"ImageObject","inLanguage":"es","@id":"https:\/\/vqserveis.com\/ca\/#\/schema\/logo\/image\/","url":"https:\/\/vqserveis.com\/wp-content\/uploads\/2021\/06\/cropped-vq_brillo.gif","contentUrl":"https:\/\/vqserveis.com\/wp-content\/uploads\/2021\/06\/cropped-vq_brillo.gif","width":780,"height":360,"caption":"VQ Serveis"},"image":{"@id":"https:\/\/vqserveis.com\/ca\/#\/schema\/logo\/image\/"}}]}},"_links":{"self":[{"href":"https:\/\/vqserveis.com\/es\/wp-json\/wp\/v2\/pages\/1464","targetHints":{"allow":["GET"]}}],"collection":[{"href":"https:\/\/vqserveis.com\/es\/wp-json\/wp\/v2\/pages"}],"about":[{"href":"https:\/\/vqserveis.com\/es\/wp-json\/wp\/v2\/types\/page"}],"author":[{"embeddable":true,"href":"https:\/\/vqserveis.com\/es\/wp-json\/wp\/v2\/users\/1"}],"replies":[{"embeddable":true,"href":"https:\/\/vqserveis.com\/es\/wp-json\/wp\/v2\/comments?post=1464"}],"version-history":[{"count":4,"href":"https:\/\/vqserveis.com\/es\/wp-json\/wp\/v2\/pages\/1464\/revisions"}],"predecessor-version":[{"id":2012,"href":"https:\/\/vqserveis.com\/es\/wp-json\/wp\/v2\/pages\/1464\/revisions\/2012"}],"wp:attachment":[{"href":"https:\/\/vqserveis.com\/es\/wp-json\/wp\/v2\/media?parent=1464"}],"curies":[{"name":"wp","href":"https:\/\/api.w.org\/{rel}","templated":true}]}}