{"id":1671,"date":"2021-06-28T13:15:07","date_gmt":"2021-06-28T13:15:07","guid":{"rendered":"https:\/\/vqserveis.esuite.cat\/vq-serveis\/"},"modified":"2022-02-25T11:24:17","modified_gmt":"2022-02-25T11:24:17","slug":"vq-serveis","status":"publish","type":"page","link":"https:\/\/vqserveis.com\/es\/vq-serveis\/","title":{"rendered":"VQ Serveis"},"content":{"rendered":"\t\t<div data-elementor-type=\"wp-page\" data-elementor-id=\"1671\" class=\"elementor elementor-1671 elementor-16\">\n\t\t\t\t\t\t\t\t\t<section class=\"elementor-section elementor-top-section elementor-element elementor-element-5f921b1 elementor-section-boxed elementor-section-height-default elementor-section-height-default\" data-id=\"5f921b1\" data-element_type=\"section\" data-settings=\"{&quot;background_background&quot;:&quot;classic&quot;}\">\n\t\t\t\t\t\t\t<div class=\"elementor-background-overlay\"><\/div>\n\t\t\t\t\t\t\t<div class=\"elementor-container elementor-column-gap-default\">\n\t\t\t\t\t<div class=\"elementor-column elementor-col-100 elementor-top-column elementor-element elementor-element-7d9f4b46\" data-id=\"7d9f4b46\" data-element_type=\"column\">\n\t\t\t<div class=\"elementor-widget-wrap elementor-element-populated\">\n\t\t\t\t\t\t\t\t<div class=\"elementor-element elementor-element-2393ff3 elementor-widget elementor-widget-heading\" data-id=\"2393ff3\" data-element_type=\"widget\" data-widget_type=\"heading.default\">\n\t\t\t\t<div class=\"elementor-widget-container\">\n\t\t\t<h1 class=\"elementor-heading-title elementor-size-default\">Somos VQ Serveis, <br><b>expertos en soluciones<\/b><\/h1>\t\t<\/div>\n\t\t\t\t<\/div>\n\t\t\t\t\t<\/div>\n\t\t<\/div>\n\t\t\t\t\t\t\t<\/div>\n\t\t<\/section>\n\t\t\t\t<section class=\"elementor-section elementor-top-section elementor-element elementor-element-16b077a elementor-section-boxed elementor-section-height-default elementor-section-height-default\" data-id=\"16b077a\" data-element_type=\"section\">\n\t\t\t\t\t\t<div class=\"elementor-container elementor-column-gap-default\">\n\t\t\t\t\t<div class=\"elementor-column elementor-col-100 elementor-top-column elementor-element elementor-element-1a16120f\" data-id=\"1a16120f\" data-element_type=\"column\">\n\t\t\t<div class=\"elementor-widget-wrap elementor-element-populated\">\n\t\t\t\t\t\t\t\t<div class=\"elementor-element elementor-element-7dc09ad2 elementor-widget elementor-widget-heading\" data-id=\"7dc09ad2\" data-element_type=\"widget\" data-widget_type=\"heading.default\">\n\t\t\t\t<div class=\"elementor-widget-container\">\n\t\t\t<h2 class=\"elementor-heading-title elementor-size-default\">TRABAJAMOS PARA SEGUIR OFRECIENDO A NUESTROS CLIENTES UN CAT\u00c1LOGO DE SERVICIOS SIEMPRE CAPAZ DE SATISFACER LAS NUEVAS NECESIDADES<\/h2>\t\t<\/div>\n\t\t\t\t<\/div>\n\t\t\t\t<div class=\"elementor-element elementor-element-c56a6f elementor-widget elementor-widget-text-editor\" data-id=\"c56a6f\" data-element_type=\"widget\" data-widget_type=\"text-editor.default\">\n\t\t\t\t<div class=\"elementor-widget-container\">\n\t\t\t\t\t\t\t<p>VQ Serveis (Vintage Quality S.L.) es una empresa de servicios especializada en<strong> limpieza, jardiner\u00eda, obra menor, pintura, mantenimiento industrial y outsorcing<\/strong>.<\/p><p>A finales del 2016, Joan Sol\u00e9 y Pareta y Pere-Oleguer Ros i Farr\u00e9 fundaron <strong>VQ Serveis<\/strong>, un proyecto dotado de una fuerte vocaci\u00f3n de mejora y de evoluci\u00f3n constante y con el objetivo de trabajar para tener siempre la capacidad de adaptarse en las nuevas demandas y necesidades de los clientes.<\/p><p>Actualmente, contamos con un <strong>equipo humano de m\u00e1s de 150 personas<\/strong> y con un volumen superior a las <strong>15000 horas mensuales de servicios <\/strong>a nuestros clientes de todo Catalu\u00f1a y tambi\u00e9n del Arag\u00f3n, tanto del sector p\u00fablico como del sector privado.<\/p><p><strong>EQUIPO HUMANO<\/strong><\/p><p>Expertos limpiadores, cristaleros, jardineros&#8230;<\/p><p><strong>Las personas que forman parte del equipo de VQ Serveis son nuestro mejor activo<\/strong>; contamos con trabajadores <strong>especializados, motivados, en constante formaci\u00f3n<\/strong> y con la capacidad de ejecutar con solvencia las tareas encomendadas, hecho que <strong>nos permite garantizar la calidad de nuestros servicios y la satisfacci\u00f3n del cliente.<\/strong><\/p><p><strong>EQUIPO DIRECTIVO Y ADMINISTRACI\u00d3N<\/strong><\/p><p><strong>Din\u00e1mico y proactivo<\/strong>, con vocaci\u00f3n de servicio y con la firme convicci\u00f3n que la clave del \u00e9xito es el <strong>trato humano y pr\u00f3ximo<\/strong> tanto con los clientes como con toda la plantilla.<\/p><p><strong>SOLUCIONES INNOVADORAS<\/strong><\/p><p>Trabajamos para seguir modernizando los procesos, para mejorar nuestros protocolos y para conocer y seleccionar nuevos productos y maquinaria de \u00faltima generaci\u00f3n.<\/p><p>Esta filosof\u00eda nos hace cada d\u00eda m\u00e1s eficientes y productivos y, a la vez, nos capacita para realizar tareas complejas o de precisi\u00f3n como el <strong>mantenimiento industrial de bienes de equipo de \u00faltima tecnolog\u00eda, la desinfecci\u00f3n de residencias de la tercera edad, la limpieza de tallas policromadas,<\/strong> etc. y, a la vez, para llevar a cabo actuaciones de gran alcance como la <strong>poda de arbolados p\u00fablicos, la limpieza de grandes superficies (polideportivos, naves industriales, etc.), la aplicaci\u00f3n de pintura epoxi en tierras industriales y talleres,<\/strong> etc.<\/p><p>Estos conocimientos tambi\u00e9n nos permiten trabajar en sectores con protocolos <strong>muy estrictos<\/strong>: laboratorios de salud animal, cl\u00ednicas, hogares de ni\u00f1os, equipaciones deportivas, plantas de tratamiento de agua y de residuos, industria agroalimentaria, patrimonio monumental, etc.<\/p><p>En VQ Serveis somos resolutivos, por eso nos comprometemos a librarle un presupuesto adaptado a sus necesidades, gratuito y sin compromiso, en <strong>menos de 48 horas<\/strong>.<\/p>\t\t\t\t\t\t<\/div>\n\t\t\t\t<\/div>\n\t\t\t\t<section class=\"elementor-section elementor-inner-section elementor-element elementor-element-3bd4b81 elementor-section-boxed elementor-section-height-default elementor-section-height-default\" data-id=\"3bd4b81\" data-element_type=\"section\">\n\t\t\t\t\t\t<div class=\"elementor-container elementor-column-gap-default\">\n\t\t\t\t\t<div class=\"elementor-column elementor-col-100 elementor-inner-column elementor-element elementor-element-82978cc\" data-id=\"82978cc\" data-element_type=\"column\">\n\t\t\t<div class=\"elementor-widget-wrap elementor-element-populated\">\n\t\t\t\t\t\t\t\t<div class=\"elementor-element elementor-element-5fbaa2d elementor-widget elementor-widget-heading\" data-id=\"5fbaa2d\" data-element_type=\"widget\" data-widget_type=\"heading.default\">\n\t\t\t\t<div class=\"elementor-widget-container\">\n\t\t\t<h2 class=\"elementor-heading-title elementor-size-default\"><b>VQ Control<\/b>, App para visualizar las tareas de limpieza realizadas y el control horario<\/h2>\t\t<\/div>\n\t\t\t\t<\/div>\n\t\t\t\t\t<\/div>\n\t\t<\/div>\n\t\t\t\t\t\t\t<\/div>\n\t\t<\/section>\n\t\t\t\t<section class=\"elementor-section elementor-inner-section elementor-element elementor-element-a274d04 elementor-section-boxed elementor-section-height-default elementor-section-height-default\" data-id=\"a274d04\" data-element_type=\"section\">\n\t\t\t\t\t\t<div class=\"elementor-container elementor-column-gap-default\">\n\t\t\t\t\t<div class=\"elementor-column elementor-col-50 elementor-inner-column elementor-element elementor-element-d1b7bb4\" data-id=\"d1b7bb4\" data-element_type=\"column\">\n\t\t\t<div class=\"elementor-widget-wrap elementor-element-populated\">\n\t\t\t\t\t\t\t\t<div class=\"elementor-element elementor-element-1bd3645 elementor-widget elementor-widget-text-editor\" data-id=\"1bd3645\" data-element_type=\"widget\" data-widget_type=\"text-editor.default\">\n\t\t\t\t<div class=\"elementor-widget-container\">\n\t\t\t\t\t\t\tMediante nuestra propia aplicaci\u00f3n inform\u00e1tica, <strong>VQ CONTROL<\/strong> \u00a9, registramos los fichajes de horarios geolocalitzados de toda la plantilla.\r\n\r\nLos registros horarios, los checklists, las fichas de seguridad, las incidencias y las encuestas de calidad est\u00e1n <strong>a disposici\u00f3n del cliente<\/strong> a trav\u00e9s del \u00e1rea privada de nuestra web.\r\n\r\nDesde el \u00e1rea de usuario, el responsable puede comprobar al momento las <strong>tareas realizadas diariamente<\/strong> por las personas adscritas, el hist\u00f3rico de los fichajes y tambi\u00e9n la programaci\u00f3n y ejecuci\u00f3n de las tareas de nuestros equipos de especialistas.\t\t\t\t\t\t<\/div>\n\t\t\t\t<\/div>\n\t\t\t\t\t<\/div>\n\t\t<\/div>\n\t\t\t\t<div class=\"elementor-column elementor-col-50 elementor-inner-column elementor-element elementor-element-cdecb05\" data-id=\"cdecb05\" data-element_type=\"column\">\n\t\t\t<div class=\"elementor-widget-wrap elementor-element-populated\">\n\t\t\t\t\t\t\t\t<div class=\"elementor-element elementor-element-eea9fde elementor-widget elementor-widget-image\" data-id=\"eea9fde\" data-element_type=\"widget\" data-widget_type=\"image.default\">\n\t\t\t\t<div class=\"elementor-widget-container\">\n\t\t\t\t\t\t\t\t\t\t\t\t\t\t\t<img loading=\"lazy\" decoding=\"async\" width=\"782\" height=\"1024\" src=\"https:\/\/vqserveis.com\/wp-content\/uploads\/2021\/06\/app-vqcontrol-1-782x1024.jpg\" class=\"attachment-large size-large wp-image-1447\" alt=\"\" srcset=\"https:\/\/vqserveis.com\/wp-content\/uploads\/2021\/06\/app-vqcontrol-1-782x1024.jpg 782w, https:\/\/vqserveis.com\/wp-content\/uploads\/2021\/06\/app-vqcontrol-1-229x300.jpg 229w, https:\/\/vqserveis.com\/wp-content\/uploads\/2021\/06\/app-vqcontrol-1-768x1006.jpg 768w, https:\/\/vqserveis.com\/wp-content\/uploads\/2021\/06\/app-vqcontrol-1.jpg 800w\" sizes=\"auto, (max-width: 782px) 100vw, 782px\" \/>\t\t\t\t\t\t\t\t\t\t\t\t\t\t\t<\/div>\n\t\t\t\t<\/div>\n\t\t\t\t\t<\/div>\n\t\t<\/div>\n\t\t\t\t\t\t\t<\/div>\n\t\t<\/section>\n\t\t\t\t\t<\/div>\n\t\t<\/div>\n\t\t\t\t\t\t\t<\/div>\n\t\t<\/section>\n\t\t\t\t<section class=\"elementor-section elementor-top-section elementor-element elementor-element-76f38eca elementor-section-full_width elementor-section-height-min-height elementor-section-items-stretch elementor-section-height-default\" data-id=\"76f38eca\" data-element_type=\"section\">\n\t\t\t\t\t\t<div class=\"elementor-container elementor-column-gap-default\">\n\t\t\t\t\t<div class=\"elementor-column elementor-col-100 elementor-top-column elementor-element elementor-element-2b5ccfcc\" data-id=\"2b5ccfcc\" data-element_type=\"column\" data-settings=\"{&quot;background_background&quot;:&quot;classic&quot;}\">\n\t\t\t<div class=\"elementor-widget-wrap elementor-element-populated\">\n\t\t\t\t\t\t\t\t<section class=\"elementor-section elementor-inner-section elementor-element elementor-element-6672c276 elementor-section-full_width elementor-reverse-tablet elementor-reverse-mobile elementor-section-height-default elementor-section-height-default\" data-id=\"6672c276\" data-element_type=\"section\">\n\t\t\t\t\t\t<div class=\"elementor-container elementor-column-gap-default\">\n\t\t\t\t\t<div class=\"elementor-column elementor-col-50 elementor-inner-column elementor-element elementor-element-31be14c6\" data-id=\"31be14c6\" data-element_type=\"column\">\n\t\t\t<div class=\"elementor-widget-wrap elementor-element-populated\">\n\t\t\t\t\t\t\t\t<div class=\"elementor-element elementor-element-5d0af722 elementor-widget elementor-widget-image\" data-id=\"5d0af722\" data-element_type=\"widget\" data-widget_type=\"image.default\">\n\t\t\t\t<div class=\"elementor-widget-container\">\n\t\t\t\t\t\t\t\t\t\t\t\t\t\t\t<img loading=\"lazy\" decoding=\"async\" width=\"1200\" height=\"1676\" src=\"https:\/\/vqserveis.com\/wp-content\/uploads\/2021\/06\/limpieza-cristales-2.png\" class=\"attachment-full size-full wp-image-1158\" alt=\"\" srcset=\"https:\/\/vqserveis.com\/wp-content\/uploads\/2021\/06\/limpieza-cristales-2.png 1200w, https:\/\/vqserveis.com\/wp-content\/uploads\/2021\/06\/limpieza-cristales-2-215x300.png 215w, https:\/\/vqserveis.com\/wp-content\/uploads\/2021\/06\/limpieza-cristales-2-733x1024.png 733w, https:\/\/vqserveis.com\/wp-content\/uploads\/2021\/06\/limpieza-cristales-2-768x1073.png 768w, https:\/\/vqserveis.com\/wp-content\/uploads\/2021\/06\/limpieza-cristales-2-1100x1536.png 1100w\" sizes=\"auto, (max-width: 1200px) 100vw, 1200px\" \/>\t\t\t\t\t\t\t\t\t\t\t\t\t\t\t<\/div>\n\t\t\t\t<\/div>\n\t\t\t\t\t<\/div>\n\t\t<\/div>\n\t\t\t\t<div class=\"elementor-column elementor-col-50 elementor-inner-column elementor-element elementor-element-707a5315\" data-id=\"707a5315\" data-element_type=\"column\">\n\t\t\t<div class=\"elementor-widget-wrap elementor-element-populated\">\n\t\t\t\t\t\t\t\t<div class=\"elementor-element elementor-element-7927d3f5 elementor-widget elementor-widget-heading\" data-id=\"7927d3f5\" data-element_type=\"widget\" data-widget_type=\"heading.default\">\n\t\t\t\t<div class=\"elementor-widget-container\">\n\t\t\t<h2 class=\"elementor-heading-title elementor-size-default\">nuestra misi\u00f3n es <b> mantenerlo todo limpio y a punto para tu felicidad.<\/b><\/h2>\t\t<\/div>\n\t\t\t\t<\/div>\n\t\t\t\t\t<\/div>\n\t\t<\/div>\n\t\t\t\t\t\t\t<\/div>\n\t\t<\/section>\n\t\t\t\t\t<\/div>\n\t\t<\/div>\n\t\t\t\t\t\t\t<\/div>\n\t\t<\/section>\n\t\t\t\t\t\t\t<\/div>\n\t\t","protected":false},"excerpt":{"rendered":"<p>Somos VQ Serveis, expertos en soluciones TRABAJAMOS PARA SEGUIR OFRECIENDO A NUESTROS CLIENTES UN CAT\u00c1LOGO DE SERVICIOS SIEMPRE CAPAZ DE SATISFACER LAS NUEVAS NECESIDADES VQ Serveis (Vintage Quality S.L.) es una empresa de servicios especializada en limpieza, jardiner\u00eda, obra menor, pintura, mantenimiento industrial y outsorcing. A finales del 2016, Joan Sol\u00e9 y Pareta y Pere-Oleguer [&hellip;]<\/p>\n","protected":false},"author":1,"featured_media":0,"parent":0,"menu_order":0,"comment_status":"closed","ping_status":"closed","template":"elementor_header_footer","meta":{"footnotes":""},"class_list":["post-1671","page","type-page","status-publish","hentry"],"yoast_head":"<!-- This site is optimized with the Yoast SEO plugin v21.1 - https:\/\/yoast.com\/wordpress\/plugins\/seo\/ -->\n<title>VQ Serveis - Expertos en limpieza<\/title>\n<meta name=\"description\" content=\"VQ Serveis con m\u00e1s de 20 a\u00f1os de trayectoria, nos hemos reinventado para poder ofrecer los mejores servicios y cubrir tus necesidades.\" \/>\n<meta name=\"robots\" content=\"index, follow, max-snippet:-1, max-image-preview:large, max-video-preview:-1\" \/>\n<link rel=\"canonical\" href=\"https:\/\/vqserveis.com\/ca\/vq-serveis\/\" \/>\n<meta property=\"og:locale\" content=\"es_ES\" \/>\n<meta property=\"og:type\" content=\"article\" \/>\n<meta property=\"og:title\" content=\"VQ Serveis - Expertos en limpieza\" \/>\n<meta property=\"og:description\" content=\"VQ Serveis con m\u00e1s de 20 a\u00f1os de trayectoria, nos hemos reinventado para poder ofrecer los mejores servicios y cubrir tus necesidades.\" \/>\n<meta property=\"og:url\" content=\"https:\/\/vqserveis.com\/ca\/vq-serveis\/\" \/>\n<meta property=\"og:site_name\" content=\"VQ Serveis\" \/>\n<meta property=\"article:modified_time\" content=\"2022-02-25T11:24:17+00:00\" \/>\n<meta property=\"og:image\" content=\"https:\/\/vqserveis.com\/wp-content\/uploads\/2021\/06\/app-vqcontrol-1-782x1024.jpg\" \/>\n<meta name=\"twitter:card\" content=\"summary_large_image\" \/>\n<meta name=\"twitter:label1\" content=\"Tiempo de lectura\" \/>\n\t<meta name=\"twitter:data1\" content=\"3 minutos\" \/>\n<script type=\"application\/ld+json\" class=\"yoast-schema-graph\">{\"@context\":\"https:\/\/schema.org\",\"@graph\":[{\"@type\":\"WebPage\",\"@id\":\"https:\/\/vqserveis.com\/ca\/vq-serveis\/\",\"url\":\"https:\/\/vqserveis.com\/ca\/vq-serveis\/\",\"name\":\"VQ Serveis - Expertos en limpieza\",\"isPartOf\":{\"@id\":\"https:\/\/vqserveis.com\/ca\/#website\"},\"datePublished\":\"2021-06-28T13:15:07+00:00\",\"dateModified\":\"2022-02-25T11:24:17+00:00\",\"description\":\"VQ Serveis con m\u00e1s de 20 a\u00f1os de trayectoria, nos hemos reinventado para poder ofrecer los mejores servicios y cubrir tus necesidades.\",\"breadcrumb\":{\"@id\":\"https:\/\/vqserveis.com\/ca\/vq-serveis\/#breadcrumb\"},\"inLanguage\":\"es\",\"potentialAction\":[{\"@type\":\"ReadAction\",\"target\":[\"https:\/\/vqserveis.com\/ca\/vq-serveis\/\"]}]},{\"@type\":\"BreadcrumbList\",\"@id\":\"https:\/\/vqserveis.com\/ca\/vq-serveis\/#breadcrumb\",\"itemListElement\":[{\"@type\":\"ListItem\",\"position\":1,\"name\":\"Portada\",\"item\":\"https:\/\/vqserveis.com\/es\/\"},{\"@type\":\"ListItem\",\"position\":2,\"name\":\"VQ Serveis\"}]},{\"@type\":\"WebSite\",\"@id\":\"https:\/\/vqserveis.com\/ca\/#website\",\"url\":\"https:\/\/vqserveis.com\/ca\/\",\"name\":\"VQ Serveis\",\"description\":\"\",\"publisher\":{\"@id\":\"https:\/\/vqserveis.com\/ca\/#organization\"},\"potentialAction\":[{\"@type\":\"SearchAction\",\"target\":{\"@type\":\"EntryPoint\",\"urlTemplate\":\"https:\/\/vqserveis.com\/ca\/?s={search_term_string}\"},\"query-input\":\"required name=search_term_string\"}],\"inLanguage\":\"es\"},{\"@type\":\"Organization\",\"@id\":\"https:\/\/vqserveis.com\/ca\/#organization\",\"name\":\"VQ Serveis\",\"url\":\"https:\/\/vqserveis.com\/ca\/\",\"logo\":{\"@type\":\"ImageObject\",\"inLanguage\":\"es\",\"@id\":\"https:\/\/vqserveis.com\/ca\/#\/schema\/logo\/image\/\",\"url\":\"https:\/\/vqserveis.com\/wp-content\/uploads\/2021\/06\/cropped-vq_brillo.gif\",\"contentUrl\":\"https:\/\/vqserveis.com\/wp-content\/uploads\/2021\/06\/cropped-vq_brillo.gif\",\"width\":780,\"height\":360,\"caption\":\"VQ Serveis\"},\"image\":{\"@id\":\"https:\/\/vqserveis.com\/ca\/#\/schema\/logo\/image\/\"}}]}<\/script>\n<!-- \/ Yoast SEO plugin. -->","yoast_head_json":{"title":"VQ Serveis - Expertos en limpieza","description":"VQ Serveis con m\u00e1s de 20 a\u00f1os de trayectoria, nos hemos reinventado para poder ofrecer los mejores servicios y cubrir tus necesidades.","robots":{"index":"index","follow":"follow","max-snippet":"max-snippet:-1","max-image-preview":"max-image-preview:large","max-video-preview":"max-video-preview:-1"},"canonical":"https:\/\/vqserveis.com\/ca\/vq-serveis\/","og_locale":"es_ES","og_type":"article","og_title":"VQ Serveis - Expertos en limpieza","og_description":"VQ Serveis con m\u00e1s de 20 a\u00f1os de trayectoria, nos hemos reinventado para poder ofrecer los mejores servicios y cubrir tus necesidades.","og_url":"https:\/\/vqserveis.com\/ca\/vq-serveis\/","og_site_name":"VQ Serveis","article_modified_time":"2022-02-25T11:24:17+00:00","og_image":[{"url":"https:\/\/vqserveis.com\/wp-content\/uploads\/2021\/06\/app-vqcontrol-1-782x1024.jpg"}],"twitter_card":"summary_large_image","twitter_misc":{"Tiempo de lectura":"3 minutos"},"schema":{"@context":"https:\/\/schema.org","@graph":[{"@type":"WebPage","@id":"https:\/\/vqserveis.com\/ca\/vq-serveis\/","url":"https:\/\/vqserveis.com\/ca\/vq-serveis\/","name":"VQ Serveis - Expertos en limpieza","isPartOf":{"@id":"https:\/\/vqserveis.com\/ca\/#website"},"datePublished":"2021-06-28T13:15:07+00:00","dateModified":"2022-02-25T11:24:17+00:00","description":"VQ Serveis con m\u00e1s de 20 a\u00f1os de trayectoria, nos hemos reinventado para poder ofrecer los mejores servicios y cubrir tus necesidades.","breadcrumb":{"@id":"https:\/\/vqserveis.com\/ca\/vq-serveis\/#breadcrumb"},"inLanguage":"es","potentialAction":[{"@type":"ReadAction","target":["https:\/\/vqserveis.com\/ca\/vq-serveis\/"]}]},{"@type":"BreadcrumbList","@id":"https:\/\/vqserveis.com\/ca\/vq-serveis\/#breadcrumb","itemListElement":[{"@type":"ListItem","position":1,"name":"Portada","item":"https:\/\/vqserveis.com\/es\/"},{"@type":"ListItem","position":2,"name":"VQ Serveis"}]},{"@type":"WebSite","@id":"https:\/\/vqserveis.com\/ca\/#website","url":"https:\/\/vqserveis.com\/ca\/","name":"VQ Serveis","description":"","publisher":{"@id":"https:\/\/vqserveis.com\/ca\/#organization"},"potentialAction":[{"@type":"SearchAction","target":{"@type":"EntryPoint","urlTemplate":"https:\/\/vqserveis.com\/ca\/?s={search_term_string}"},"query-input":"required name=search_term_string"}],"inLanguage":"es"},{"@type":"Organization","@id":"https:\/\/vqserveis.com\/ca\/#organization","name":"VQ Serveis","url":"https:\/\/vqserveis.com\/ca\/","logo":{"@type":"ImageObject","inLanguage":"es","@id":"https:\/\/vqserveis.com\/ca\/#\/schema\/logo\/image\/","url":"https:\/\/vqserveis.com\/wp-content\/uploads\/2021\/06\/cropped-vq_brillo.gif","contentUrl":"https:\/\/vqserveis.com\/wp-content\/uploads\/2021\/06\/cropped-vq_brillo.gif","width":780,"height":360,"caption":"VQ Serveis"},"image":{"@id":"https:\/\/vqserveis.com\/ca\/#\/schema\/logo\/image\/"}}]}},"_links":{"self":[{"href":"https:\/\/vqserveis.com\/es\/wp-json\/wp\/v2\/pages\/1671","targetHints":{"allow":["GET"]}}],"collection":[{"href":"https:\/\/vqserveis.com\/es\/wp-json\/wp\/v2\/pages"}],"about":[{"href":"https:\/\/vqserveis.com\/es\/wp-json\/wp\/v2\/types\/page"}],"author":[{"embeddable":true,"href":"https:\/\/vqserveis.com\/es\/wp-json\/wp\/v2\/users\/1"}],"replies":[{"embeddable":true,"href":"https:\/\/vqserveis.com\/es\/wp-json\/wp\/v2\/comments?post=1671"}],"version-history":[{"count":15,"href":"https:\/\/vqserveis.com\/es\/wp-json\/wp\/v2\/pages\/1671\/revisions"}],"predecessor-version":[{"id":2203,"href":"https:\/\/vqserveis.com\/es\/wp-json\/wp\/v2\/pages\/1671\/revisions\/2203"}],"wp:attachment":[{"href":"https:\/\/vqserveis.com\/es\/wp-json\/wp\/v2\/media?parent=1671"}],"curies":[{"name":"wp","href":"https:\/\/api.w.org\/{rel}","templated":true}]}}