{"id":2207,"date":"2022-02-25T11:38:02","date_gmt":"2022-02-25T11:38:02","guid":{"rendered":"https:\/\/vqserveis.com\/llaves-en-mano\/"},"modified":"2022-02-28T08:06:36","modified_gmt":"2022-02-28T08:06:36","slug":"llaves-en-mano","status":"publish","type":"page","link":"https:\/\/vqserveis.com\/es\/llaves-en-mano\/","title":{"rendered":"LLAVES EN MANO"},"content":{"rendered":"\t\t<div data-elementor-type=\"wp-page\" data-elementor-id=\"2207\" class=\"elementor elementor-2207 elementor-2164\">\n\t\t\t\t\t\t\t\t\t<section class=\"elementor-section elementor-top-section elementor-element elementor-element-129dedc7 elementor-section-height-min-height elementor-section-full_width elementor-section-height-default elementor-section-items-middle\" data-id=\"129dedc7\" data-element_type=\"section\" data-settings=\"{&quot;background_background&quot;:&quot;classic&quot;}\">\n\t\t\t\t\t\t\t<div class=\"elementor-background-overlay\"><\/div>\n\t\t\t\t\t\t\t<div class=\"elementor-container elementor-column-gap-default\">\n\t\t\t\t\t<div class=\"elementor-column elementor-col-100 elementor-top-column elementor-element elementor-element-422694f2\" data-id=\"422694f2\" data-element_type=\"column\">\n\t\t\t<div class=\"elementor-widget-wrap elementor-element-populated\">\n\t\t\t\t\t\t\t\t<div class=\"elementor-element elementor-element-366305 elementor-widget elementor-widget-heading\" data-id=\"366305\" data-element_type=\"widget\" data-widget_type=\"heading.default\">\n\t\t\t\t<div class=\"elementor-widget-container\">\n\t\t\t<h1 class=\"elementor-heading-title elementor-size-default\">SERVICIO DE <strong> LLAVES EN MANO <\/strong><\/h1>\t\t<\/div>\n\t\t\t\t<\/div>\n\t\t\t\t\t<\/div>\n\t\t<\/div>\n\t\t\t\t\t\t\t<\/div>\n\t\t<\/section>\n\t\t\t\t<section class=\"elementor-section elementor-top-section elementor-element elementor-element-53293128 elementor-section-boxed elementor-section-height-default elementor-section-height-default\" data-id=\"53293128\" data-element_type=\"section\">\n\t\t\t\t\t\t<div class=\"elementor-container elementor-column-gap-default\">\n\t\t\t\t\t<div class=\"elementor-column elementor-col-100 elementor-top-column elementor-element elementor-element-307d7905\" data-id=\"307d7905\" data-element_type=\"column\">\n\t\t\t<div class=\"elementor-widget-wrap elementor-element-populated\">\n\t\t\t\t\t\t\t\t<section class=\"elementor-section elementor-inner-section elementor-element elementor-element-58d2c9c8 elementor-section-boxed elementor-section-height-default elementor-section-height-default\" data-id=\"58d2c9c8\" data-element_type=\"section\">\n\t\t\t\t\t\t<div class=\"elementor-container elementor-column-gap-default\">\n\t\t\t\t\t<div class=\"elementor-column elementor-col-50 elementor-inner-column elementor-element elementor-element-7606abb\" data-id=\"7606abb\" data-element_type=\"column\">\n\t\t\t<div class=\"elementor-widget-wrap elementor-element-populated\">\n\t\t\t\t\t\t\t\t<div class=\"elementor-element elementor-element-707675ab elementor-widget elementor-widget-text-editor\" data-id=\"707675ab\" data-element_type=\"widget\" data-widget_type=\"text-editor.default\">\n\t\t\t\t<div class=\"elementor-widget-container\">\n\t\t\t\t\t\t\t<p><b>Servicio enfocado a propietarios de inmuebles de alquiler, inmobiliarias y administradores de fincas.<\/b><\/p><p><b>Cada vez que se produce un cambio de locatarios su inversi\u00f3n se paraliza<\/b><span style=\"font-weight: 400;\"> por motivo de la necesidad de adecuaci\u00f3n de los inmuebles antes de su reintroducci\u00f3n al mercado.<\/span><\/p><p><span style=\"font-weight: 400;\">A menudo, <\/span><b>muchos industriales est\u00e1n implicados en el proceso:<\/b><span style=\"font-weight: 400;\"> pintura, electricidad, fontaner\u00eda, vaciado de pisos, abrillantament de tierras, desinfecciones de mobiliario, limpieza integral, peque\u00f1as reparaciones&#8230;<\/span><\/p><p><span style=\"font-weight: 400;\">Nosotros le ofrecemos <\/span><b>un servicio integral<\/b><span style=\"font-weight: 400;\">, <\/span><b>realizamos todas las actuaciones requeridas mediante personal propio<\/b><span style=\"font-weight: 400;\"> y siguiendo un orden l\u00f3gico, <\/span><b>sin demoras, esperas ni reprogramaciones<\/b><span style=\"font-weight: 400;\">.<\/span><\/p><p><b>El tiempo es oro, <\/b><span style=\"font-weight: 400;\">si quiere rentabilizar al m\u00e1ximo sus inversiones<\/span><b> no dude al ponerse en contacto con nosotros.<\/b><\/p>\t\t\t\t\t\t<\/div>\n\t\t\t\t<\/div>\n\t\t\t\t\t<\/div>\n\t\t<\/div>\n\t\t\t\t<div class=\"elementor-column elementor-col-50 elementor-inner-column elementor-element elementor-element-256776e2\" data-id=\"256776e2\" data-element_type=\"column\">\n\t\t\t<div class=\"elementor-widget-wrap elementor-element-populated\">\n\t\t\t\t\t\t\t\t<div class=\"elementor-element elementor-element-5cb5b59d elementor-widget elementor-widget-image\" data-id=\"5cb5b59d\" data-element_type=\"widget\" data-widget_type=\"image.default\">\n\t\t\t\t<div class=\"elementor-widget-container\">\n\t\t\t\t\t\t\t\t\t\t\t\t\t\t\t<img loading=\"lazy\" decoding=\"async\" width=\"768\" height=\"576\" src=\"https:\/\/vqserveis.com\/wp-content\/uploads\/2022\/02\/new-floors-just-installed-in-the-empty-new-house-2021-08-30-15-12-06-utc-768x576.jpg\" class=\"attachment-medium_large size-medium_large wp-image-2169\" alt=\"vq-serveis-llaves-en-mano\" srcset=\"https:\/\/vqserveis.com\/wp-content\/uploads\/2022\/02\/new-floors-just-installed-in-the-empty-new-house-2021-08-30-15-12-06-utc-768x576.jpg 768w, https:\/\/vqserveis.com\/wp-content\/uploads\/2022\/02\/new-floors-just-installed-in-the-empty-new-house-2021-08-30-15-12-06-utc-300x225.jpg 300w, https:\/\/vqserveis.com\/wp-content\/uploads\/2022\/02\/new-floors-just-installed-in-the-empty-new-house-2021-08-30-15-12-06-utc-1024x768.jpg 1024w, https:\/\/vqserveis.com\/wp-content\/uploads\/2022\/02\/new-floors-just-installed-in-the-empty-new-house-2021-08-30-15-12-06-utc-1536x1152.jpg 1536w, https:\/\/vqserveis.com\/wp-content\/uploads\/2022\/02\/new-floors-just-installed-in-the-empty-new-house-2021-08-30-15-12-06-utc-2048x1536.jpg 2048w\" sizes=\"auto, (max-width: 768px) 100vw, 768px\" \/>\t\t\t\t\t\t\t\t\t\t\t\t\t\t\t<\/div>\n\t\t\t\t<\/div>\n\t\t\t\t\t<\/div>\n\t\t<\/div>\n\t\t\t\t\t\t\t<\/div>\n\t\t<\/section>\n\t\t\t\t\t<\/div>\n\t\t<\/div>\n\t\t\t\t\t\t\t<\/div>\n\t\t<\/section>\n\t\t\t\t<section class=\"elementor-section elementor-top-section elementor-element elementor-element-4844683c elementor-section-full_width elementor-section-height-min-height elementor-section-items-stretch elementor-section-height-default\" data-id=\"4844683c\" data-element_type=\"section\">\n\t\t\t\t\t\t<div class=\"elementor-container elementor-column-gap-default\">\n\t\t\t\t\t<div class=\"elementor-column elementor-col-100 elementor-top-column elementor-element elementor-element-47b994e4\" data-id=\"47b994e4\" data-element_type=\"column\" data-settings=\"{&quot;background_background&quot;:&quot;classic&quot;}\">\n\t\t\t<div class=\"elementor-widget-wrap elementor-element-populated\">\n\t\t\t\t\t\t\t\t<section class=\"elementor-section elementor-inner-section elementor-element elementor-element-1da8fe6f elementor-section-full_width elementor-reverse-tablet elementor-reverse-mobile elementor-section-height-default elementor-section-height-default\" data-id=\"1da8fe6f\" data-element_type=\"section\">\n\t\t\t\t\t\t<div class=\"elementor-container elementor-column-gap-default\">\n\t\t\t\t\t<div class=\"elementor-column elementor-col-100 elementor-inner-column elementor-element elementor-element-52b3b94a\" data-id=\"52b3b94a\" data-element_type=\"column\">\n\t\t\t<div class=\"elementor-widget-wrap elementor-element-populated\">\n\t\t\t\t\t\t\t\t<div class=\"elementor-element elementor-element-d81eec0 elementor-widget elementor-widget-heading\" data-id=\"d81eec0\" data-element_type=\"widget\" data-widget_type=\"heading.default\">\n\t\t\t\t<div class=\"elementor-widget-container\">\n\t\t\t<h2 class=\"elementor-heading-title elementor-size-default\">CONT\u00c1CTANOS Y TE HACEMOS UN PRESUPUESTO A MEDIDA!<\/h2>\t\t<\/div>\n\t\t\t\t<\/div>\n\t\t\t\t<div class=\"elementor-element elementor-element-5b20c310 elementor-widget elementor-widget-text-editor\" data-id=\"5b20c310\" data-element_type=\"widget\" data-widget_type=\"text-editor.default\">\n\t\t\t\t<div class=\"elementor-widget-container\">\n\t\t\t\t\t\t\t<p>No lo dudes, pide tu presupuesto <strong>sin ning\u00fan compromiso<\/strong>. Te responderemos en <strong>menos de 48h<\/strong> con un presupuesto ajustado a tus necesidades.<\/p>\r\n\t\t\t\t\t\t<\/div>\n\t\t\t\t<\/div>\n\t\t\t\t<div class=\"elementor-element elementor-element-29e5047c elementor-button-align-stretch elementor-widget elementor-widget-global elementor-global-2073 elementor-global-1206 elementor-widget-form\" data-id=\"29e5047c\" data-element_type=\"widget\" data-settings=\"{&quot;step_next_label&quot;:&quot;Next&quot;,&quot;step_previous_label&quot;:&quot;Previous&quot;,&quot;button_width&quot;:&quot;100&quot;,&quot;step_type&quot;:&quot;number_text&quot;,&quot;step_icon_shape&quot;:&quot;circle&quot;}\" data-widget_type=\"form.default\">\n\t\t\t\t<div class=\"elementor-widget-container\">\n\t\t\t\t\t<form class=\"elementor-form\" method=\"post\" name=\"Nuevo formulario\">\n\t\t\t<input type=\"hidden\" name=\"post_id\" value=\"2207\"\/>\n\t\t\t<input type=\"hidden\" name=\"form_id\" value=\"29e5047c\"\/>\n\t\t\t<input type=\"hidden\" name=\"referer_title\" value=\"VQ Serveis\" \/>\n\n\t\t\t\n\t\t\t<div class=\"elementor-form-fields-wrapper elementor-labels-above\">\n\t\t\t\t\t\t\t\t<div class=\"elementor-field-type-text elementor-field-group elementor-column elementor-field-group-name elementor-col-100 elementor-field-required elementor-mark-required\">\n\t\t\t\t\t\t\t\t\t\t\t\t<label for=\"form-field-name\" class=\"elementor-field-label\">\n\t\t\t\t\t\t\t\tNombre y apellidos\t\t\t\t\t\t\t<\/label>\n\t\t\t\t\t\t\t\t\t\t\t\t\t\t<input size=\"1\" type=\"text\" name=\"form_fields[name]\" id=\"form-field-name\" class=\"elementor-field elementor-size-sm  elementor-field-textual\" placeholder=\"...\" required=\"required\" aria-required=\"true\">\n\t\t\t\t\t\t\t\t\t\t\t<\/div>\n\t\t\t\t\t\t\t\t<div class=\"elementor-field-type-email elementor-field-group elementor-column elementor-field-group-email elementor-col-100 elementor-field-required elementor-mark-required\">\n\t\t\t\t\t\t\t\t\t\t\t\t<label for=\"form-field-email\" class=\"elementor-field-label\">\n\t\t\t\t\t\t\t\tCorreo electr\u00f3nico\t\t\t\t\t\t\t<\/label>\n\t\t\t\t\t\t\t\t\t\t\t\t\t\t<input size=\"1\" type=\"email\" name=\"form_fields[email]\" id=\"form-field-email\" class=\"elementor-field elementor-size-sm  elementor-field-textual\" placeholder=\"...\" required=\"required\" aria-required=\"true\">\n\t\t\t\t\t\t\t\t\t\t\t<\/div>\n\t\t\t\t\t\t\t\t<div class=\"elementor-field-type-tel elementor-field-group elementor-column elementor-field-group-field_ebf336e elementor-col-50 elementor-field-required elementor-mark-required\">\n\t\t\t\t\t\t\t\t\t\t\t\t<label for=\"form-field-field_ebf336e\" class=\"elementor-field-label\">\n\t\t\t\t\t\t\t\tTel\u00e9fono\t\t\t\t\t\t\t<\/label>\n\t\t\t\t\t\t\t\t<input size=\"1\" type=\"tel\" name=\"form_fields[field_ebf336e]\" id=\"form-field-field_ebf336e\" class=\"elementor-field elementor-size-sm  elementor-field-textual\" placeholder=\"...\" required=\"required\" aria-required=\"true\" pattern=\"[0-9()#&amp;+*-=.]+\" title=\"Solo se aceptan n\u00fameros y caracteres de tel\u00e9fono (#,-,*,etc).\">\n\n\t\t\t\t\t\t<\/div>\n\t\t\t\t\t\t\t\t<div class=\"elementor-field-type-text elementor-field-group elementor-column elementor-field-group-field_447203a elementor-col-50 elementor-field-required elementor-mark-required\">\n\t\t\t\t\t\t\t\t\t\t\t\t<label for=\"form-field-field_447203a\" class=\"elementor-field-label\">\n\t\t\t\t\t\t\t\tPoblaci\u00f3n\t\t\t\t\t\t\t<\/label>\n\t\t\t\t\t\t\t\t\t\t\t\t\t\t<input size=\"1\" type=\"text\" name=\"form_fields[field_447203a]\" id=\"form-field-field_447203a\" class=\"elementor-field elementor-size-sm  elementor-field-textual\" placeholder=\"...\" required=\"required\" aria-required=\"true\">\n\t\t\t\t\t\t\t\t\t\t\t<\/div>\n\t\t\t\t\t\t\t\t<div class=\"elementor-field-type-select elementor-field-group elementor-column elementor-field-group-field_f3055e1 elementor-col-100 elementor-field-required elementor-mark-required\">\n\t\t\t\t\t\t\t\t\t\t\t\t<label for=\"form-field-field_f3055e1\" class=\"elementor-field-label\">\n\t\t\t\t\t\t\t\tTipo de Servicio\t\t\t\t\t\t\t<\/label>\n\t\t\t\t\t\t\t\t<div class=\"elementor-field elementor-select-wrapper \">\n\t\t\t<select name=\"form_fields[field_f3055e1]\" id=\"form-field-field_f3055e1\" class=\"elementor-field-textual elementor-size-sm\" required=\"required\" aria-required=\"true\">\n\t\t\t\t\t\t\t\t\t<option value=\"Limpieza\">Limpieza<\/option>\n\t\t\t\t\t\t\t\t\t<option value=\"Jardiner\u00eda\">Jardiner\u00eda<\/option>\n\t\t\t\t\t\t\t\t\t<option value=\"Pintura\">Pintura<\/option>\n\t\t\t\t\t\t\t\t\t<option value=\"Obra Menor\">Obra Menor<\/option>\n\t\t\t\t\t\t\t\t\t<option value=\" INDUSTRIAL I OUTSOURCING\">INDUSTRIAL I OUTSOURCING <\/option>\n\t\t\t\t\t\t\t\t\t<option value=\"Otros\">Otros<\/option>\n\t\t\t\t\t\t\t<\/select>\n\t\t<\/div>\n\t\t\t\t\t\t<\/div>\n\t\t\t\t\t\t\t\t<div class=\"elementor-field-type-textarea elementor-field-group elementor-column elementor-field-group-message elementor-col-100 elementor-field-required elementor-mark-required\">\n\t\t\t\t\t\t\t\t\t\t\t\t<label for=\"form-field-message\" class=\"elementor-field-label\">\n\t\t\t\t\t\t\t\tDetalles del presupuesto\t\t\t\t\t\t\t<\/label>\n\t\t\t\t\t\t<textarea class=\"elementor-field-textual elementor-field  elementor-size-sm\" name=\"form_fields[message]\" id=\"form-field-message\" rows=\"4\" placeholder=\"...\" required=\"required\" aria-required=\"true\"><\/textarea>\t\t\t\t<\/div>\n\t\t\t\t\t\t\t\t<div class=\"elementor-field-type-acceptance elementor-field-group elementor-column elementor-field-group-field_cea9a48 elementor-col-100 elementor-field-required elementor-mark-required\">\n\t\t\t\t\t\t\t<div class=\"elementor-field-subgroup\">\n\t\t\t<span class=\"elementor-field-option\">\n\t\t\t\t<input type=\"checkbox\" name=\"form_fields[field_cea9a48]\" id=\"form-field-field_cea9a48\" class=\"elementor-field elementor-size-sm  elementor-acceptance-field\" required=\"required\" aria-required=\"true\">\n\t\t\t\t<label for=\"form-field-field_cea9a48\">He le\u00eddo y acepto la <a href=\"https:\/\/vqserveis.esuite.cat\/es\/politica-de-privacidad\/\"> pol\u00edtica de privacidad <\/a><\/label>\t\t\t<\/span>\n\t\t<\/div>\n\t\t\t\t\t\t<\/div>\n\t\t\t\t\t\t\t\t<div class=\"elementor-field-type-recaptcha_v3 elementor-field-group elementor-column elementor-field-group-field_0905324 elementor-col-100 recaptcha_v3-bottomright\">\n\t\t\t\t\t<div class=\"elementor-field\" id=\"form-field-field_0905324\"><div class=\"elementor-g-recaptcha\" data-sitekey=\"6Lc2CKsdAAAAAJfv0CaJ_b0akWWHVIHimSr3CAVU\" data-type=\"v3\" data-action=\"Form\" data-badge=\"bottomright\" data-size=\"invisible\"><\/div><\/div>\t\t\t\t<\/div>\n\t\t\t\t\t\t\t\t<div class=\"elementor-field-group elementor-column elementor-field-type-submit elementor-col-100 e-form__buttons\">\n\t\t\t\t\t<button type=\"submit\" class=\"elementor-button elementor-size-md\">\n\t\t\t\t\t\t<span >\n\t\t\t\t\t\t\t\t\t\t\t\t\t\t\t<span class=\"elementor-align-icon-left elementor-button-icon\">\n\t\t\t\t\t\t\t\t\t<i aria-hidden=\"true\" class=\"far fa-envelope-open\"><\/i>\t\t\t\t\t\t\t\t\t\t\t\t\t\t\t\t\t<\/span>\n\t\t\t\t\t\t\t\t\t\t\t\t\t\t\t\t\t\t\t\t\t\t<span class=\"elementor-button-text\">Solicitar presupuesto<\/span>\n\t\t\t\t\t\t\t\t\t\t\t\t\t<\/span>\n\t\t\t\t\t<\/button>\n\t\t\t\t<\/div>\n\t\t\t<\/div>\n\t\t<\/form>\n\t\t\t\t<\/div>\n\t\t\t\t<\/div>\n\t\t\t\t\t<\/div>\n\t\t<\/div>\n\t\t\t\t\t\t\t<\/div>\n\t\t<\/section>\n\t\t\t\t\t<\/div>\n\t\t<\/div>\n\t\t\t\t\t\t\t<\/div>\n\t\t<\/section>\n\t\t\t\t\t\t\t<\/div>\n\t\t","protected":false},"excerpt":{"rendered":"<p>SERVICIO DE LLAVES EN MANO Servicio enfocado a propietarios de inmuebles de alquiler, inmobiliarias y administradores de fincas. Cada vez que se produce un cambio de locatarios su inversi\u00f3n se paraliza por motivo de la necesidad de adecuaci\u00f3n de los inmuebles antes de su reintroducci\u00f3n al mercado. A menudo, muchos industriales est\u00e1n implicados en el [&hellip;]<\/p>\n","protected":false},"author":1,"featured_media":0,"parent":0,"menu_order":0,"comment_status":"closed","ping_status":"closed","template":"elementor_header_footer","meta":{"footnotes":""},"class_list":["post-2207","page","type-page","status-publish","hentry"],"yoast_head":"<!-- This site is optimized with the Yoast SEO plugin v21.1 - https:\/\/yoast.com\/wordpress\/plugins\/seo\/ -->\n<title>LLAVES EN MANO - VQ Serveis<\/title>\n<meta name=\"robots\" content=\"index, follow, max-snippet:-1, max-image-preview:large, max-video-preview:-1\" \/>\n<link rel=\"canonical\" href=\"https:\/\/vqserveis.com\/ca\/claus-en-ma\/\" \/>\n<meta property=\"og:locale\" content=\"es_ES\" \/>\n<meta property=\"og:type\" content=\"article\" \/>\n<meta property=\"og:title\" content=\"LLAVES EN MANO - VQ Serveis\" \/>\n<meta property=\"og:description\" content=\"SERVICIO DE LLAVES EN MANO Servicio enfocado a propietarios de inmuebles de alquiler, inmobiliarias y administradores de fincas. Cada vez que se produce un cambio de locatarios su inversi\u00f3n se paraliza por motivo de la necesidad de adecuaci\u00f3n de los inmuebles antes de su reintroducci\u00f3n al mercado. A menudo, muchos industriales est\u00e1n implicados en el [&hellip;]\" \/>\n<meta property=\"og:url\" content=\"https:\/\/vqserveis.com\/ca\/claus-en-ma\/\" \/>\n<meta property=\"og:site_name\" content=\"VQ Serveis\" \/>\n<meta property=\"article:modified_time\" content=\"2022-02-28T08:06:36+00:00\" \/>\n<meta property=\"og:image\" content=\"https:\/\/vqserveis.com\/wp-content\/uploads\/2022\/02\/new-floors-just-installed-in-the-empty-new-house-2021-08-30-15-12-06-utc-768x576.jpg\" \/>\n<meta name=\"twitter:card\" content=\"summary_large_image\" \/>\n<meta name=\"twitter:label1\" content=\"Tiempo de lectura\" \/>\n\t<meta name=\"twitter:data1\" content=\"1 minuto\" \/>\n<script type=\"application\/ld+json\" class=\"yoast-schema-graph\">{\"@context\":\"https:\/\/schema.org\",\"@graph\":[{\"@type\":\"WebPage\",\"@id\":\"https:\/\/vqserveis.com\/ca\/claus-en-ma\/\",\"url\":\"https:\/\/vqserveis.com\/ca\/claus-en-ma\/\",\"name\":\"LLAVES EN MANO - VQ Serveis\",\"isPartOf\":{\"@id\":\"https:\/\/vqserveis.com\/ca\/#website\"},\"datePublished\":\"2022-02-25T11:38:02+00:00\",\"dateModified\":\"2022-02-28T08:06:36+00:00\",\"breadcrumb\":{\"@id\":\"https:\/\/vqserveis.com\/ca\/claus-en-ma\/#breadcrumb\"},\"inLanguage\":\"es\",\"potentialAction\":[{\"@type\":\"ReadAction\",\"target\":[\"https:\/\/vqserveis.com\/ca\/claus-en-ma\/\"]}]},{\"@type\":\"BreadcrumbList\",\"@id\":\"https:\/\/vqserveis.com\/ca\/claus-en-ma\/#breadcrumb\",\"itemListElement\":[{\"@type\":\"ListItem\",\"position\":1,\"name\":\"Portada\",\"item\":\"https:\/\/vqserveis.com\/es\/\"},{\"@type\":\"ListItem\",\"position\":2,\"name\":\"LLAVES EN MANO\"}]},{\"@type\":\"WebSite\",\"@id\":\"https:\/\/vqserveis.com\/ca\/#website\",\"url\":\"https:\/\/vqserveis.com\/ca\/\",\"name\":\"VQ Serveis\",\"description\":\"\",\"publisher\":{\"@id\":\"https:\/\/vqserveis.com\/ca\/#organization\"},\"potentialAction\":[{\"@type\":\"SearchAction\",\"target\":{\"@type\":\"EntryPoint\",\"urlTemplate\":\"https:\/\/vqserveis.com\/ca\/?s={search_term_string}\"},\"query-input\":\"required name=search_term_string\"}],\"inLanguage\":\"es\"},{\"@type\":\"Organization\",\"@id\":\"https:\/\/vqserveis.com\/ca\/#organization\",\"name\":\"VQ Serveis\",\"url\":\"https:\/\/vqserveis.com\/ca\/\",\"logo\":{\"@type\":\"ImageObject\",\"inLanguage\":\"es\",\"@id\":\"https:\/\/vqserveis.com\/ca\/#\/schema\/logo\/image\/\",\"url\":\"https:\/\/vqserveis.com\/wp-content\/uploads\/2021\/06\/cropped-vq_brillo.gif\",\"contentUrl\":\"https:\/\/vqserveis.com\/wp-content\/uploads\/2021\/06\/cropped-vq_brillo.gif\",\"width\":780,\"height\":360,\"caption\":\"VQ Serveis\"},\"image\":{\"@id\":\"https:\/\/vqserveis.com\/ca\/#\/schema\/logo\/image\/\"}}]}<\/script>\n<!-- \/ Yoast SEO plugin. -->","yoast_head_json":{"title":"LLAVES EN MANO - VQ Serveis","robots":{"index":"index","follow":"follow","max-snippet":"max-snippet:-1","max-image-preview":"max-image-preview:large","max-video-preview":"max-video-preview:-1"},"canonical":"https:\/\/vqserveis.com\/ca\/claus-en-ma\/","og_locale":"es_ES","og_type":"article","og_title":"LLAVES EN MANO - VQ Serveis","og_description":"SERVICIO DE LLAVES EN MANO Servicio enfocado a propietarios de inmuebles de alquiler, inmobiliarias y administradores de fincas. Cada vez que se produce un cambio de locatarios su inversi\u00f3n se paraliza por motivo de la necesidad de adecuaci\u00f3n de los inmuebles antes de su reintroducci\u00f3n al mercado. A menudo, muchos industriales est\u00e1n implicados en el [&hellip;]","og_url":"https:\/\/vqserveis.com\/ca\/claus-en-ma\/","og_site_name":"VQ Serveis","article_modified_time":"2022-02-28T08:06:36+00:00","og_image":[{"url":"https:\/\/vqserveis.com\/wp-content\/uploads\/2022\/02\/new-floors-just-installed-in-the-empty-new-house-2021-08-30-15-12-06-utc-768x576.jpg"}],"twitter_card":"summary_large_image","twitter_misc":{"Tiempo de lectura":"1 minuto"},"schema":{"@context":"https:\/\/schema.org","@graph":[{"@type":"WebPage","@id":"https:\/\/vqserveis.com\/ca\/claus-en-ma\/","url":"https:\/\/vqserveis.com\/ca\/claus-en-ma\/","name":"LLAVES EN MANO - VQ Serveis","isPartOf":{"@id":"https:\/\/vqserveis.com\/ca\/#website"},"datePublished":"2022-02-25T11:38:02+00:00","dateModified":"2022-02-28T08:06:36+00:00","breadcrumb":{"@id":"https:\/\/vqserveis.com\/ca\/claus-en-ma\/#breadcrumb"},"inLanguage":"es","potentialAction":[{"@type":"ReadAction","target":["https:\/\/vqserveis.com\/ca\/claus-en-ma\/"]}]},{"@type":"BreadcrumbList","@id":"https:\/\/vqserveis.com\/ca\/claus-en-ma\/#breadcrumb","itemListElement":[{"@type":"ListItem","position":1,"name":"Portada","item":"https:\/\/vqserveis.com\/es\/"},{"@type":"ListItem","position":2,"name":"LLAVES EN MANO"}]},{"@type":"WebSite","@id":"https:\/\/vqserveis.com\/ca\/#website","url":"https:\/\/vqserveis.com\/ca\/","name":"VQ Serveis","description":"","publisher":{"@id":"https:\/\/vqserveis.com\/ca\/#organization"},"potentialAction":[{"@type":"SearchAction","target":{"@type":"EntryPoint","urlTemplate":"https:\/\/vqserveis.com\/ca\/?s={search_term_string}"},"query-input":"required name=search_term_string"}],"inLanguage":"es"},{"@type":"Organization","@id":"https:\/\/vqserveis.com\/ca\/#organization","name":"VQ Serveis","url":"https:\/\/vqserveis.com\/ca\/","logo":{"@type":"ImageObject","inLanguage":"es","@id":"https:\/\/vqserveis.com\/ca\/#\/schema\/logo\/image\/","url":"https:\/\/vqserveis.com\/wp-content\/uploads\/2021\/06\/cropped-vq_brillo.gif","contentUrl":"https:\/\/vqserveis.com\/wp-content\/uploads\/2021\/06\/cropped-vq_brillo.gif","width":780,"height":360,"caption":"VQ Serveis"},"image":{"@id":"https:\/\/vqserveis.com\/ca\/#\/schema\/logo\/image\/"}}]}},"_links":{"self":[{"href":"https:\/\/vqserveis.com\/es\/wp-json\/wp\/v2\/pages\/2207","targetHints":{"allow":["GET"]}}],"collection":[{"href":"https:\/\/vqserveis.com\/es\/wp-json\/wp\/v2\/pages"}],"about":[{"href":"https:\/\/vqserveis.com\/es\/wp-json\/wp\/v2\/types\/page"}],"author":[{"embeddable":true,"href":"https:\/\/vqserveis.com\/es\/wp-json\/wp\/v2\/users\/1"}],"replies":[{"embeddable":true,"href":"https:\/\/vqserveis.com\/es\/wp-json\/wp\/v2\/comments?post=2207"}],"version-history":[{"count":2,"href":"https:\/\/vqserveis.com\/es\/wp-json\/wp\/v2\/pages\/2207\/revisions"}],"predecessor-version":[{"id":2243,"href":"https:\/\/vqserveis.com\/es\/wp-json\/wp\/v2\/pages\/2207\/revisions\/2243"}],"wp:attachment":[{"href":"https:\/\/vqserveis.com\/es\/wp-json\/wp\/v2\/media?parent=2207"}],"curies":[{"name":"wp","href":"https:\/\/api.w.org\/{rel}","templated":true}]}}